{"id":42178,"date":"2023-02-23T10:55:31","date_gmt":"2023-02-23T03:55:31","guid":{"rendered":"https:\/\/mouldking.store\/shop\/cada-c61052w-farm-tractor-with-1675-pieces\/"},"modified":"2023-02-23T10:55:31","modified_gmt":"2023-02-23T03:55:31","slug":"cada-c61052w-farm-tractor-with-1675-pieces","status":"publish","type":"product","link":"https:\/\/mouldking.store\/hu\/shop\/cada-c61052w-farm-tractor-with-1675-pieces\/","title":{"rendered":"CaDa C61052W mez\u0151gazdas\u00e1gi traktor 1675 darabbal"},"content":{"rendered":"<div>\u2705 CaDa C61052W Farm Tractor<br \/>&nbsp;<br \/>\u2705A farm tractor is a type of vehicle used in agriculture to perform a variety of tasks related to farming and land management. These tasks may include tilling soil, planting crops, plowing fields, pulling agricultural equipment, and moving heavy loads.<br \/>&nbsp;<br \/>\ud83d\udeab FONTOS!&nbsp;<br \/>&nbsp;<br \/>Product Name: Farm Tractor<br \/>&nbsp;<br \/>Kateg\u00f3ria: M\u0171szaki<br \/>&nbsp;<br \/>This Kit Contains: CaDa C61052W&nbsp;<br \/>&nbsp;<br \/>1675 pcs Good Quality Bricks&nbsp;<br \/>&nbsp;<br \/>Size: 55 \u00d7 17 \u00d7 19.1 cm<br \/>&nbsp;<br \/>K\u00e9zi utas\u00edt\u00e1sok&nbsp;<br \/>&nbsp;<br \/>\ud83d\udcccA f\u0151szerepl\u0151 term\u00e9szete&nbsp;<br \/>&nbsp;<br \/>Introducing our proud collection named \u201cFarm Tractor\u201d you should not miss.&nbsp;<br \/>&nbsp;<br \/>Farm tractors are typically designed to be durable, versatile, and able to operate in a variety of weather and terrain conditions. They come in a wide range of sizes and horsepower ratings, with larger models typically used for heavy-duty tasks like plowing and harvesting.<\/div>","protected":false},"excerpt":{"rendered":"<p>M\u00e1rka: CaDa<br \/>\nNem: Uniszex<br \/>\nKoroszt\u00e1ly: 8 \u00e9v felett<br \/>\nModel Number: C61052W<br \/>\nBesorol\u00e1s: \u00d6sszeszerel\u00e9s<br \/>\nM\u0171anyag blokk forma: \u00f6nz\u00e1r\u00f3 t\u00e9gla<br \/>\nAnyaga: M\u0171anyag<br \/>\nM\u0171anyag t\u00edpus: ABS<br \/>\nBricks Blocks: 1675 +<br \/>\nWith Original Box<\/p>","protected":false},"featured_media":42170,"comment_status":"open","ping_status":"closed","template":"","meta":{"_acf_changed":false},"product_cat":[1357,364],"product_tag":[11068,389,11080,6245],"class_list":["product","first","instock","shipping-taxable","purchasable","product-type-simple"],"acf":[],"_links":{"self":[{"href":"https:\/\/mouldking.store\/hu\/wp-json\/wp\/v2\/product\/42178","targetHints":{"allow":["GET"]}}],"collection":[{"href":"https:\/\/mouldking.store\/hu\/wp-json\/wp\/v2\/product"}],"about":[{"href":"https:\/\/mouldking.store\/hu\/wp-json\/wp\/v2\/types\/product"}],"replies":[{"embeddable":true,"href":"https:\/\/mouldking.store\/hu\/wp-json\/wp\/v2\/comments?post=42178"}],"wp:featuredmedia":[{"embeddable":true,"href":"https:\/\/mouldking.store\/hu\/wp-json\/wp\/v2\/media\/42170"}],"wp:attachment":[{"href":"https:\/\/mouldking.store\/hu\/wp-json\/wp\/v2\/media?parent=42178"}],"wp:term":[{"taxonomy":"product_cat","embeddable":true,"href":"https:\/\/mouldking.store\/hu\/wp-json\/wp\/v2\/product_cat?post=42178"},{"taxonomy":"product_tag","embeddable":true,"href":"https:\/\/mouldking.store\/hu\/wp-json\/wp\/v2\/product_tag?post=42178"}],"curies":[{"name":"wp","href":"https:\/\/api.w.org\/{rel}","templated":true}]}}