{"id":42182,"date":"2023-02-23T11:18:01","date_gmt":"2023-02-23T04:18:01","guid":{"rendered":"https:\/\/mouldking.store\/shop\/moc-factory-129484-fell-beast-with-799-pieces\/"},"modified":"2025-12-16T22:25:15","modified_gmt":"2025-12-16T15:25:15","slug":"moc-factory-129484-fell-beast-with-799-pieces","status":"publish","type":"product","link":"https:\/\/mouldking.store\/hu\/shop\/moc-factory-129484-fell-beast-with-799-pieces\/","title":{"rendered":"MOC Factory 129484 Fell Beast with 799 Pieces"},"content":{"rendered":"<div>\u2705 MOC-129484 Fell Beast<\/p>\n<p>\u2705Fell Beasts are a type of fictional creature in J.R.R. Tolkien&#8217;s Middle-earth legendarium. They are giant, dragon-like creatures that serve as the mounts of the Nazgul, the dark riders who serve the dark lord Sauron.<\/p>\n<p>\ud83d\udeab FONTOS!<\/p>\n<p>Product Name: Fell Beast<\/p>\n<p>Kateg\u00f3ria: Film<\/p>\n<p>This Kit Contains: MOC-129484<\/p>\n<p>799 pcs Good Quality Bricks<\/p>\n<p>PDF \u00datmutat\u00f3<\/p>\n<p>\ud83d\udcccA f\u0151szerepl\u0151 term\u00e9szete<\/p>\n<p>Introducing our proud collection named \u201cFell Beast\u201d you should not miss.<\/p>\n<p>Fell Beasts are described as having large leathery wings and a long, snakelike neck. They are black in color and have piercing red eyes, and emit a foul odor. Their appearance is often compared to that of a dragon, but they do not have the ability to breathe fire.<\/p><\/div>","protected":false},"excerpt":{"rendered":"<p>M\u00e1rka: MOC Factory<br \/>\nNem: Uniszex<br \/>\nKoroszt\u00e1ly: &gt; 12 \u00e9ves<br \/>\nModel Number: 129484<br \/>\nBesorol\u00e1s: \u00d6sszeszerel\u00e9s<br \/>\nM\u0171anyag blokk forma: \u00f6nz\u00e1r\u00f3 t\u00e9gla<br \/>\nAnyaga: M\u0171anyag<br \/>\nM\u0171anyag t\u00edpus: ABS<br \/>\nBricks Blocks: 799 +<br \/>\nRendel\u00e9si id\u0151: 4-8 h\u00e9t<\/p>","protected":false},"featured_media":42181,"comment_status":"open","ping_status":"closed","template":"","meta":{"_acf_changed":false},"product_cat":[1365,581,1408],"product_tag":[7153,8452,11423,434,6169,4093],"class_list":["product","first","instock","shipping-taxable","purchasable","product-type-simple"],"acf":[],"_links":{"self":[{"href":"https:\/\/mouldking.store\/hu\/wp-json\/wp\/v2\/product\/42182","targetHints":{"allow":["GET"]}}],"collection":[{"href":"https:\/\/mouldking.store\/hu\/wp-json\/wp\/v2\/product"}],"about":[{"href":"https:\/\/mouldking.store\/hu\/wp-json\/wp\/v2\/types\/product"}],"replies":[{"embeddable":true,"href":"https:\/\/mouldking.store\/hu\/wp-json\/wp\/v2\/comments?post=42182"}],"wp:featuredmedia":[{"embeddable":true,"href":"https:\/\/mouldking.store\/hu\/wp-json\/wp\/v2\/media\/42181"}],"wp:attachment":[{"href":"https:\/\/mouldking.store\/hu\/wp-json\/wp\/v2\/media?parent=42182"}],"wp:term":[{"taxonomy":"product_cat","embeddable":true,"href":"https:\/\/mouldking.store\/hu\/wp-json\/wp\/v2\/product_cat?post=42182"},{"taxonomy":"product_tag","embeddable":true,"href":"https:\/\/mouldking.store\/hu\/wp-json\/wp\/v2\/product_tag?post=42182"}],"curies":[{"name":"wp","href":"https:\/\/api.w.org\/{rel}","templated":true}]}}