{"id":42185,"date":"2023-02-23T11:27:14","date_gmt":"2023-02-23T04:27:14","guid":{"rendered":"https:\/\/mouldking.store\/shop\/moc-factory-47176-satellite-earth-station-intersputnik-with-2952-pieces\/"},"modified":"2025-12-16T22:25:15","modified_gmt":"2025-12-16T15:25:15","slug":"moc-factory-47176-satellite-earth-station-intersputnik-with-2952-pieces","status":"publish","type":"product","link":"https:\/\/mouldking.store\/hu\/shop\/moc-factory-47176-satellite-earth-station-intersputnik-with-2952-pieces\/","title":{"rendered":"MOC Factory 47176 Intersputnik m\u0171holdas f\u00f6ldi \u00e1llom\u00e1s 2952 darabbal"},"content":{"rendered":"<div>\u2705 MOC-47176 Satellite Earth Station Intersputnik<\/p>\n<p>\u2705Intersputnik is an international satellite communications organization that was established by the former Soviet Union and other Eastern European countries in 1971. It operates a network of satellite earth stations and provides global satellite communication services to its member countries and other customers around the world.<\/p>\n<p>\ud83d\udeab FONTOS!<\/p>\n<p>Product Name: Satellite Earth Station Intersputnik<\/p>\n<p>Kateg\u00f3ria: \u0170r<\/p>\n<p>This Kit Contains:&nbsp; MOC-47176<\/p>\n<p>2952 pcs Good Quality Bricks<\/p>\n<p>PDF \u00datmutat\u00f3<\/p>\n<p>\ud83d\udcccA f\u0151szerepl\u0151 term\u00e9szete<\/p>\n<p>Introducing our proud collection named \u201cSatellite Earth Station Intersputnik\u201d you should not miss.<\/p>\n<p>An earth station is a complex of satellite communication equipment that receives and transmits satellite signals to and from orbiting satellites. Intersputnik operates a network of earth stations in member countries, including Russia, Belarus, Ukraine, and Kazakhstan, as well as other countries around the world. These earth stations provide a range of services, including voice, data, and video transmission, satellite broadcasting, and Internet access.<\/p><\/div>","protected":false},"excerpt":{"rendered":"<p>M\u00e1rka: MOC Factory<br \/>\nNem: Uniszex<br \/>\nKoroszt\u00e1ly: &gt; 12 \u00e9ves<br \/>\nModel Number: 47176<br \/>\nBesorol\u00e1s: \u00d6sszeszerel\u00e9s<br \/>\nM\u0171anyag blokk forma: \u00f6nz\u00e1r\u00f3 t\u00e9gla<br \/>\nAnyaga: M\u0171anyag<br \/>\nM\u0171anyag t\u00edpus: ABS<br \/>\nBricks Blocks: 2952 +<br \/>\nRendel\u00e9si id\u0151: 4-8 h\u00e9t<\/p>","protected":false},"featured_media":42183,"comment_status":"open","ping_status":"closed","template":"","meta":{"_acf_changed":false},"product_cat":[1357,6016,364],"product_tag":[4290,11425,11424,2276,10893,2309,389],"class_list":["product","first","instock","shipping-taxable","purchasable","product-type-simple"],"acf":[],"_links":{"self":[{"href":"https:\/\/mouldking.store\/hu\/wp-json\/wp\/v2\/product\/42185","targetHints":{"allow":["GET"]}}],"collection":[{"href":"https:\/\/mouldking.store\/hu\/wp-json\/wp\/v2\/product"}],"about":[{"href":"https:\/\/mouldking.store\/hu\/wp-json\/wp\/v2\/types\/product"}],"replies":[{"embeddable":true,"href":"https:\/\/mouldking.store\/hu\/wp-json\/wp\/v2\/comments?post=42185"}],"wp:featuredmedia":[{"embeddable":true,"href":"https:\/\/mouldking.store\/hu\/wp-json\/wp\/v2\/media\/42183"}],"wp:attachment":[{"href":"https:\/\/mouldking.store\/hu\/wp-json\/wp\/v2\/media?parent=42185"}],"wp:term":[{"taxonomy":"product_cat","embeddable":true,"href":"https:\/\/mouldking.store\/hu\/wp-json\/wp\/v2\/product_cat?post=42185"},{"taxonomy":"product_tag","embeddable":true,"href":"https:\/\/mouldking.store\/hu\/wp-json\/wp\/v2\/product_tag?post=42185"}],"curies":[{"name":"wp","href":"https:\/\/api.w.org\/{rel}","templated":true}]}}