{"id":42189,"date":"2023-02-23T11:36:05","date_gmt":"2023-02-23T04:36:05","guid":{"rendered":"https:\/\/mouldking.store\/shop\/moc-factory-124325-lotr-river-rock-landscape-with-1125-pieces\/"},"modified":"2025-12-16T22:25:15","modified_gmt":"2025-12-16T15:25:15","slug":"moc-factory-124325-lotr-river-rock-landscape-with-1125-pieces","status":"publish","type":"product","link":"https:\/\/mouldking.store\/hu\/shop\/moc-factory-124325-lotr-river-rock-landscape-with-1125-pieces\/","title":{"rendered":"MOC Factory 124325 LOTR River Rock t\u00e1j 1125 darabbal"},"content":{"rendered":"<div>\u2705 MOC-124325 LOTR River Rock Landscape<\/p>\n<p>\u2705The Lord of the Rings (LOTR) features many different landscapes and environments, one of which is the river rock landscape. This landscape is characterized by rocky riverbanks, fast-moving streams, and shallow pools. It is a common feature of the rivers and streams that flow through Middle-earth, the fictional world in which LOTR takes place.<\/p>\n<p>\ud83d\udeab FONTOS!<\/p>\n<p>Product Name: LOTR River Rock Landscape<\/p>\n<p>Kateg\u00f3ria: Film<\/p>\n<p>This Kit Contains: MOC-124325&nbsp;<\/p>\n<p>1125 pcs Good Quality Bricks<\/p>\n<p>PDF \u00datmutat\u00f3<\/p>\n<p>\ud83d\udcccA f\u0151szerepl\u0151 term\u00e9szete<\/p>\n<p>Introducing our proud collection named \u201cLOTR River Rock Landscape\u201d you should not miss.<\/p>\n<p>In the story, characters such as Frodo, Sam, and Gollum travel through the river rock landscape along the banks of the Anduin River. They encounter various dangers and obstacles, such as rapids, hidden rocks, and treacherous currents. The river rock landscape is also home to a variety of creatures, such as fish, waterfowl, and even giant spiders.<\/p><\/div>","protected":false},"excerpt":{"rendered":"<p>M\u00e1rka: MOC Factory<br \/>\nNem: Uniszex<br \/>\nKoroszt\u00e1ly: &gt; 12 \u00e9ves<br \/>\nModel Number: 124325<br \/>\nBesorol\u00e1s: \u00d6sszeszerel\u00e9s<br \/>\nM\u0171anyag blokk forma: \u00f6nz\u00e1r\u00f3 t\u00e9gla<br \/>\nAnyaga: M\u0171anyag<br \/>\nM\u0171anyag t\u00edpus: ABS<br \/>\nBricks Blocks: 1125 +<br \/>\nRendel\u00e9si id\u0151: 4-8 h\u00e9t<\/p>","protected":false},"featured_media":42186,"comment_status":"open","ping_status":"closed","template":"","meta":{"_acf_changed":false},"product_cat":[1365,581,1408],"product_tag":[8452,11427,434,10343,11426,6169],"class_list":["product","first","instock","shipping-taxable","purchasable","product-type-simple"],"acf":[],"_links":{"self":[{"href":"https:\/\/mouldking.store\/hu\/wp-json\/wp\/v2\/product\/42189","targetHints":{"allow":["GET"]}}],"collection":[{"href":"https:\/\/mouldking.store\/hu\/wp-json\/wp\/v2\/product"}],"about":[{"href":"https:\/\/mouldking.store\/hu\/wp-json\/wp\/v2\/types\/product"}],"replies":[{"embeddable":true,"href":"https:\/\/mouldking.store\/hu\/wp-json\/wp\/v2\/comments?post=42189"}],"wp:featuredmedia":[{"embeddable":true,"href":"https:\/\/mouldking.store\/hu\/wp-json\/wp\/v2\/media\/42186"}],"wp:attachment":[{"href":"https:\/\/mouldking.store\/hu\/wp-json\/wp\/v2\/media?parent=42189"}],"wp:term":[{"taxonomy":"product_cat","embeddable":true,"href":"https:\/\/mouldking.store\/hu\/wp-json\/wp\/v2\/product_cat?post=42189"},{"taxonomy":"product_tag","embeddable":true,"href":"https:\/\/mouldking.store\/hu\/wp-json\/wp\/v2\/product_tag?post=42189"}],"curies":[{"name":"wp","href":"https:\/\/api.w.org\/{rel}","templated":true}]}}