{"id":42212,"date":"2023-02-27T11:21:08","date_gmt":"2023-02-27T04:21:08","guid":{"rendered":"https:\/\/mouldking.store\/shop\/moyu-my89101-bionic-flower-star-bear-guardian-flower-with-2321-pieces\/"},"modified":"2023-02-27T11:21:08","modified_gmt":"2023-02-27T04:21:08","slug":"moyu-my89101-bionic-flower-star-bear-guardian-flower-with-2321-pieces","status":"publish","type":"product","link":"https:\/\/mouldking.store\/hu\/shop\/moyu-my89101-bionic-flower-star-bear-guardian-flower-with-2321-pieces\/","title":{"rendered":"MOYU MY89101 Bionic Flower Star Bear Guardian Flower with 2321 Pieces"},"content":{"rendered":"<div>\u2705 MOYU MY89101 Bionic Flower Star Bear Guardian Flower<\/p>\n<p>\u2705The Bionic Flower Star Bear Guardian Flower belongs to the Valentine&#8217;s Day series of building block sets, and the entire set contains 2321 building block particles. First release in 2023.<\/p>\n<p>\ud83d\udeab FONTOS!<\/p>\n<p>Product Name: Bionic Flower Star Bear Guardian Flower<\/p>\n<p>Kateg\u00f3ria: Alkot\u00f3<\/p>\n<p>This Kit Contains: MOYU MY89101<\/p>\n<p>2321 pcs Good Quality Bricks<\/p>\n<p>Size: 31.8 \u00d7 14.7 \u00d7 36.2 cm<\/p>\n<p>K\u00e9zi utas\u00edt\u00e1sok<\/p>\n<p>\ud83d\udcccA f\u0151szerepl\u0151 term\u00e9szete<\/p>\n<p>Introducing our proud collection named \u201cBionic Flower Star Bear Guardian Flower\u201d you should not miss.<\/p>\n<p>With the first release of the Valentine&#8217;s Day series, you can create a flowery and elegant bear with auspicious abilities. It is recommended for children aged above 8 years old. It is easy to use, provided you understand how to assemble building blocks.<\/p><\/div>","protected":false},"excerpt":{"rendered":"<p>Brand: MOYU<br \/>\nNem: Uniszex<br \/>\nKoroszt\u00e1ly: 8 \u00e9v felett<br \/>\nModel Number: MY89101<br \/>\nBesorol\u00e1s: \u00d6sszeszerel\u00e9s<br \/>\nM\u0171anyag blokk forma: \u00f6nz\u00e1r\u00f3 t\u00e9gla<br \/>\nAnyaga: M\u0171anyag<br \/>\nM\u0171anyag t\u00edpus: ABS<br \/>\nBricks Blocks: 2321 +<br \/>\nDoboz n\u00e9lk\u00fcl<\/p>","protected":false},"featured_media":42209,"comment_status":"open","ping_status":"closed","template":"","meta":{"_acf_changed":false},"product_cat":[1365,371,415],"product_tag":[2271,11428,11072,8452,11106,11429,673],"class_list":["product","first","instock","shipping-taxable","purchasable","product-type-simple"],"acf":[],"_links":{"self":[{"href":"https:\/\/mouldking.store\/hu\/wp-json\/wp\/v2\/product\/42212","targetHints":{"allow":["GET"]}}],"collection":[{"href":"https:\/\/mouldking.store\/hu\/wp-json\/wp\/v2\/product"}],"about":[{"href":"https:\/\/mouldking.store\/hu\/wp-json\/wp\/v2\/types\/product"}],"replies":[{"embeddable":true,"href":"https:\/\/mouldking.store\/hu\/wp-json\/wp\/v2\/comments?post=42212"}],"wp:featuredmedia":[{"embeddable":true,"href":"https:\/\/mouldking.store\/hu\/wp-json\/wp\/v2\/media\/42209"}],"wp:attachment":[{"href":"https:\/\/mouldking.store\/hu\/wp-json\/wp\/v2\/media?parent=42212"}],"wp:term":[{"taxonomy":"product_cat","embeddable":true,"href":"https:\/\/mouldking.store\/hu\/wp-json\/wp\/v2\/product_cat?post=42212"},{"taxonomy":"product_tag","embeddable":true,"href":"https:\/\/mouldking.store\/hu\/wp-json\/wp\/v2\/product_tag?post=42212"}],"curies":[{"name":"wp","href":"https:\/\/api.w.org\/{rel}","templated":true}]}}