{"id":42218,"date":"2023-02-27T11:31:41","date_gmt":"2023-02-27T04:31:41","guid":{"rendered":"https:\/\/mouldking.store\/shop\/qizhile-qizhile-90025-violin-with-1000-pieces\/"},"modified":"2023-02-27T11:31:41","modified_gmt":"2023-02-27T04:31:41","slug":"qizhile-qizhile-90025-violin-with-1000-pieces","status":"publish","type":"product","link":"https:\/\/mouldking.store\/hu\/shop\/qizhile-qizhile-90025-violin-with-1000-pieces\/","title":{"rendered":"QIZHILE QiZhiLe 90025 Violin with 1000 Pieces"},"content":{"rendered":"<div>\u2705 QiZhiLe 90025 Violin &nbsp;<br \/>&nbsp;<br \/>\u2705A violin is a stringed musical instrument that is played with a bow. It is made of wood and has four strings that are tuned in fifths (G, D, A, and E). The strings are stretched over a hollow wooden body, which is shaped like an hourglass and has two sound holes on either side of the strings.<br \/>&nbsp;<br \/>\ud83d\udeab FONTOS!&nbsp;<br \/>&nbsp;<br \/>Product Name: Violin &nbsp;<br \/>&nbsp;<br \/>Kateg\u00f3ria: Alkot\u00f3&nbsp;<br \/>&nbsp;<br \/>This Kit Contains: QiZhiLe 90025<br \/>&nbsp;<br \/>1000 pcs Good Quality Bricks&nbsp;<br \/>&nbsp;<br \/>K\u00e9zi utas\u00edt\u00e1sok&nbsp;<br \/>&nbsp;<br \/>\ud83d\udcccA f\u0151szerepl\u0151 term\u00e9szete&nbsp;<br \/>&nbsp;<br \/>Introducing our proud collection named \u201cViolin \u201d you should not miss.&nbsp;<br \/>&nbsp;<br \/>The player holds the violin under their chin and uses their left hand to press down on the strings on the fingerboard, while their right hand holds the bow and draws it across the strings to produce sound. The sound produced by the violin is often described as warm, rich, and expressive, and it is used in a wide variety of musical genres, from classical to folk to popular music.<\/div>","protected":false},"excerpt":{"rendered":"<p>Brand: QIZHILE<br \/>\nNem: Uniszex<br \/>\nKorhat\u00e1r: 14 \u00e9v felett<br \/>\nModel Number: QiZhiLe 90025<br \/>\nBesorol\u00e1s: \u00d6sszeszerel\u00e9s<br \/>\nM\u0171anyag blokk forma: \u00f6nz\u00e1r\u00f3 t\u00e9gla<br \/>\nAnyaga: M\u0171anyag<br \/>\nM\u0171anyag t\u00edpus: ABS<br \/>\nBricks Blocks: 1000 +<br \/>\nA darabok v\u00e1ltozhatnak<\/p>","protected":false},"featured_media":42213,"comment_status":"open","ping_status":"closed","template":"","meta":{"_acf_changed":false},"product_cat":[1365,371],"product_tag":[11072,8452,3364],"class_list":["product","first","instock","shipping-taxable","purchasable","product-type-simple"],"acf":[],"_links":{"self":[{"href":"https:\/\/mouldking.store\/hu\/wp-json\/wp\/v2\/product\/42218","targetHints":{"allow":["GET"]}}],"collection":[{"href":"https:\/\/mouldking.store\/hu\/wp-json\/wp\/v2\/product"}],"about":[{"href":"https:\/\/mouldking.store\/hu\/wp-json\/wp\/v2\/types\/product"}],"replies":[{"embeddable":true,"href":"https:\/\/mouldking.store\/hu\/wp-json\/wp\/v2\/comments?post=42218"}],"wp:featuredmedia":[{"embeddable":true,"href":"https:\/\/mouldking.store\/hu\/wp-json\/wp\/v2\/media\/42213"}],"wp:attachment":[{"href":"https:\/\/mouldking.store\/hu\/wp-json\/wp\/v2\/media?parent=42218"}],"wp:term":[{"taxonomy":"product_cat","embeddable":true,"href":"https:\/\/mouldking.store\/hu\/wp-json\/wp\/v2\/product_cat?post=42218"},{"taxonomy":"product_tag","embeddable":true,"href":"https:\/\/mouldking.store\/hu\/wp-json\/wp\/v2\/product_tag?post=42218"}],"curies":[{"name":"wp","href":"https:\/\/api.w.org\/{rel}","templated":true}]}}