{"id":42231,"date":"2023-02-27T11:49:39","date_gmt":"2023-02-27T04:49:39","guid":{"rendered":"https:\/\/mouldking.store\/shop\/mould-king-10028-doge-charger-car-with-1439-pieces\/"},"modified":"2023-02-27T11:49:39","modified_gmt":"2023-02-27T04:49:39","slug":"mould-king-10028-doge-charger-car-with-1439-pieces","status":"publish","type":"product","link":"https:\/\/mouldking.store\/hu\/shop\/mould-king-10028-doge-charger-car-with-1439-pieces\/","title":{"rendered":"MOLD KING 10028 Doge t\u00f6lt\u0151aut\u00f3 1439 darabbal"},"content":{"rendered":"<div>\u2705 Mold King 10028 Doge Charger Car&nbsp;<br \/>&nbsp;<br \/>\u2705A Dodge Charger egy n\u00e9gyajt\u00f3s izomaut\u00f3, amelyet az amerikai Dodge aut\u00f3gy\u00e1r gy\u00e1rt. 1966 \u00f3ta gy\u00e1rtj\u00e1k, \u00e9s jelenleg a hetedik gener\u00e1ci\u00f3n\u00e1l tart, amelyet 2011-ben mutattak be. A Charger er\u0151s motorjair\u00f3l, mer\u00e9sz st\u00edlus\u00e1r\u00f3l \u00e9s nagy teljes\u00edtm\u00e9ny\u0171 k\u00e9pess\u00e9geir\u0151l ismert.<br \/>&nbsp;<br \/>\ud83d\udeab FONTOS!&nbsp;<br \/>&nbsp;<br \/>Term\u00e9k neve: Doge Charger Car&nbsp;<br \/>&nbsp;<br \/>Kateg\u00f3ria: M\u0171szaki<br \/>&nbsp;<br \/>A k\u00e9szlet tartalma: Mold King 10028&nbsp;<br \/>&nbsp;<br \/>1439 db J\u00f3 min\u0151s\u00e9g\u0171 t\u00e9gla&nbsp;<br \/>&nbsp;<br \/>M\u00e9rete: 32 x 14,6 x 9 cm<br \/>&nbsp;<br \/>K\u00e9zi utas\u00edt\u00e1sok&nbsp;<br \/>&nbsp;<br \/>\ud83d\udcccA f\u0151szerepl\u0151 term\u00e9szete&nbsp;<br \/>&nbsp;<br \/>Bemutatjuk a \u201eDoge Charger Car\u201d nev\u0171 b\u00fcszke kollekci\u00f3nkat, amelyet nem szabad kihagyni.&nbsp;<br \/>&nbsp;<br \/>A Dodge Chargert ma is n\u00e9gyajt\u00f3s szed\u00e1nk\u00e9nt gy\u00e1rtj\u00e1k, sz\u00e1mos motorv\u00e1laszt\u00e9kkal, bele\u00e9rtve a 3,6 literes V6-ost, az 5,7 literes Hemi V8-ast, a 6,4 literes V8-ast \u00e9s a felt\u00f6lt\u00f6tt 6,2 literes V8-ast, 797 l\u00f3er\u0151ig a Charger SRT Hellcat Redeye-ben. A Charger tov\u00e1bbra is n\u00e9pszer\u0171 v\u00e1laszt\u00e1s azok sz\u00e1m\u00e1ra, akik er\u0151teljes \u00e9s st\u00edlusos aut\u00f3ra v\u00e1gynak, sok hozz\u00e1\u00e1ll\u00e1ssal.<\/div>","protected":false},"excerpt":{"rendered":"<p>M\u00e1rka: MOLD KING<br \/>\nNem: Uniszex<br \/>\nKorhat\u00e1r: 14 \u00e9v felett<br \/>\nModellsz\u00e1m: 10028<br \/>\nBesorol\u00e1s: \u00d6sszeszerel\u00e9s<br \/>\nM\u0171anyag blokk forma: \u00f6nz\u00e1r\u00f3 t\u00e9gla<br \/>\nAnyaga: M\u0171anyag<br \/>\nM\u0171anyag t\u00edpus: ABS<br \/>\nT\u00e9gla blokkok: 1439 +<br \/>\nNincs doboz<\/p>","protected":false},"featured_media":42225,"comment_status":"open","ping_status":"closed","template":"","meta":{"_acf_changed":false},"product_cat":[1360,1357,364],"product_tag":[457,11154,389,11080],"class_list":["product","first","instock","shipping-taxable","purchasable","product-type-simple"],"acf":[],"_links":{"self":[{"href":"https:\/\/mouldking.store\/hu\/wp-json\/wp\/v2\/product\/42231","targetHints":{"allow":["GET"]}}],"collection":[{"href":"https:\/\/mouldking.store\/hu\/wp-json\/wp\/v2\/product"}],"about":[{"href":"https:\/\/mouldking.store\/hu\/wp-json\/wp\/v2\/types\/product"}],"replies":[{"embeddable":true,"href":"https:\/\/mouldking.store\/hu\/wp-json\/wp\/v2\/comments?post=42231"}],"wp:featuredmedia":[{"embeddable":true,"href":"https:\/\/mouldking.store\/hu\/wp-json\/wp\/v2\/media\/42225"}],"wp:attachment":[{"href":"https:\/\/mouldking.store\/hu\/wp-json\/wp\/v2\/media?parent=42231"}],"wp:term":[{"taxonomy":"product_cat","embeddable":true,"href":"https:\/\/mouldking.store\/hu\/wp-json\/wp\/v2\/product_cat?post=42231"},{"taxonomy":"product_tag","embeddable":true,"href":"https:\/\/mouldking.store\/hu\/wp-json\/wp\/v2\/product_tag?post=42231"}],"curies":[{"name":"wp","href":"https:\/\/api.w.org\/{rel}","templated":true}]}}