{"id":42239,"date":"2023-02-27T12:03:11","date_gmt":"2023-02-27T05:03:11","guid":{"rendered":"https:\/\/mouldking.store\/shop\/gejia-6067-romantic-small-house-with-1166-pieces\/"},"modified":"2023-02-27T12:03:11","modified_gmt":"2023-02-27T05:03:11","slug":"gejia-6067-romantic-small-house-with-1166-pieces","status":"publish","type":"product","link":"https:\/\/mouldking.store\/hu\/shop\/gejia-6067-romantic-small-house-with-1166-pieces\/","title":{"rendered":"Gejia 6067 Romantic Small House with 1166 Pieces"},"content":{"rendered":"<div>\u2705 GEJIA 6067 Romantic Small House<br \/>&nbsp;<br \/>\u2705A romantic small house is a type of residential dwelling that is often characterized by its quaint and charming appearance. These houses are typically small in size, with a cozy and intimate atmosphere that is conducive to romantic living.<br \/>&nbsp;<br \/>\ud83d\udeab FONTOS!&nbsp;<br \/>&nbsp;<br \/>Product Name: Romantic Small House<br \/>&nbsp;<br \/>Kateg\u00f3ria: Alkot\u00f3&nbsp;<br \/>&nbsp;<br \/>This Kit Contains: GEJIA 6067<br \/>&nbsp;<br \/>1166 pcs Good Quality Bricks&nbsp;<br \/>&nbsp;<br \/>Size: 9.5 x 17.5cm<br \/>&nbsp;<br \/>K\u00e9zi utas\u00edt\u00e1sok&nbsp;<br \/>&nbsp;<br \/>\ud83d\udcccA f\u0151szerepl\u0151 term\u00e9szete&nbsp;<br \/>&nbsp;<br \/>Introducing our proud collection named \u201cRomantic Small House\u201d you should not miss.&nbsp;<br \/>&nbsp;<br \/>A romantic small house may have a variety of architectural styles, but common features include intricate detailing, decorative accents, and elements that evoke a sense of nostalgia or whimsy. Some examples of popular styles for romantic small houses include Victorian, cottage, bungalow, and Cape Cod.<\/div>","protected":false},"excerpt":{"rendered":"<p>Brand: Gejia<br \/>\nNem: Uniszex<br \/>\nKoroszt\u00e1ly: 8 \u00e9v felett<br \/>\nModel Number: 6067<br \/>\nBesorol\u00e1s: \u00d6sszeszerel\u00e9s<br \/>\nM\u0171anyag blokk forma: \u00f6nz\u00e1r\u00f3 t\u00e9gla<br \/>\nAnyaga: M\u0171anyag<br \/>\nM\u0171anyag t\u00edpus: ABS<br \/>\nBricks Blocks: 1166 +<br \/>\nF\u00e9nnyel<\/p>","protected":false},"featured_media":42234,"comment_status":"open","ping_status":"closed","template":"","meta":{"_acf_changed":false},"product_cat":[1365,371],"product_tag":[11072,8452,2318,7786],"class_list":["product","first","instock","shipping-taxable","purchasable","product-type-simple"],"acf":[],"_links":{"self":[{"href":"https:\/\/mouldking.store\/hu\/wp-json\/wp\/v2\/product\/42239","targetHints":{"allow":["GET"]}}],"collection":[{"href":"https:\/\/mouldking.store\/hu\/wp-json\/wp\/v2\/product"}],"about":[{"href":"https:\/\/mouldking.store\/hu\/wp-json\/wp\/v2\/types\/product"}],"replies":[{"embeddable":true,"href":"https:\/\/mouldking.store\/hu\/wp-json\/wp\/v2\/comments?post=42239"}],"wp:featuredmedia":[{"embeddable":true,"href":"https:\/\/mouldking.store\/hu\/wp-json\/wp\/v2\/media\/42234"}],"wp:attachment":[{"href":"https:\/\/mouldking.store\/hu\/wp-json\/wp\/v2\/media?parent=42239"}],"wp:term":[{"taxonomy":"product_cat","embeddable":true,"href":"https:\/\/mouldking.store\/hu\/wp-json\/wp\/v2\/product_cat?post=42239"},{"taxonomy":"product_tag","embeddable":true,"href":"https:\/\/mouldking.store\/hu\/wp-json\/wp\/v2\/product_tag?post=42239"}],"curies":[{"name":"wp","href":"https:\/\/api.w.org\/{rel}","templated":true}]}}