{"id":42245,"date":"2023-02-27T12:15:16","date_gmt":"2023-02-27T05:15:16","guid":{"rendered":"https:\/\/mouldking.store\/shop\/mould-king-17004-motor-control-tower-crane-with-1797-pieces\/"},"modified":"2023-02-27T12:15:16","modified_gmt":"2023-02-27T05:15:16","slug":"mould-king-17004-motor-control-tower-crane-with-1797-pieces","status":"publish","type":"product","link":"https:\/\/mouldking.store\/hu\/shop\/mould-king-17004-motor-control-tower-crane-with-1797-pieces\/","title":{"rendered":"MOLD KING 17004 motorvez\u00e9rl\u0151 toronydaru 1797 darabbal"},"content":{"rendered":"<div>\u2705 Mould King 17004 Motor Control Tower Crane<br \/>&nbsp;<br \/>\u2705A motor control tower crane is a type of crane that is used in construction and other heavy lifting applications. It is a large, tower-like structure that is typically mounted on a concrete foundation and rises above the construction site. The motor control tower crane is designed to lift and move heavy materials and equipment to different areas of the construction site.<br \/>&nbsp;<br \/>\ud83d\udeab FONTOS!&nbsp;<br \/>&nbsp;<br \/>Product Name: Motor Control Tower Crane<br \/>&nbsp;<br \/>Kateg\u00f3ria: M\u0171szaki<br \/>&nbsp;<br \/>This Kit Contains: ZHEGAO 00419&nbsp;<br \/>&nbsp;<br \/>1797 pcs Good Quality Bricks&nbsp;<br \/>&nbsp;<br \/>Size: 98.4 x 92.2 x 29.2 cm<br \/>&nbsp;<br \/>K\u00e9zi utas\u00edt\u00e1sok&nbsp;<br \/>&nbsp;<br \/>\ud83d\udcccA f\u0151szerepl\u0151 term\u00e9szete&nbsp;<br \/>&nbsp;<br \/>Introducing our proud collection named \u201c Motor Control Tower Crane\u201d you should not miss.&nbsp;<br \/>&nbsp;<br \/>The motor control tower crane consists of several components, including the tower itself, the jib arm, the counterweights, and the motor control system. The tower is usually made of steel and can be several stories tall. The jib arm extends from the top of the tower and can be several meters long. It is used to move materials horizontally across the construction site.<\/div>","protected":false},"excerpt":{"rendered":"<p>M\u00e1rka: MOLD KING<br \/>\nNem: Uniszex<br \/>\nKorhat\u00e1r: 14 \u00e9v felett<br \/>\nModel Number: 17004<br \/>\nBesorol\u00e1s: \u00d6sszeszerel\u00e9s<br \/>\nM\u0171anyag blokk forma: \u00f6nz\u00e1r\u00f3 t\u00e9gla<br \/>\nAnyaga: M\u0171anyag<br \/>\nM\u0171anyag t\u00edpus: ABS<br \/>\nBricks Blocks: 1797 +<br \/>\nNo Box<\/p>","protected":false},"featured_media":42241,"comment_status":"open","ping_status":"closed","template":"","meta":{"_acf_changed":false},"product_cat":[1357,364],"product_tag":[11367,5205,7815,389,11080,2302],"class_list":["product","first","instock","shipping-taxable","purchasable","product-type-simple"],"acf":[],"_links":{"self":[{"href":"https:\/\/mouldking.store\/hu\/wp-json\/wp\/v2\/product\/42245","targetHints":{"allow":["GET"]}}],"collection":[{"href":"https:\/\/mouldking.store\/hu\/wp-json\/wp\/v2\/product"}],"about":[{"href":"https:\/\/mouldking.store\/hu\/wp-json\/wp\/v2\/types\/product"}],"replies":[{"embeddable":true,"href":"https:\/\/mouldking.store\/hu\/wp-json\/wp\/v2\/comments?post=42245"}],"wp:featuredmedia":[{"embeddable":true,"href":"https:\/\/mouldking.store\/hu\/wp-json\/wp\/v2\/media\/42241"}],"wp:attachment":[{"href":"https:\/\/mouldking.store\/hu\/wp-json\/wp\/v2\/media?parent=42245"}],"wp:term":[{"taxonomy":"product_cat","embeddable":true,"href":"https:\/\/mouldking.store\/hu\/wp-json\/wp\/v2\/product_cat?post=42245"},{"taxonomy":"product_tag","embeddable":true,"href":"https:\/\/mouldking.store\/hu\/wp-json\/wp\/v2\/product_tag?post=42245"}],"curies":[{"name":"wp","href":"https:\/\/api.w.org\/{rel}","templated":true}]}}