{"id":42250,"date":"2023-02-27T12:24:19","date_gmt":"2023-02-27T05:24:19","guid":{"rendered":"https:\/\/mouldking.store\/shop\/mould-king-10039-ice-cream-truck-with-1078-pieces\/"},"modified":"2023-02-27T12:24:19","modified_gmt":"2023-02-27T05:24:19","slug":"mould-king-10039-ice-cream-truck-with-1078-pieces","status":"publish","type":"product","link":"https:\/\/mouldking.store\/hu\/shop\/mould-king-10039-ice-cream-truck-with-1078-pieces\/","title":{"rendered":"MOULD KING 10039 Ice Cream Truck with 1078 Pieces"},"content":{"rendered":"<div>\u2705 Mould King 10039 Ice Cream Truck<br \/>&nbsp;<br \/>\u2705An ice cream truck is a mobile food truck that sells ice cream, frozen treats, and snacks. It is a common sight in neighborhoods and parks during the summer months, when people are looking for a cool and refreshing treat.<br \/>&nbsp;<br \/>\ud83d\udeab FONTOS!&nbsp;<\/p>\n<p>Product Name: Ice Cream Truck<br \/>&nbsp;<br \/>Kateg\u00f3ria: M\u0171szaki&nbsp;<br \/>&nbsp;<br \/>This Kit Contains: Mould King 10039<br \/>&nbsp;<br \/>1078 db J\u00f3 min\u0151s\u00e9g\u0171 t\u00e9gla&nbsp;<br \/>&nbsp;<br \/>Size: 27.6 x 14.3 x 16.3 cm<br \/>&nbsp;<br \/>K\u00e9zi utas\u00edt\u00e1sok&nbsp;<br \/>&nbsp;<br \/>\ud83d\udcccA f\u0151szerepl\u0151 term\u00e9szete&nbsp;<br \/>&nbsp;<br \/>Introducing our proud collection named \u201c Ice Cream Truck\u201d you should not miss.&nbsp;<br \/>&nbsp;<br \/>Ice cream trucks typically have a large refrigeration unit in the back of the vehicle to keep the ice cream and other frozen treats at the right temperature. They may also have a generator or battery system to power the refrigeration unit, music player, and other equipment.<\/div>","protected":false},"excerpt":{"rendered":"<p>M\u00e1rka: MOLD KING<br \/>\nNem: Uniszex<br \/>\nKorhat\u00e1r: 14 \u00e9v felett<br \/>\nModel Number: 10039<br \/>\nBesorol\u00e1s: \u00d6sszeszerel\u00e9s<br \/>\nM\u0171anyag blokk forma: \u00f6nz\u00e1r\u00f3 t\u00e9gla<br \/>\nAnyaga: M\u0171anyag<br \/>\nM\u0171anyag t\u00edpus: ABS<br \/>\nT\u00e9gla blokkok: 1078 +<br \/>\nNincs doboz<\/p>","protected":false},"featured_media":42246,"comment_status":"open","ping_status":"closed","template":"","meta":{"_acf_changed":false},"product_cat":[1357,364],"product_tag":[8611,389,11080,11431],"class_list":["product","first","instock","shipping-taxable","purchasable","product-type-simple"],"acf":[],"_links":{"self":[{"href":"https:\/\/mouldking.store\/hu\/wp-json\/wp\/v2\/product\/42250","targetHints":{"allow":["GET"]}}],"collection":[{"href":"https:\/\/mouldking.store\/hu\/wp-json\/wp\/v2\/product"}],"about":[{"href":"https:\/\/mouldking.store\/hu\/wp-json\/wp\/v2\/types\/product"}],"replies":[{"embeddable":true,"href":"https:\/\/mouldking.store\/hu\/wp-json\/wp\/v2\/comments?post=42250"}],"wp:featuredmedia":[{"embeddable":true,"href":"https:\/\/mouldking.store\/hu\/wp-json\/wp\/v2\/media\/42246"}],"wp:attachment":[{"href":"https:\/\/mouldking.store\/hu\/wp-json\/wp\/v2\/media?parent=42250"}],"wp:term":[{"taxonomy":"product_cat","embeddable":true,"href":"https:\/\/mouldking.store\/hu\/wp-json\/wp\/v2\/product_cat?post=42250"},{"taxonomy":"product_tag","embeddable":true,"href":"https:\/\/mouldking.store\/hu\/wp-json\/wp\/v2\/product_tag?post=42250"}],"curies":[{"name":"wp","href":"https:\/\/api.w.org\/{rel}","templated":true}]}}