{"id":42267,"date":"2023-02-28T09:53:22","date_gmt":"2023-02-28T02:53:22","guid":{"rendered":"https:\/\/mouldking.store\/shop\/yourbricks-20005-bumblebee-with-566-pieces\/"},"modified":"2023-02-28T09:53:22","modified_gmt":"2023-02-28T02:53:22","slug":"yourbricks-20005-bumblebee-with-566-pieces","status":"publish","type":"product","link":"https:\/\/mouldking.store\/hu\/shop\/yourbricks-20005-bumblebee-with-566-pieces\/","title":{"rendered":"YOURBRICKS 20005 Bumblebee with 566 Pieces"},"content":{"rendered":"<div>\u2705 YOURBRICKS 20005 Bumblebee<br \/>&nbsp;<br \/>\u2705Bumblebee from YOURBRICKS 20005 is a building block toy set that allows you to construct a model of the popular Autobot character from the Transformers franchise, Bumblebee.<br \/>&nbsp;<br \/>\ud83d\udeab FONTOS!&nbsp;<br \/>&nbsp;<br \/>Product Name: Bumblebee<br \/>&nbsp;<br \/>Kateg\u00f3ria: Alkot\u00f3&nbsp;<br \/>&nbsp;<br \/>This Kit Contains: YOURBRICKS 20005<br \/>&nbsp;<br \/>566 pcs Good Quality Bricks&nbsp;<br \/>&nbsp;<br \/>Size: 25cm<br \/>&nbsp;<br \/>K\u00e9zi utas\u00edt\u00e1sok&nbsp;<br \/>&nbsp;<br \/>\ud83d\udcccA f\u0151szerepl\u0151 term\u00e9szete&nbsp;<br \/>&nbsp;<br \/>Introducing our proud collection named \u201cBumblebee\u201d you should not miss.&nbsp;<br \/>&nbsp;<br \/>The set is made up of numerous small plastic bricks that can be snapped together to form the final model. Bumblebee is depicted in his iconic yellow and black color scheme, with movable joints in his arms, legs, and head. The finished model stands about 10 cm tall and can be posed in a variety of positions.<\/div>","protected":false},"excerpt":{"rendered":"<p>Brand: YOURBRICKS<br \/>\nNem: Uniszex<br \/>\nKoroszt\u00e1ly: &gt; 6 \u00e9v<br \/>\nModel Number: 20005<br \/>\nBesorol\u00e1s: \u00d6sszeszerel\u00e9s<br \/>\nM\u0171anyag blokk forma: \u00f6nz\u00e1r\u00f3 t\u00e9gla<br \/>\nAnyaga: M\u0171anyag<br \/>\nM\u0171anyag t\u00edpus: ABS<br \/>\nBricks Blocks: 566 +<br \/>\nNincs doboz<\/p>","protected":false},"featured_media":42259,"comment_status":"open","ping_status":"closed","template":"","meta":{"_acf_changed":false},"product_cat":[1365,371],"product_tag":[6798,11072,8452,590],"class_list":["product","first","instock","shipping-taxable","purchasable","product-type-simple"],"acf":[],"_links":{"self":[{"href":"https:\/\/mouldking.store\/hu\/wp-json\/wp\/v2\/product\/42267","targetHints":{"allow":["GET"]}}],"collection":[{"href":"https:\/\/mouldking.store\/hu\/wp-json\/wp\/v2\/product"}],"about":[{"href":"https:\/\/mouldking.store\/hu\/wp-json\/wp\/v2\/types\/product"}],"replies":[{"embeddable":true,"href":"https:\/\/mouldking.store\/hu\/wp-json\/wp\/v2\/comments?post=42267"}],"wp:featuredmedia":[{"embeddable":true,"href":"https:\/\/mouldking.store\/hu\/wp-json\/wp\/v2\/media\/42259"}],"wp:attachment":[{"href":"https:\/\/mouldking.store\/hu\/wp-json\/wp\/v2\/media?parent=42267"}],"wp:term":[{"taxonomy":"product_cat","embeddable":true,"href":"https:\/\/mouldking.store\/hu\/wp-json\/wp\/v2\/product_cat?post=42267"},{"taxonomy":"product_tag","embeddable":true,"href":"https:\/\/mouldking.store\/hu\/wp-json\/wp\/v2\/product_tag?post=42267"}],"curies":[{"name":"wp","href":"https:\/\/api.w.org\/{rel}","templated":true}]}}