{"id":42304,"date":"2023-02-28T10:20:55","date_gmt":"2023-02-28T03:20:55","guid":{"rendered":"https:\/\/mouldking.store\/shop\/moc-factory-89466-hearthian-ship-with-778-pieces\/"},"modified":"2025-12-16T22:25:15","modified_gmt":"2025-12-16T15:25:15","slug":"moc-factory-89466-hearthian-ship-with-778-pieces","status":"publish","type":"product","link":"https:\/\/mouldking.store\/hu\/shop\/moc-factory-89466-hearthian-ship-with-778-pieces\/","title":{"rendered":"MOC Factory 89466 Hearthian haj\u00f3 778 darabbal"},"content":{"rendered":"<div>\u2705 MOC-89466 Hearthian Ship<\/p>\n<p>\u2705The Hearthian Ship is a spaceship featured in the video game &#8220;Outer Wilds,&#8221; developed by Mobius Digital and released in 2019.<\/p>\n<p>\ud83d\udeab FONTOS!<\/p>\n<p>Product Name: Hearthian Ship<\/p>\n<p>Kateg\u00f3ria: \u0170r<\/p>\n<p>This Kit Contains: C9266<\/p>\n<p>778 pcs Good Quality Bricks<\/p>\n<p>Size: 21.9 x 21.6 x 17.6 cm<\/p>\n<p>Weight: 0.76 kg<\/p>\n<p>PDF \u00datmutat\u00f3<\/p>\n<p>\ud83d\udcccA f\u0151szerepl\u0151 term\u00e9szete<\/p>\n<p>Introducing our proud collection named \u201cHearthian Ship\u201d you should not miss.<\/p>\n<p>In the game, the Hearthian Ship is a small spacecraft used by the player character, a member of an alien race known as the Hearthians, to explore the solar system and unravel the mysteries of a repeating time loop. The ship is equipped with a variety of instruments, including a translator tool, a camera, and a signal scope, which the player can use to gather information and solve puzzles.<\/p><\/div>","protected":false},"excerpt":{"rendered":"<p>M\u00e1rka: MOC Factory<br \/>\nNem: Uniszex<br \/>\nKoroszt\u00e1ly: &gt; 6 \u00e9v<br \/>\nModel Number: 89466<br \/>\nBesorol\u00e1s: \u00d6sszeszerel\u00e9s<br \/>\nM\u0171anyag blokk forma: \u00f6nz\u00e1r\u00f3 t\u00e9gla<br \/>\nAnyaga: M\u0171anyag<br \/>\nM\u0171anyag t\u00edpus: ABS<br \/>\nBricks Blocks: 778 +<br \/>\nNincs doboz<\/p>","protected":false},"featured_media":42293,"comment_status":"open","ping_status":"closed","template":"","meta":{"_acf_changed":false},"product_cat":[1357,6016,364],"product_tag":[304,2276,11433,389],"class_list":["product","first","instock","shipping-taxable","purchasable","product-type-simple"],"acf":[],"_links":{"self":[{"href":"https:\/\/mouldking.store\/hu\/wp-json\/wp\/v2\/product\/42304","targetHints":{"allow":["GET"]}}],"collection":[{"href":"https:\/\/mouldking.store\/hu\/wp-json\/wp\/v2\/product"}],"about":[{"href":"https:\/\/mouldking.store\/hu\/wp-json\/wp\/v2\/types\/product"}],"replies":[{"embeddable":true,"href":"https:\/\/mouldking.store\/hu\/wp-json\/wp\/v2\/comments?post=42304"}],"wp:featuredmedia":[{"embeddable":true,"href":"https:\/\/mouldking.store\/hu\/wp-json\/wp\/v2\/media\/42293"}],"wp:attachment":[{"href":"https:\/\/mouldking.store\/hu\/wp-json\/wp\/v2\/media?parent=42304"}],"wp:term":[{"taxonomy":"product_cat","embeddable":true,"href":"https:\/\/mouldking.store\/hu\/wp-json\/wp\/v2\/product_cat?post=42304"},{"taxonomy":"product_tag","embeddable":true,"href":"https:\/\/mouldking.store\/hu\/wp-json\/wp\/v2\/product_tag?post=42304"}],"curies":[{"name":"wp","href":"https:\/\/api.w.org\/{rel}","templated":true}]}}