{"id":42311,"date":"2023-02-28T10:31:26","date_gmt":"2023-02-28T03:31:26","guid":{"rendered":"https:\/\/mouldking.store\/shop\/moc-factory-130443-avatar-rda-helicopter-aerospatiale-sa-2-samson-with-931-pieces\/"},"modified":"2025-12-16T22:25:15","modified_gmt":"2025-12-16T15:25:15","slug":"moc-factory-130443-avatar-rda-helicopter-aerospatiale-sa-2-samson-with-931-pieces","status":"publish","type":"product","link":"https:\/\/mouldking.store\/hu\/shop\/moc-factory-130443-avatar-rda-helicopter-aerospatiale-sa-2-samson-with-931-pieces\/","title":{"rendered":"MOC Factory 130443 Avatar RDA helikopter Aerospatiale SA-2 Samson 931 darabbal"},"content":{"rendered":"<div>\u2705 MOC-130443 Avatar RDA Helikopter Aerospatiale SA-2 Samson&nbsp;<\/p>\n<p>\u2705Az Avatar RDA Helicopter Aerospatiale SA-2 Samson egy kital\u00e1lt helikopter, amely a 2009-es \u201eAvatar\u201d c\u00edm\u0171 sci-fi filmben szerepel, James Cameron rendez\u00e9s\u00e9ben.<\/p>\n<p>\ud83d\udeab FONTOS!<\/p>\n<p>Term\u00e9kn\u00e9v: Avatar RDA Helicopter Aerospatiale SA-2 Samson&nbsp;<\/p>\n<p>Kateg\u00f3ria: Film<\/p>\n<p>A k\u00e9szlet tartalma: C9279<\/p>\n<p>931 db J\u00f3 min\u0151s\u00e9g\u0171 t\u00e9gla<\/p>\n<p>M\u00e9rete: 48 x 32 x 10 cm<\/p>\n<p>S\u00faly: 0,93 kg<\/p>\n<p>PDF \u00datmutat\u00f3<\/p>\n<p>\ud83d\udcccA f\u0151szerepl\u0151 term\u00e9szete<\/p>\n<p>Bemutatjuk az \u201eAvatar RDA Helicopter Aerospatiale SA-2 Samson\u201d nev\u0171 b\u00fcszke kollekci\u00f3nkat, amelyet nem szabad kihagyni.<\/p>\n<p>Az SA-2 Samson jellegzetes diz\u00e1jnnal rendelkezik, iker rotorokkal a karcs\u00fa t\u00f6rzs tetej\u00e9re szerelve. A helikopter nagy rakom\u00e1ny sz\u00e1ll\u00edt\u00e1s\u00e1ra k\u00e9pes, bele\u00e9rtve a rakom\u00e1nykont\u00e9nereket \u00e9s neh\u00e9zg\u00e9peket, \u00e9s k\u00fcl\u00f6nf\u00e9le k\u00f6rnyezetben, p\u00e9ld\u00e1ul erd\u0151kben, hegyekben \u00e9s mocsarakban is m\u0171k\u00f6dhet. Fejlett \u00e9rz\u00e9kel\u0151kkel \u00e9s kommunik\u00e1ci\u00f3s berendez\u00e9sekkel is fel van szerelve, amelyek lehet\u0151v\u00e9 teszik, hogy eligazodjon Pandora alattomos terepen, \u00e9s kapcsolatban maradjon az RDA f\u00f6ldi csapataival.<\/p><\/div>","protected":false},"excerpt":{"rendered":"<p>M\u00e1rka: MOC Factory<br \/>\nNem: Uniszex<br \/>\nKoroszt\u00e1ly: 8 \u00e9v felett<br \/>\nModellsz\u00e1m: 130443<br \/>\nBesorol\u00e1s: \u00d6sszeszerel\u00e9s<br \/>\nM\u0171anyag blokk forma: \u00f6nz\u00e1r\u00f3 t\u00e9gla<br \/>\nAnyaga: M\u0171anyag<br \/>\nM\u0171anyag t\u00edpus: ABS<br \/>\nT\u00e9gla T\u00e9gla: 931+<br \/>\nNincs doboz<\/p>","protected":false},"featured_media":42305,"comment_status":"open","ping_status":"closed","template":"","meta":{"_acf_changed":false},"product_cat":[1350,1357,372,581,364,1408],"product_tag":[2913,9139,5298,374,434,389],"class_list":["product","first","instock","shipping-taxable","purchasable","product-type-simple"],"acf":[],"_links":{"self":[{"href":"https:\/\/mouldking.store\/hu\/wp-json\/wp\/v2\/product\/42311","targetHints":{"allow":["GET"]}}],"collection":[{"href":"https:\/\/mouldking.store\/hu\/wp-json\/wp\/v2\/product"}],"about":[{"href":"https:\/\/mouldking.store\/hu\/wp-json\/wp\/v2\/types\/product"}],"replies":[{"embeddable":true,"href":"https:\/\/mouldking.store\/hu\/wp-json\/wp\/v2\/comments?post=42311"}],"wp:featuredmedia":[{"embeddable":true,"href":"https:\/\/mouldking.store\/hu\/wp-json\/wp\/v2\/media\/42305"}],"wp:attachment":[{"href":"https:\/\/mouldking.store\/hu\/wp-json\/wp\/v2\/media?parent=42311"}],"wp:term":[{"taxonomy":"product_cat","embeddable":true,"href":"https:\/\/mouldking.store\/hu\/wp-json\/wp\/v2\/product_cat?post=42311"},{"taxonomy":"product_tag","embeddable":true,"href":"https:\/\/mouldking.store\/hu\/wp-json\/wp\/v2\/product_tag?post=42311"}],"curies":[{"name":"wp","href":"https:\/\/api.w.org\/{rel}","templated":true}]}}