{"id":42313,"date":"2023-02-28T10:54:52","date_gmt":"2023-02-28T03:54:52","guid":{"rendered":"https:\/\/mouldking.store\/shop\/moc-factory-89465-futuremen-cosmoliner-from-captain-future-with-1030-pieces\/"},"modified":"2025-12-16T22:25:15","modified_gmt":"2025-12-16T15:25:15","slug":"moc-factory-89465-futuremen-cosmoliner-from-captain-future-with-1030-pieces","status":"publish","type":"product","link":"https:\/\/mouldking.store\/hu\/shop\/moc-factory-89465-futuremen-cosmoliner-from-captain-future-with-1030-pieces\/","title":{"rendered":"MOC Factory 89465 Futuremen Cosmoliner a Captain Future-t\u0151l 1030 darabbal"},"content":{"rendered":"<div>\u2705 MOC-89465 Futuremen Cosmoliner a Captain Future-t\u0151l<\/p>\n<p>\u2705A Futuremen Cosmoliner egy kital\u00e1lt \u0171rhaj\u00f3 a \u201eCaptain Future\u201d c\u00edm\u0171 sci-fi sorozatb\u00f3l, amely el\u0151sz\u00f6r 1940-ben jelent meg.<\/p><\/div>\n<div>\ud83d\udeab FONTOS!<\/p>\n<p>Term\u00e9kn\u00e9v: Futuremen Cosmoliner a Future kapit\u00e1nyt\u00f3l<\/p>\n<p>Kateg\u00f3ria: \u0170r<\/p>\n<p>A k\u00e9szlet tartalma: C9293<\/p>\n<p>1030 db J\u00f3 min\u0151s\u00e9g\u0171 t\u00e9gla<\/p>\n<p>M\u00e9rete: 35,1 x 11,1 x 17,8 cm<\/p>\n<p>S\u00faly: 1,01 kg<\/p>\n<p>PDF \u00datmutat\u00f3<\/p>\n<p>\ud83d\udcccA f\u0151szerepl\u0151 term\u00e9szete<\/p>\n<p>Bemutatjuk b\u00fcszke kollekci\u00f3nkat, amely a \u201eFuturemen Cosmoliner from Captain Future\u201d nevet viseli.<\/p>\n<p>A sorozatban a Cosmoliner az els\u0151dleges \u0171rszonda, amelyet Future kapit\u00e1ny \u00e9s csapata, a Futuremen haszn\u00e1l k\u00fcl\u00f6nb\u00f6z\u0151 galaxisbeli k\u00fcldet\u00e9seik sor\u00e1n. A haj\u00f3t karcs\u00fa \u00e9s er\u0151s haj\u00f3k\u00e9nt \u00edrj\u00e1k le, \u00e1ramvonalas kialak\u00edt\u00e1s\u00e1val, amely lehet\u0151v\u00e9 teszi, hogy hihetetlen sebess\u00e9ggel haladjon. Sz\u00e1mos fejlett technol\u00f3gi\u00e1val van felszerelve, bele\u00e9rtve az er\u0151t\u00e9r-pajzsot, a molekulagener\u00e1tort \u00e9s a gravit\u00e1ci\u00f3s vez\u00e9rl\u0151rendszert.<\/p><\/div>","protected":false},"excerpt":{"rendered":"<p>M\u00e1rka: MOC Factory<br \/>\nNem: Uniszex<br \/>\nKoroszt\u00e1ly: 8 \u00e9v felett<br \/>\nModellsz\u00e1m: 89465<br \/>\nBesorol\u00e1s: \u00d6sszeszerel\u00e9s<br \/>\nM\u0171anyag blokk forma: \u00f6nz\u00e1r\u00f3 t\u00e9gla<br \/>\nAnyaga: M\u0171anyag<br \/>\nM\u0171anyag t\u00edpus: ABS<br \/>\nT\u00e9gla T\u00e9gla: 1030+<br \/>\nNincs doboz<\/p>","protected":false},"featured_media":42312,"comment_status":"open","ping_status":"closed","template":"","meta":{"_acf_changed":false},"product_cat":[1357,581,6016,364,1408],"product_tag":[11436,11435,11437,11434,9139,434,2276,389],"class_list":["product","first","instock","shipping-taxable","purchasable","product-type-simple"],"acf":[],"_links":{"self":[{"href":"https:\/\/mouldking.store\/hu\/wp-json\/wp\/v2\/product\/42313","targetHints":{"allow":["GET"]}}],"collection":[{"href":"https:\/\/mouldking.store\/hu\/wp-json\/wp\/v2\/product"}],"about":[{"href":"https:\/\/mouldking.store\/hu\/wp-json\/wp\/v2\/types\/product"}],"replies":[{"embeddable":true,"href":"https:\/\/mouldking.store\/hu\/wp-json\/wp\/v2\/comments?post=42313"}],"wp:featuredmedia":[{"embeddable":true,"href":"https:\/\/mouldking.store\/hu\/wp-json\/wp\/v2\/media\/42312"}],"wp:attachment":[{"href":"https:\/\/mouldking.store\/hu\/wp-json\/wp\/v2\/media?parent=42313"}],"wp:term":[{"taxonomy":"product_cat","embeddable":true,"href":"https:\/\/mouldking.store\/hu\/wp-json\/wp\/v2\/product_cat?post=42313"},{"taxonomy":"product_tag","embeddable":true,"href":"https:\/\/mouldking.store\/hu\/wp-json\/wp\/v2\/product_tag?post=42313"}],"curies":[{"name":"wp","href":"https:\/\/api.w.org\/{rel}","templated":true}]}}