{"id":42321,"date":"2023-02-28T11:01:34","date_gmt":"2023-02-28T04:01:34","guid":{"rendered":"https:\/\/mouldking.store\/shop\/moc-factory-68390-saturn-ib-with-891-pieces\/"},"modified":"2025-12-16T22:25:15","modified_gmt":"2025-12-16T15:25:15","slug":"moc-factory-68390-saturn-ib-with-891-pieces","status":"publish","type":"product","link":"https:\/\/mouldking.store\/hu\/shop\/moc-factory-68390-saturn-ib-with-891-pieces\/","title":{"rendered":"MOC Factory 68390 Saturn IB 891 darabbal"},"content":{"rendered":"<div>\u2705 MOC-68390 Saturn IB<\/p>\n<p>\u2705The Saturn IB was an American launch vehicle that was used by NASA during the 1960s and 1970s as part of the Apollo program. It was a smaller version of the larger Saturn V rocket, which was used to launch the Apollo spacecraft that carried astronauts to the Moon.<\/p>\n<p>\ud83d\udeab FONTOS!<\/p>\n<p>Product Name: Saturn IB<\/p>\n<p>Kateg\u00f3ria: \u0170r<\/p>\n<p>This Kit Contains: C9299<\/p>\n<p>891 pcs Good Quality Bricks<\/p>\n<p>Size: 75 x 10 x 11 cm<\/p>\n<p>Weight: 1.16 kg<\/p>\n<p>PDF \u00datmutat\u00f3<\/p>\n<p>\ud83d\udcccA f\u0151szerepl\u0151 term\u00e9szete<\/p>\n<p>Introducing our proud collection named \u201cSaturn IB\u201d you should not miss.<\/p>\n<p>The Saturn IB was designed to be used for low-Earth orbit missions, such as crewed flights to the Skylab space station and the Apollo-Soyuz Test Project. It was also used for several uncrewed test flights of the Apollo spacecraft, as well as for the Apollo 7 crewed mission. The Saturn IB stood 141 feet (43 meters) tall and was powered by a combination of liquid oxygen and kerosene fuel. It had two stages, with the first stage using eight Rocketdyne H-1 engines, and the second stage using a single Rocketdyne J-2 engine. The rocket was capable of lifting up to 46,000 pounds (21,000 kilograms) into low-Earth orbit.<\/p><\/div>","protected":false},"excerpt":{"rendered":"<p>M\u00e1rka: MOC Factory<br \/>\nNem: Uniszex<br \/>\nKoroszt\u00e1ly: 8 \u00e9v felett<br \/>\nModel Number: 68390<br \/>\nBesorol\u00e1s: \u00d6sszeszerel\u00e9s<br \/>\nM\u0171anyag blokk forma: \u00f6nz\u00e1r\u00f3 t\u00e9gla<br \/>\nAnyaga: M\u0171anyag<br \/>\nM\u0171anyag t\u00edpus: ABS<br \/>\nBricks Blocks: 891 +<br \/>\nNincs doboz<\/p>","protected":false},"featured_media":42314,"comment_status":"open","ping_status":"closed","template":"","meta":{"_acf_changed":false},"product_cat":[1357,6016,364],"product_tag":[6111,11439,11438,2276,389],"class_list":["product","first","instock","shipping-taxable","purchasable","product-type-simple"],"acf":[],"_links":{"self":[{"href":"https:\/\/mouldking.store\/hu\/wp-json\/wp\/v2\/product\/42321","targetHints":{"allow":["GET"]}}],"collection":[{"href":"https:\/\/mouldking.store\/hu\/wp-json\/wp\/v2\/product"}],"about":[{"href":"https:\/\/mouldking.store\/hu\/wp-json\/wp\/v2\/types\/product"}],"replies":[{"embeddable":true,"href":"https:\/\/mouldking.store\/hu\/wp-json\/wp\/v2\/comments?post=42321"}],"wp:featuredmedia":[{"embeddable":true,"href":"https:\/\/mouldking.store\/hu\/wp-json\/wp\/v2\/media\/42314"}],"wp:attachment":[{"href":"https:\/\/mouldking.store\/hu\/wp-json\/wp\/v2\/media?parent=42321"}],"wp:term":[{"taxonomy":"product_cat","embeddable":true,"href":"https:\/\/mouldking.store\/hu\/wp-json\/wp\/v2\/product_cat?post=42321"},{"taxonomy":"product_tag","embeddable":true,"href":"https:\/\/mouldking.store\/hu\/wp-json\/wp\/v2\/product_tag?post=42321"}],"curies":[{"name":"wp","href":"https:\/\/api.w.org\/{rel}","templated":true}]}}