{"id":42332,"date":"2023-02-28T14:13:46","date_gmt":"2023-02-28T07:13:46","guid":{"rendered":"https:\/\/mouldking.store\/shop\/moc-factory-99581-vulcan-centaur-with-1355-pieces\/"},"modified":"2025-12-16T22:25:15","modified_gmt":"2025-12-16T15:25:15","slug":"moc-factory-99581-vulcan-centaur-with-1355-pieces","status":"publish","type":"product","link":"https:\/\/mouldking.store\/hu\/shop\/moc-factory-99581-vulcan-centaur-with-1355-pieces\/","title":{"rendered":"MOC Factory 99581 Vulcan Centaur 1355 darabbal"},"content":{"rendered":"<div>\u2705MOC-99581 Vulcan Centaur<\/p>\n<p>\u2705A Vulcan Centaur egy neh\u00e9z teherb\u00edr\u00e1s\u00fa rak\u00e9ta, amelyet a United Launch Alliance (ULA), a Lockheed Martin \u00e9s a Boeing vegyesv\u00e1llalata fejlesztett ki, k\u00fcl\u00f6nf\u00e9le rakom\u00e1nyok \u0171rbe juttat\u00e1s\u00e1ra.<\/p>\n<p>\ud83d\udeab FONTOS!<\/p>\n<p>Term\u00e9k neve: Vulcan Centaur<\/p>\n<p>Kateg\u00f3ria: \u0170r<\/p>\n<p>A k\u00e9szlet tartalma: C9301<\/p>\n<p>1355 db J\u00f3 min\u0151s\u00e9g\u0171 t\u00e9gla<\/p>\n<p>M\u00e9rete: 8,9 x 5,7 x 61,3 cm<\/p>\n<p>S\u00faly: 0,48 kg<\/p>\n<p>PDF \u00datmutat\u00f3<\/p>\n<p>\ud83d\udcccA f\u0151szerepl\u0151 term\u00e9szete<\/p>\n<p>Bemutatjuk b\u00fcszke kollekci\u00f3nkat, a \u201eVulcan Centaur\u201d-t, amit \u00e9rdemes kihagyni.<\/p>\n<p>A Vulcan Centaur rak\u00e9t\u00e1t az ULA megl\u00e9v\u0151 Atlas V \u00e9s Delta IV rak\u00e9t\u00e1inak lev\u00e1lt\u00e1s\u00e1ra tervezt\u00e9k, amelyeket a tervek szerint a 2020-as \u00e9vekben \u00e1ll\u00edtanak le. K\u00e9pes lesz ak\u00e1r 57 000 font (26 000 kilogramm) s\u00faly\u00fa rakom\u00e1nyt alacsony f\u00f6ldi p\u00e1ly\u00e1ra, \u00e9s 31 000 fontot (14 000 kilogramm) geostacion\u00e1rius transzfer p\u00e1ly\u00e1ra emelni.<\/p><\/div>","protected":false},"excerpt":{"rendered":"<p>M\u00e1rka: MOC Factory<br \/>\nNem: Uniszex<br \/>\nKoroszt\u00e1ly: &gt; 12 \u00e9ves<br \/>\nModellsz\u00e1m: 99581<br \/>\nBesorol\u00e1s: \u00d6sszeszerel\u00e9s<br \/>\nM\u0171anyag blokk forma: \u00f6nz\u00e1r\u00f3 t\u00e9gla<br \/>\nAnyaga: M\u0171anyag<br \/>\nM\u0171anyag t\u00edpus: ABS<br \/>\nT\u00e9gla blokkok: 1355 +<br \/>\nNincs doboz<\/p>","protected":false},"featured_media":42323,"comment_status":"open","ping_status":"closed","template":"","meta":{"_acf_changed":false},"product_cat":[1357,6016,364],"product_tag":[11440,2276,389,10288],"class_list":["product","first","instock","shipping-taxable","purchasable","product-type-simple"],"acf":[],"_links":{"self":[{"href":"https:\/\/mouldking.store\/hu\/wp-json\/wp\/v2\/product\/42332","targetHints":{"allow":["GET"]}}],"collection":[{"href":"https:\/\/mouldking.store\/hu\/wp-json\/wp\/v2\/product"}],"about":[{"href":"https:\/\/mouldking.store\/hu\/wp-json\/wp\/v2\/types\/product"}],"replies":[{"embeddable":true,"href":"https:\/\/mouldking.store\/hu\/wp-json\/wp\/v2\/comments?post=42332"}],"wp:featuredmedia":[{"embeddable":true,"href":"https:\/\/mouldking.store\/hu\/wp-json\/wp\/v2\/media\/42323"}],"wp:attachment":[{"href":"https:\/\/mouldking.store\/hu\/wp-json\/wp\/v2\/media?parent=42332"}],"wp:term":[{"taxonomy":"product_cat","embeddable":true,"href":"https:\/\/mouldking.store\/hu\/wp-json\/wp\/v2\/product_cat?post=42332"},{"taxonomy":"product_tag","embeddable":true,"href":"https:\/\/mouldking.store\/hu\/wp-json\/wp\/v2\/product_tag?post=42332"}],"curies":[{"name":"wp","href":"https:\/\/api.w.org\/{rel}","templated":true}]}}