{"id":42337,"date":"2023-02-28T14:23:05","date_gmt":"2023-02-28T07:23:05","guid":{"rendered":"https:\/\/mouldking.store\/shop\/moc-factory-115338-h-iia-super-collection-with-716-pieces\/"},"modified":"2025-12-16T22:25:15","modified_gmt":"2025-12-16T15:25:15","slug":"moc-factory-115338-h-iia-super-collection-with-716-pieces","status":"publish","type":"product","link":"https:\/\/mouldking.store\/hu\/shop\/moc-factory-115338-h-iia-super-collection-with-716-pieces\/","title":{"rendered":"MOC Factory 115338 H-IIA Super Collection 716 darabbal"},"content":{"rendered":"<div>\u2705 MOC-115338 H-IIA Super Collection<\/p>\n<p>\u2705A H-IIA a jap\u00e1n elhaszn\u00e1lhat\u00f3 hordoz\u00f3rak\u00e9t\u00e1k (ELV) csal\u00e1dja, amelyet a Japan Aerospace Exploration Agency (JAXA) \u00fczemeltet. A \u201eH\u201d a \u201eH-II\u201d r\u00f6vid\u00edt\u00e9se, az \u201eIIA\u201d pedig \u201etov\u00e1bbfejlesztett interstage adapter\u201d.<\/p>\n<p>\ud83d\udeab FONTOS!<\/p>\n<p>Term\u00e9kn\u00e9v: H-IIA Super Collection<\/p>\n<p>Kateg\u00f3ria: \u0170r<\/p>\n<p>A k\u00e9szlet tartalma: C9310<\/p>\n<p>716 db J\u00f3 min\u0151s\u00e9g\u0171 t\u00e9gla<\/p>\n<p>M\u00e9rete: 8 x 8 x 24 cm<\/p>\n<p>S\u00faly: 0,69 kg<\/p>\n<p>PDF \u00datmutat\u00f3<\/p>\n<p>\ud83d\udcccA f\u0151szerepl\u0151 term\u00e9szete<\/p>\n<p>Bemutatjuk b\u00fcszke \u201eS\u00faly: 0,69 kg\u201d kollekci\u00f3nkat, amit nem \u00e9rdemes kihagyni.<\/p>\n<p>A H-IIA k\u00e9tl\u00e9pcs\u0151s kialak\u00edt\u00e1s\u00fa, az els\u0151 fokozathoz szil\u00e1rd rak\u00e9taer\u0151s\u00edt\u0151k vannak csatlakoztatva, hogy tov\u00e1bbi tol\u00f3er\u0151t biztos\u00edtsanak a rep\u00fcl\u00e9s kezdeti szakasz\u00e1ban. A rak\u00e9ta m\u00e1sodik fokozat\u00e1t foly\u00e9kony t\u00fczel\u00e9s\u0171 motor hajtja. A H-IIA 2001 \u00f3ta \u00e1ll szolg\u00e1latban, megb\u00edzhat\u00f3s\u00e1ga \u00e9s sikere j\u00f3 m\u00faltra tekint vissza. A jap\u00e1n \u0171rprogram fontos elem\u00e9v\u00e9 v\u00e1lt, hazai \u00e9s nemzetk\u00f6zi k\u00fcldet\u00e9seket egyar\u00e1nt t\u00e1mogat.<\/p><\/div>","protected":false},"excerpt":{"rendered":"<p>M\u00e1rka: MOC Factory<br \/>\nNem: Uniszex<br \/>\nKoroszt\u00e1ly: &gt; 12 \u00e9ves<br \/>\nModellsz\u00e1m: 115338<br \/>\nBesorol\u00e1s: \u00d6sszeszerel\u00e9s<br \/>\nM\u0171anyag blokk forma: \u00f6nz\u00e1r\u00f3 t\u00e9gla<br \/>\nAnyaga: M\u0171anyag<br \/>\nM\u0171anyag t\u00edpus: ABS<br \/>\nT\u00e9gla T\u00e9gla: 716 +<br \/>\nNincs doboz<\/p>","protected":false},"featured_media":42333,"comment_status":"open","ping_status":"closed","template":"","meta":{"_acf_changed":false},"product_cat":[6016],"product_tag":[11441,2276,11396],"class_list":["product","first","instock","shipping-taxable","purchasable","product-type-simple"],"acf":[],"_links":{"self":[{"href":"https:\/\/mouldking.store\/hu\/wp-json\/wp\/v2\/product\/42337","targetHints":{"allow":["GET"]}}],"collection":[{"href":"https:\/\/mouldking.store\/hu\/wp-json\/wp\/v2\/product"}],"about":[{"href":"https:\/\/mouldking.store\/hu\/wp-json\/wp\/v2\/types\/product"}],"replies":[{"embeddable":true,"href":"https:\/\/mouldking.store\/hu\/wp-json\/wp\/v2\/comments?post=42337"}],"wp:featuredmedia":[{"embeddable":true,"href":"https:\/\/mouldking.store\/hu\/wp-json\/wp\/v2\/media\/42333"}],"wp:attachment":[{"href":"https:\/\/mouldking.store\/hu\/wp-json\/wp\/v2\/media?parent=42337"}],"wp:term":[{"taxonomy":"product_cat","embeddable":true,"href":"https:\/\/mouldking.store\/hu\/wp-json\/wp\/v2\/product_cat?post=42337"},{"taxonomy":"product_tag","embeddable":true,"href":"https:\/\/mouldking.store\/hu\/wp-json\/wp\/v2\/product_tag?post=42337"}],"curies":[{"name":"wp","href":"https:\/\/api.w.org\/{rel}","templated":true}]}}