{"id":42387,"date":"2023-02-28T15:28:18","date_gmt":"2023-02-28T08:28:18","guid":{"rendered":"https:\/\/mouldking.store\/shop\/moc-factory-89461-robot-mobile-suit-tiger-girl-with-314-pieces\/"},"modified":"2025-12-16T22:25:14","modified_gmt":"2025-12-16T15:25:14","slug":"moc-factory-89461-robot-mobile-suit-tiger-girl-with-314-pieces","status":"publish","type":"product","link":"https:\/\/mouldking.store\/hu\/shop\/moc-factory-89461-robot-mobile-suit-tiger-girl-with-314-pieces\/","title":{"rendered":"MOC Factory 89461 Robot mobil \u00f6lt\u00f6ny tigrisl\u00e1ny 314 darabbal"},"content":{"rendered":"<div>\u2705 MOC-89461 Robot mobil \u00f6lt\u00f6ny Tigrisl\u00e1ny&nbsp;<\/p>\n<p>\u2705A Robot Mobile Suit Tiger Girl egy s\u00e1rga-feh\u00e9r LEGO alkot\u00e1s, amely a jelek szerint egy tigris mint\u00e1j\u00e1ra k\u00e9sz\u00fclt.<\/p>\n<p>\ud83d\udeab FONTOS!<\/p>\n<p>Term\u00e9kn\u00e9v: Robot Mobile Suit Tiger Girl&nbsp;<\/p>\n<p>Kateg\u00f3ria: Alkot\u00f3<\/p>\n<p>A k\u00e9szlet tartalma: C9358<\/p>\n<p>314 db J\u00f3 min\u0151s\u00e9g\u0171 t\u00e9gla<\/p>\n<p>M\u00e9rete: 15,4 x 12,4 x 25,6 cm<\/p>\n<p>S\u00faly: 0,42 kg<\/p>\n<p>PDF \u00datmutat\u00f3<\/p>\n<p>\ud83d\udcccA f\u0151szerepl\u0151 term\u00e9szete<\/p>\n<p>Bemutatjuk a \u201eRobot Mobile Suit Tiger Girl\u201d nev\u0171 b\u00fcszke kollekci\u00f3nkat, amelyet nem szabad kihagyni.<\/p>\n<p>A robotl\u00e1ny humanoid form\u00e1j\u00fa, feje, t\u00f6rzse, karjai \u00e9s l\u00e1bai, \u00e9s t\u00falnyom\u00f3r\u00e9szt s\u00e1rga sz\u00edn\u0171, feh\u00e9r d\u00edsz\u00edt\u00e9ssel. A fejet \u00fagy tervezt\u00e9k, hogy hasonl\u00edtson egy tigris fej\u00e9re, hegyes f\u00fclekkel, orrral \u00e9s nagy szemekkel. A karokon \u00e9s l\u00e1bakon k\u00fcl\u00f6nb\u00f6z\u0151 \u00edz\u00fcleti darabok tal\u00e1lhat\u00f3k, amelyek lehet\u0151v\u00e9 teszik a poz\u00edcion\u00e1l\u00e1st \u00e9s a mozg\u00e1st. A robotl\u00e1ny k\u00fcl\u00f6nf\u00e9le fegyverekkel \u00e9s kieg\u00e9sz\u00edt\u0151kkel is fel van szerelve, t\u00f6bbek k\u00f6z\u00f6tt a karokra er\u0151s\u00edtett nagy \u00e1gy\u00fakkal \u00e9s egy h\u00e1tizs\u00e1kkal, amiben tov\u00e1bbi fegyverek tartanak.<\/p><\/div>","protected":false},"excerpt":{"rendered":"<p>M\u00e1rka: MOC Factory<br \/>\nNem: Uniszex<br \/>\nKoroszt\u00e1ly: 8 \u00e9v felett<br \/>\nModellsz\u00e1m: 89461<br \/>\nBesorol\u00e1s: \u00d6sszeszerel\u00e9s<br \/>\nM\u0171anyag blokk forma: \u00f6nz\u00e1r\u00f3 t\u00e9gla<br \/>\nAnyaga: M\u0171anyag<br \/>\nM\u0171anyag t\u00edpus: ABS<br \/>\nT\u00e9gla T\u00e9gla: 314+<br \/>\nNincs doboz<\/p>","protected":false},"featured_media":42378,"comment_status":"open","ping_status":"closed","template":"","meta":{"_acf_changed":false},"product_cat":[1365,371],"product_tag":[11072,8452,11035,590,6482],"class_list":["product","first","instock","shipping-taxable","purchasable","product-type-simple"],"acf":[],"_links":{"self":[{"href":"https:\/\/mouldking.store\/hu\/wp-json\/wp\/v2\/product\/42387","targetHints":{"allow":["GET"]}}],"collection":[{"href":"https:\/\/mouldking.store\/hu\/wp-json\/wp\/v2\/product"}],"about":[{"href":"https:\/\/mouldking.store\/hu\/wp-json\/wp\/v2\/types\/product"}],"replies":[{"embeddable":true,"href":"https:\/\/mouldking.store\/hu\/wp-json\/wp\/v2\/comments?post=42387"}],"wp:featuredmedia":[{"embeddable":true,"href":"https:\/\/mouldking.store\/hu\/wp-json\/wp\/v2\/media\/42378"}],"wp:attachment":[{"href":"https:\/\/mouldking.store\/hu\/wp-json\/wp\/v2\/media?parent=42387"}],"wp:term":[{"taxonomy":"product_cat","embeddable":true,"href":"https:\/\/mouldking.store\/hu\/wp-json\/wp\/v2\/product_cat?post=42387"},{"taxonomy":"product_tag","embeddable":true,"href":"https:\/\/mouldking.store\/hu\/wp-json\/wp\/v2\/product_tag?post=42387"}],"curies":[{"name":"wp","href":"https:\/\/api.w.org\/{rel}","templated":true}]}}