{"id":42394,"date":"2023-03-01T15:49:24","date_gmt":"2023-03-01T08:49:24","guid":{"rendered":"https:\/\/mouldking.store\/shop\/k-box-v5007-dj-rambo-man-bumblebee-robot-with-5692-pieces\/"},"modified":"2023-03-01T15:49:24","modified_gmt":"2023-03-01T08:49:24","slug":"k-box-v5007-dj-rambo-man-bumblebee-robot-with-5692-pieces","status":"publish","type":"product","link":"https:\/\/mouldking.store\/hu\/shop\/k-box-v5007-dj-rambo-man-bumblebee-robot-with-5692-pieces\/","title":{"rendered":"K-Box V5007 DJ-Rambo Man Bumblebee Robot 5692 darabbal"},"content":{"rendered":"<div>\u2705 K-Box V5007 DJ-Rambo Man Bumblebee Robot<br \/>&nbsp;<br \/>\u2705DJ-Rambo Man Bumblebee appears to be a building block toy set with 5692\u00b1 pieces that can be used to build a robot figure.<br \/>&nbsp;<br \/>\ud83d\udeab FONTOS!&nbsp;<br \/>&nbsp;<br \/>Product Name: DJ-Rambo Man Bumblebee Robot<br \/>&nbsp;<br \/>Kateg\u00f3ria: Alkot\u00f3&nbsp;<br \/>&nbsp;<br \/>This Kit Contains:&nbsp; K-Box V5007<br \/>&nbsp;<br \/>5692 pcs Good Quality Bricks&nbsp;<br \/>&nbsp;<br \/>Size: 55 \u00d7 32.5 \u00d7 61.5 cm<br \/>&nbsp;<br \/>K\u00e9zi utas\u00edt\u00e1sok&nbsp;<br \/>&nbsp;<br \/>\ud83d\udcccA f\u0151szerepl\u0151 term\u00e9szete&nbsp;<br \/>&nbsp;<br \/>Introducing our proud collection named \u201cDJ-Rambo Man Bumblebee Robot\u201d you should not miss.&nbsp;<br \/>&nbsp;<br \/>The building block set is compatible with other similar building block toys, which means that the pieces can be used to construct a wide variety of models beyond the robot figure.<\/div>","protected":false},"excerpt":{"rendered":"<p>M\u00e1rka: K-Box<br \/>\nNem: Uniszex<br \/>\nKorhat\u00e1r: 14 \u00e9v felett<br \/>\nModel Number: V5007<br \/>\nBesorol\u00e1s: \u00d6sszeszerel\u00e9s<br \/>\nM\u0171anyag blokk forma: \u00f6nz\u00e1r\u00f3 t\u00e9gla<br \/>\nAnyaga: M\u0171anyag<br \/>\nM\u0171anyag t\u00edpus: ABS<br \/>\nBricks Blocks: 5692 +<br \/>\nNo box original<\/p>","protected":false},"featured_media":42389,"comment_status":"open","ping_status":"closed","template":"","meta":{"_acf_changed":false},"product_cat":[1365,371],"product_tag":[6798,11072,8452,11452,9139,590],"class_list":["product","first","instock","shipping-taxable","purchasable","product-type-simple"],"acf":[],"_links":{"self":[{"href":"https:\/\/mouldking.store\/hu\/wp-json\/wp\/v2\/product\/42394","targetHints":{"allow":["GET"]}}],"collection":[{"href":"https:\/\/mouldking.store\/hu\/wp-json\/wp\/v2\/product"}],"about":[{"href":"https:\/\/mouldking.store\/hu\/wp-json\/wp\/v2\/types\/product"}],"replies":[{"embeddable":true,"href":"https:\/\/mouldking.store\/hu\/wp-json\/wp\/v2\/comments?post=42394"}],"wp:featuredmedia":[{"embeddable":true,"href":"https:\/\/mouldking.store\/hu\/wp-json\/wp\/v2\/media\/42389"}],"wp:attachment":[{"href":"https:\/\/mouldking.store\/hu\/wp-json\/wp\/v2\/media?parent=42394"}],"wp:term":[{"taxonomy":"product_cat","embeddable":true,"href":"https:\/\/mouldking.store\/hu\/wp-json\/wp\/v2\/product_cat?post=42394"},{"taxonomy":"product_tag","embeddable":true,"href":"https:\/\/mouldking.store\/hu\/wp-json\/wp\/v2\/product_tag?post=42394"}],"curies":[{"name":"wp","href":"https:\/\/api.w.org\/{rel}","templated":true}]}}