{"id":42408,"date":"2023-03-01T16:25:29","date_gmt":"2023-03-01T09:25:29","guid":{"rendered":"https:\/\/mouldking.store\/shop\/mould-king-13121-red-koenigsegg-one-1-sports-car-with-3063-pieces\/"},"modified":"2023-03-01T16:25:29","modified_gmt":"2023-03-01T09:25:29","slug":"mould-king-13121-red-koenigsegg-one-1-sports-car-with-3063-pieces","status":"publish","type":"product","link":"https:\/\/mouldking.store\/hu\/shop\/mould-king-13121-red-koenigsegg-one-1-sports-car-with-3063-pieces\/","title":{"rendered":"MOLD KING 13121 Red Koenigsegg One 1 sportaut\u00f3 3063 darabbal"},"content":{"rendered":"<div>\u2705 Mould King 13121 Red Koenigsegg One 1 Sports Car<br \/>&nbsp;<br \/>\u2705The Red Koenigsegg One:1 Sports Car is a variation of the Koenigsegg One:1 high-performance sports car produced by the Swedish manufacturer Koenigsegg Automotive AB. The Koenigsegg One:1 is a limited-edition hypercar that was introduced in 2014 with only six units produced, making it one of the rarest and most exclusive cars in the world.<br \/>&nbsp;<br \/>\ud83d\udeab FONTOS!&nbsp;<br \/>&nbsp;<br \/>Product Name: Red Koenigsegg One 1 Sports Car<br \/>&nbsp;<br \/>Kateg\u00f3ria: M\u0171szaki<br \/>&nbsp;<br \/>This Kit Contains: Mould King 13121<br \/>&nbsp;<br \/>3063&nbsp; pcs Good Quality Bricks&nbsp;<br \/>&nbsp;<br \/>Size:22.5 \u00d7 47 \u00d7 13.5 cm<br \/>&nbsp;<br \/>K\u00e9zi utas\u00edt\u00e1sok&nbsp;<br \/>&nbsp;<br \/>\ud83d\udcccA f\u0151szerepl\u0151 term\u00e9szete&nbsp;<br \/>&nbsp;<br \/>Introducing our proud collection named \u201cRed Koenigsegg One 1 Sports Car\u201d you should not miss.&nbsp;<br \/>&nbsp;<br \/>The Red Koenigsegg One:1 Sports Car could be a die-cast model or a toy replica of the actual car, featuring a red color scheme rather than the original white color. While the toy or model car may not have the same level of performance or technology as the real car, it can be a fun collectible item or toy for car enthusiasts of all ages.<\/div>","protected":false},"excerpt":{"rendered":"<p>M\u00e1rka: MOLD KING<br \/>\nNem: Uniszex<br \/>\nKorhat\u00e1r: 14 \u00e9v felett<br \/>\nModel Number: 13121<br \/>\nBesorol\u00e1s: \u00d6sszeszerel\u00e9s<br \/>\nM\u0171anyag blokk forma: \u00f6nz\u00e1r\u00f3 t\u00e9gla<br \/>\nAnyaga: M\u0171anyag<br \/>\nM\u0171anyag t\u00edpus: ABS<br \/>\nBricks Blocks: 3063 +<br \/>\nNo box original<\/p>","protected":false},"featured_media":42402,"comment_status":"open","ping_status":"closed","template":"","meta":{"_acf_changed":false},"product_cat":[1357,364],"product_tag":[706,11453,11071,389,11080],"class_list":["product","first","instock","shipping-taxable","purchasable","product-type-simple"],"acf":[],"_links":{"self":[{"href":"https:\/\/mouldking.store\/hu\/wp-json\/wp\/v2\/product\/42408","targetHints":{"allow":["GET"]}}],"collection":[{"href":"https:\/\/mouldking.store\/hu\/wp-json\/wp\/v2\/product"}],"about":[{"href":"https:\/\/mouldking.store\/hu\/wp-json\/wp\/v2\/types\/product"}],"replies":[{"embeddable":true,"href":"https:\/\/mouldking.store\/hu\/wp-json\/wp\/v2\/comments?post=42408"}],"wp:featuredmedia":[{"embeddable":true,"href":"https:\/\/mouldking.store\/hu\/wp-json\/wp\/v2\/media\/42402"}],"wp:attachment":[{"href":"https:\/\/mouldking.store\/hu\/wp-json\/wp\/v2\/media?parent=42408"}],"wp:term":[{"taxonomy":"product_cat","embeddable":true,"href":"https:\/\/mouldking.store\/hu\/wp-json\/wp\/v2\/product_cat?post=42408"},{"taxonomy":"product_tag","embeddable":true,"href":"https:\/\/mouldking.store\/hu\/wp-json\/wp\/v2\/product_tag?post=42408"}],"curies":[{"name":"wp","href":"https:\/\/api.w.org\/{rel}","templated":true}]}}