{"id":42428,"date":"2023-03-01T16:56:02","date_gmt":"2023-03-01T09:56:02","guid":{"rendered":"https:\/\/mouldking.store\/shop\/dk-1515-demon-slayer-tokitou-muichirou-sun-wheel-knife-with-771-pieces\/"},"modified":"2023-03-01T16:56:02","modified_gmt":"2023-03-01T09:56:02","slug":"dk-1515-demon-slayer-tokitou-muichirou-sun-wheel-knife-with-771-pieces","status":"publish","type":"product","link":"https:\/\/mouldking.store\/hu\/shop\/dk-1515-demon-slayer-tokitou-muichirou-sun-wheel-knife-with-771-pieces\/","title":{"rendered":"DK 1515 Demon Slayer: Tokitou Muichirou Sun Wheel Knife with 771 Pieces"},"content":{"rendered":"<div>\u2705 DK 1515 Demon Slayer: Tokitou Muichirou Sun Wheel Knife<br \/>&nbsp;<br \/>\u2705Tokitou Muichirou is a character from the anime and manga series &#8220;Demon Slayer: Kimetsu no Yaiba.&#8221; He is one of the main characters and a member of the Demon Slayer Corps, a group of warriors who fight against demons that prey on humans.<\/div>\n<div>\ud83d\udeab FONTOS!&nbsp;<br \/>&nbsp;<br \/>Product Name: Demon Slayer: Tokitou Muichirou Sun Wheel Knife<br \/>&nbsp;<br \/>Kateg\u00f3ria: Film<br \/>&nbsp;<br \/>This Kit Contains: DK 1515<br \/>&nbsp;<br \/>771 pcs Good Quality Bricks&nbsp;<br \/>&nbsp;<br \/>Size: 99.7 \u00d7 16 cm<br \/>&nbsp;<br \/>K\u00e9zi utas\u00edt\u00e1sok&nbsp;<br \/>&nbsp;<br \/>\ud83d\udcccA f\u0151szerepl\u0151 term\u00e9szete&nbsp;<br \/>&nbsp;<br \/>Introducing our proud collection named \u201cTokitou Muichirou Sun Wheel Knife\u201d you should not miss.&nbsp;<br \/>&nbsp;<br \/>Muichirou wields a unique weapon called the &#8220;Sun Wheel&#8221; or &#8220;Nichirinmaru,&#8221; which is a circular blade with six points that can rotate and spin rapidly, allowing Muichirou to attack his enemies from multiple angles at once. It is said that the Sun Wheel has been passed down in his family for generations and is made from a special metal that is extremely durable.<\/div>","protected":false},"excerpt":{"rendered":"<p>M\u00e1rka: DK<br \/>\nNem: Uniszex<br \/>\nKoroszt\u00e1ly: 8 \u00e9v felett<br \/>\nModel Number: 1515<br \/>\nBesorol\u00e1s: \u00d6sszeszerel\u00e9s<br \/>\nM\u0171anyag blokk forma: \u00f6nz\u00e1r\u00f3 t\u00e9gla<br \/>\nAnyaga: M\u0171anyag<br \/>\nM\u0171anyag t\u00edpus: ABS<br \/>\nBricks Blocks: 771 +<br \/>\nEredeti doboza nincs<\/p>","protected":false},"featured_media":42421,"comment_status":"open","ping_status":"closed","template":"","meta":{"_acf_changed":false},"product_cat":[1365,581,1408],"product_tag":[8452,2977,7828,434],"class_list":["product","first","instock","shipping-taxable","purchasable","product-type-simple"],"acf":[],"_links":{"self":[{"href":"https:\/\/mouldking.store\/hu\/wp-json\/wp\/v2\/product\/42428","targetHints":{"allow":["GET"]}}],"collection":[{"href":"https:\/\/mouldking.store\/hu\/wp-json\/wp\/v2\/product"}],"about":[{"href":"https:\/\/mouldking.store\/hu\/wp-json\/wp\/v2\/types\/product"}],"replies":[{"embeddable":true,"href":"https:\/\/mouldking.store\/hu\/wp-json\/wp\/v2\/comments?post=42428"}],"wp:featuredmedia":[{"embeddable":true,"href":"https:\/\/mouldking.store\/hu\/wp-json\/wp\/v2\/media\/42421"}],"wp:attachment":[{"href":"https:\/\/mouldking.store\/hu\/wp-json\/wp\/v2\/media?parent=42428"}],"wp:term":[{"taxonomy":"product_cat","embeddable":true,"href":"https:\/\/mouldking.store\/hu\/wp-json\/wp\/v2\/product_cat?post=42428"},{"taxonomy":"product_tag","embeddable":true,"href":"https:\/\/mouldking.store\/hu\/wp-json\/wp\/v2\/product_tag?post=42428"}],"curies":[{"name":"wp","href":"https:\/\/api.w.org\/{rel}","templated":true}]}}