{"id":42435,"date":"2023-03-01T17:04:48","date_gmt":"2023-03-01T10:04:48","guid":{"rendered":"https:\/\/mouldking.store\/shop\/moc-factory-127128-sikorsky-uh-60-black-hawck-with-831-pieces\/"},"modified":"2025-12-16T22:25:14","modified_gmt":"2025-12-16T15:25:14","slug":"moc-factory-127128-sikorsky-uh-60-black-hawck-with-831-pieces","status":"publish","type":"product","link":"https:\/\/mouldking.store\/hu\/shop\/moc-factory-127128-sikorsky-uh-60-black-hawck-with-831-pieces\/","title":{"rendered":"MOC Factory 127128 Sikorsky UH-60 Black Hawck with 831 Pieces"},"content":{"rendered":"<div>\u2705 MOC-127128 Sikorsky UH-60 Black Hawck<\/p>\n<p>\u2705The Sikorsky UH-60 Black Hawk is a medium-lift utility helicopter that is used primarily by the United States Army. It is named after the Native American war leader Black Hawk and was developed to replace the aging UH-1 Huey helicopter.<\/p>\n<p>\ud83d\udeab FONTOS!<\/p>\n<p>Product Name: Sikorsky UH-60 Black Hawck<\/p>\n<p>Kateg\u00f3ria: Katonai<\/p>\n<p>This Kit Contains: MOC-127128<\/p>\n<p>831 pcs Good Quality Bricks<\/p>\n<p>Weight: 700g<\/p>\n<p>PDF \u00datmutat\u00f3<\/p>\n<p>\ud83d\udcccA f\u0151szerepl\u0151 term\u00e9szete<\/p>\n<p>Introducing our proud collection named \u201cSikorsky UH-60 Black Hawck\u201d you should not miss.<\/p>\n<p>The Black Hawk has a four-blade rotor system and a twin-engine configuration, which provides it with greater speed, range, and payload capacity than the UH-1 Huey. It is commonly used for a variety of missions, including troop transport, medical evacuation, search and rescue, and combat support.<\/p><\/div>","protected":false},"excerpt":{"rendered":"<p>M\u00e1rka: MOC Factory<br \/>\nNem: Uniszex<br \/>\nKoroszt\u00e1ly: &gt; 12 \u00e9ves<br \/>\nModel Number: 127128<br \/>\nBesorol\u00e1s: \u00d6sszeszerel\u00e9s<br \/>\nM\u0171anyag blokk forma: \u00f6nz\u00e1r\u00f3 t\u00e9gla<br \/>\nAnyaga: M\u0171anyag<br \/>\nM\u0171anyag t\u00edpus: ABS<br \/>\nBricks Blocks: 831 +<br \/>\nRendel\u00e9si id\u0151: 4-8 h\u00e9t<\/p>","protected":false},"featured_media":42429,"comment_status":"open","ping_status":"closed","template":"","meta":{"_acf_changed":false},"product_cat":[1350,372],"product_tag":[5298,374,11230],"class_list":["product","first","instock","shipping-taxable","purchasable","product-type-simple"],"acf":[],"_links":{"self":[{"href":"https:\/\/mouldking.store\/hu\/wp-json\/wp\/v2\/product\/42435","targetHints":{"allow":["GET"]}}],"collection":[{"href":"https:\/\/mouldking.store\/hu\/wp-json\/wp\/v2\/product"}],"about":[{"href":"https:\/\/mouldking.store\/hu\/wp-json\/wp\/v2\/types\/product"}],"replies":[{"embeddable":true,"href":"https:\/\/mouldking.store\/hu\/wp-json\/wp\/v2\/comments?post=42435"}],"wp:featuredmedia":[{"embeddable":true,"href":"https:\/\/mouldking.store\/hu\/wp-json\/wp\/v2\/media\/42429"}],"wp:attachment":[{"href":"https:\/\/mouldking.store\/hu\/wp-json\/wp\/v2\/media?parent=42435"}],"wp:term":[{"taxonomy":"product_cat","embeddable":true,"href":"https:\/\/mouldking.store\/hu\/wp-json\/wp\/v2\/product_cat?post=42435"},{"taxonomy":"product_tag","embeddable":true,"href":"https:\/\/mouldking.store\/hu\/wp-json\/wp\/v2\/product_tag?post=42435"}],"curies":[{"name":"wp","href":"https:\/\/api.w.org\/{rel}","templated":true}]}}