{"id":42438,"date":"2023-03-01T17:12:31","date_gmt":"2023-03-01T10:12:31","guid":{"rendered":"https:\/\/mouldking.store\/shop\/moc-factory-94689-malfoy-manor-with-1813-pieces\/"},"modified":"2025-12-16T22:25:14","modified_gmt":"2025-12-16T15:25:14","slug":"moc-factory-94689-malfoy-manor-with-1813-pieces","status":"publish","type":"product","link":"https:\/\/mouldking.store\/hu\/shop\/moc-factory-94689-malfoy-manor-with-1813-pieces\/","title":{"rendered":"MOC Factory 94689 Malfoy Manor with 1813 Pieces"},"content":{"rendered":"<div>\u2705 MOC-94689 Malfoy Manor<\/p>\n<p>\u2705Malfoy Manor is a fictional location in the Harry Potter book and film series. It is the ancestral home of the Malfoy family, a wealthy and influential pure-blood wizarding family that supports Lord Voldemort and his Death Eaters.<\/p>\n<p>\ud83d\udeab FONTOS!<\/p>\n<p>Product Name: Malfoy Manor<\/p>\n<p>Kateg\u00f3ria: Film<\/p>\n<p>This Kit Contains: MOC-94689<\/p>\n<p>1813 pcs Good Quality Bricks<\/p>\n<p>S\u00faly: 1700g<\/p>\n<p>PDF \u00datmutat\u00f3<\/p>\n<p>\ud83d\udcccA f\u0151szerepl\u0151 term\u00e9szete<\/p>\n<p>Introducing our proud collection named \u201cMalfoy Manor\u201d you should not miss.<\/p>\n<p>Located in the county of Wiltshire in England, Malfoy Manor is a grand and opulent mansion that is surrounded by extensive grounds and gardens. It is described as having high ceilings, ornate decorations, and numerous rooms and corridors, including a dungeon where prisoners are kept. In the Harry Potter series, Malfoy Manor is featured prominently in the seventh book, &#8220;Harry Potter and the Deathly Hallows,&#8221; where it serves as the headquarters of Voldemort and the Death Eaters. The Manor is the site of several key events in the book, including the capture and imprisonment of several main characters and the final showdown between Harry Potter and Voldemort.<\/p><\/div>","protected":false},"excerpt":{"rendered":"<p>M\u00e1rka: MOC Factory<br \/>\nNem: Uniszex<br \/>\nKoroszt\u00e1ly: &gt; 12 \u00e9ves<br \/>\nModel Number: 94689<br \/>\nBesorol\u00e1s: \u00d6sszeszerel\u00e9s<br \/>\nM\u0171anyag blokk forma: \u00f6nz\u00e1r\u00f3 t\u00e9gla<br \/>\nAnyaga: M\u0171anyag<br \/>\nM\u0171anyag t\u00edpus: ABS<br \/>\nBricks Blocks: 1813 +<br \/>\nRendel\u00e9si id\u0151: 4-8 h\u00e9t<\/p>","protected":false},"featured_media":42436,"comment_status":"open","ping_status":"closed","template":"","meta":{"_acf_changed":false},"product_cat":[1395,390,581,1408],"product_tag":[727,4883,5724,11456,11457,392,434],"class_list":["product","first","instock","shipping-taxable","purchasable","product-type-simple"],"acf":[],"_links":{"self":[{"href":"https:\/\/mouldking.store\/hu\/wp-json\/wp\/v2\/product\/42438","targetHints":{"allow":["GET"]}}],"collection":[{"href":"https:\/\/mouldking.store\/hu\/wp-json\/wp\/v2\/product"}],"about":[{"href":"https:\/\/mouldking.store\/hu\/wp-json\/wp\/v2\/types\/product"}],"replies":[{"embeddable":true,"href":"https:\/\/mouldking.store\/hu\/wp-json\/wp\/v2\/comments?post=42438"}],"wp:featuredmedia":[{"embeddable":true,"href":"https:\/\/mouldking.store\/hu\/wp-json\/wp\/v2\/media\/42436"}],"wp:attachment":[{"href":"https:\/\/mouldking.store\/hu\/wp-json\/wp\/v2\/media?parent=42438"}],"wp:term":[{"taxonomy":"product_cat","embeddable":true,"href":"https:\/\/mouldking.store\/hu\/wp-json\/wp\/v2\/product_cat?post=42438"},{"taxonomy":"product_tag","embeddable":true,"href":"https:\/\/mouldking.store\/hu\/wp-json\/wp\/v2\/product_tag?post=42438"}],"curies":[{"name":"wp","href":"https:\/\/api.w.org\/{rel}","templated":true}]}}