{"id":42441,"date":"2023-03-01T17:22:10","date_gmt":"2023-03-01T10:22:10","guid":{"rendered":"https:\/\/mouldking.store\/shop\/moc-factory-65774-kings-cross-station-with-1641-pieces\/"},"modified":"2025-12-16T22:25:14","modified_gmt":"2025-12-16T15:25:14","slug":"moc-factory-65774-kings-cross-station-with-1641-pieces","status":"publish","type":"product","link":"https:\/\/mouldking.store\/hu\/shop\/moc-factory-65774-kings-cross-station-with-1641-pieces\/","title":{"rendered":"MOC Factory 65774 King&#039;s Cross \u00e1llom\u00e1s 1641 darabbal"},"content":{"rendered":"<div>\u2705 MOC-65774 King&#8217;s Cross Station<\/p>\n<p>\u2705King&#8217;s Cross Station is a major railway and underground station located in central London, England. It is one of the busiest stations in the city and serves as a major transportation hub for local and national rail services, as well as for the London Underground.<\/p>\n<p>\ud83d\udeab FONTOS!<\/p>\n<p>Product Name: King&#8217;s Cross Station<\/p>\n<p>Kateg\u00f3ria: Modul\u00e1ris \u00e9p\u00fclet<\/p>\n<p>This Kit Contains: MOC-65774<\/p>\n<p>1641 pcs Good Quality Bricks<\/p>\n<p>Weight: 1400g<\/p>\n<p>PDF \u00datmutat\u00f3<\/p>\n<p>\ud83d\udcccA f\u0151szerepl\u0151 term\u00e9szete<\/p>\n<p>Introducing our proud collection named \u201cKing&#8217;s Cross Station\u201d you should not miss.<\/p>\n<p>King&#8217;s Cross Station is perhaps best known to fans of the Harry Potter book and film series, as it is the site of Platform 9 \u00be, a fictional platform where the Hogwarts Express departs for Hogwarts School of Witchcraft and Wizardry. In tribute to the series, the station now features a Platform 9 \u00be installation where visitors can take photos and purchase Harry Potter-themed merchandise.<\/p><\/div>","protected":false},"excerpt":{"rendered":"<p>M\u00e1rka: MOC Factory<br \/>\nNem: Uniszex<br \/>\nKoroszt\u00e1ly: &gt; 12 \u00e9ves<br \/>\nModel Number: 65774<br \/>\nBesorol\u00e1s: \u00d6sszeszerel\u00e9s<br \/>\nM\u0171anyag blokk forma: \u00f6nz\u00e1r\u00f3 t\u00e9gla<br \/>\nAnyaga: M\u0171anyag<br \/>\nM\u0171anyag t\u00edpus: ABS<br \/>\nBricks Blocks: 1641 +<br \/>\nRendel\u00e9si id\u0151: 4-8 h\u00e9t<\/p>","protected":false},"featured_media":42439,"comment_status":"open","ping_status":"closed","template":"","meta":{"_acf_changed":false},"product_cat":[1395,371,372,390,581,6016,415,364,1408],"product_tag":[4883,5724,9925,392,434,2309],"class_list":["product","first","instock","shipping-taxable","purchasable","product-type-simple"],"acf":[],"_links":{"self":[{"href":"https:\/\/mouldking.store\/hu\/wp-json\/wp\/v2\/product\/42441","targetHints":{"allow":["GET"]}}],"collection":[{"href":"https:\/\/mouldking.store\/hu\/wp-json\/wp\/v2\/product"}],"about":[{"href":"https:\/\/mouldking.store\/hu\/wp-json\/wp\/v2\/types\/product"}],"replies":[{"embeddable":true,"href":"https:\/\/mouldking.store\/hu\/wp-json\/wp\/v2\/comments?post=42441"}],"wp:featuredmedia":[{"embeddable":true,"href":"https:\/\/mouldking.store\/hu\/wp-json\/wp\/v2\/media\/42439"}],"wp:attachment":[{"href":"https:\/\/mouldking.store\/hu\/wp-json\/wp\/v2\/media?parent=42441"}],"wp:term":[{"taxonomy":"product_cat","embeddable":true,"href":"https:\/\/mouldking.store\/hu\/wp-json\/wp\/v2\/product_cat?post=42441"},{"taxonomy":"product_tag","embeddable":true,"href":"https:\/\/mouldking.store\/hu\/wp-json\/wp\/v2\/product_tag?post=42441"}],"curies":[{"name":"wp","href":"https:\/\/api.w.org\/{rel}","templated":true}]}}