{"id":42452,"date":"2023-03-01T17:37:00","date_gmt":"2023-03-01T10:37:00","guid":{"rendered":"https:\/\/mouldking.store\/shop\/moc-factory-127125-sci-fi-clone-tank-cannon-with-463-pieces\/"},"modified":"2025-12-16T22:25:14","modified_gmt":"2025-12-16T15:25:14","slug":"moc-factory-127125-sci-fi-clone-tank-cannon-with-463-pieces","status":"publish","type":"product","link":"https:\/\/mouldking.store\/hu\/shop\/moc-factory-127125-sci-fi-clone-tank-cannon-with-463-pieces\/","title":{"rendered":"MOC Factory 127125 sci-fi kl\u00f3n tank\u00e1gy\u00fa 463 darabbal"},"content":{"rendered":"<div>\u2705 MOC-127125 sci-fi kl\u00f3n tank\u00e1gy\u00fa&nbsp;<\/p>\n<p>\u2705Az AV-7 Cannon V.2 egy kital\u00e1lt fegyver a Star Wars univerzumban. Ez egy neh\u00e9zt\u00fcz\u00e9rs\u00e9gi fegyver, amelyet els\u0151sorban a K\u00f6zt\u00e1rsas\u00e1g Nagy Hadserege haszn\u00e1l, az a katonai szervezet, amely a Szeparatista Droid Hadsereg ellen harcolt a kl\u00f3nok h\u00e1bor\u00faj\u00e1ban.<\/p>\n<p>\ud83d\udeab FONTOS!<\/p>\n<p>Term\u00e9k neve: Sci-Fi kl\u00f3n tank\u00e1gy\u00fa&nbsp;<\/p>\n<p>Kateg\u00f3ria: Star Wars<\/p>\n<p>A k\u00e9szlet tartalma: MOC-127125<\/p>\n<p>463 db J\u00f3 min\u0151s\u00e9g\u0171 t\u00e9gla<\/p>\n<p>S\u00faly: 300g<\/p>\n<p>PDF \u00datmutat\u00f3<\/p>\n<p>\ud83d\udcccA f\u0151szerepl\u0151 term\u00e9szete<\/p>\n<p>Bemutatjuk b\u00fcszke kollekci\u00f3nkat, a \u201eSci-Fi Clone Tank Cannon\u201d nevet, amit nem szabad kihagyni.<\/p>\n<p>Az AV-7 Cannon V.2 egy mobil fegyverplatform, amely k\u00fcl\u00f6nf\u00e9le terepen telep\u00edthet\u0151, bele\u00e9rtve a homokos strandokat \u00e9s a szikl\u00e1s szikl\u00e1kat. Egy nagy, forg\u00f3 \u00e1gy\u00faval rendelkezik, amely k\u00e9pes olyan er\u0151teljes energial\u00f6v\u00e9seket leadni, amelyek k\u00e9pesek kivenni az ellens\u00e9ges j\u00e1rm\u0171veket \u00e9s szerkezeteket. A Star Wars: The Clone Wars anim\u00e1ci\u00f3s sorozatban az AV-7 Cannon V.2-t sz\u00e1mos kulcsfontoss\u00e1g\u00fa csat\u00e1ban haszn\u00e1lj\u00e1k, bele\u00e9rtve az Umbara-i csat\u00e1t \u00e9s a Ringo Vinda-i csat\u00e1t. A fegyvert gyakran kl\u00f3nkaton\u00e1k kezelik, akik k\u00e9pesek a t\u0171zerej\u00e9t felhaszn\u00e1lni, hogy strat\u00e9giai el\u0151ny\u00f6ket szerezzenek az ellens\u00e9ges er\u0151kkel szemben.<\/p><\/div>","protected":false},"excerpt":{"rendered":"<p>M\u00e1rka: MOC Factory<br \/>\nNem: Uniszex<br \/>\nKoroszt\u00e1ly: &gt; 12 \u00e9ves<br \/>\nModellsz\u00e1m: 127125<br \/>\nBesorol\u00e1s: \u00d6sszeszerel\u00e9s<br \/>\nM\u0171anyag blokk forma: \u00f6nz\u00e1r\u00f3 t\u00e9gla<br \/>\nAnyaga: M\u0171anyag<br \/>\nM\u0171anyag t\u00edpus: ABS<br \/>\nT\u00e9gla blokkok: 463 +<br \/>\nRendel\u00e9si id\u0151: 4-8 h\u00e9t<\/p>","protected":false},"featured_media":42446,"comment_status":"open","ping_status":"closed","template":"","meta":{"_acf_changed":false},"product_cat":[1350,1357,372,581,6016,415,364,1408],"product_tag":[11460,374,434,2276,436,485,389],"class_list":["product","first","instock","shipping-taxable","purchasable","product-type-simple"],"acf":[],"_links":{"self":[{"href":"https:\/\/mouldking.store\/hu\/wp-json\/wp\/v2\/product\/42452","targetHints":{"allow":["GET"]}}],"collection":[{"href":"https:\/\/mouldking.store\/hu\/wp-json\/wp\/v2\/product"}],"about":[{"href":"https:\/\/mouldking.store\/hu\/wp-json\/wp\/v2\/types\/product"}],"replies":[{"embeddable":true,"href":"https:\/\/mouldking.store\/hu\/wp-json\/wp\/v2\/comments?post=42452"}],"wp:featuredmedia":[{"embeddable":true,"href":"https:\/\/mouldking.store\/hu\/wp-json\/wp\/v2\/media\/42446"}],"wp:attachment":[{"href":"https:\/\/mouldking.store\/hu\/wp-json\/wp\/v2\/media?parent=42452"}],"wp:term":[{"taxonomy":"product_cat","embeddable":true,"href":"https:\/\/mouldking.store\/hu\/wp-json\/wp\/v2\/product_cat?post=42452"},{"taxonomy":"product_tag","embeddable":true,"href":"https:\/\/mouldking.store\/hu\/wp-json\/wp\/v2\/product_tag?post=42452"}],"curies":[{"name":"wp","href":"https:\/\/api.w.org\/{rel}","templated":true}]}}