{"id":42458,"date":"2023-03-01T17:45:45","date_gmt":"2023-03-01T10:45:45","guid":{"rendered":"https:\/\/mouldking.store\/shop\/moc-factory-126445-m4-sherman-antimines-medium-tank-with-870-pieces\/"},"modified":"2025-12-16T22:25:14","modified_gmt":"2025-12-16T15:25:14","slug":"moc-factory-126445-m4-sherman-antimines-medium-tank-with-870-pieces","status":"publish","type":"product","link":"https:\/\/mouldking.store\/hu\/shop\/moc-factory-126445-m4-sherman-antimines-medium-tank-with-870-pieces\/","title":{"rendered":"MOC Factory 126445 M4 Sherman Antimines k\u00f6zepes tart\u00e1ly 870 darabbal"},"content":{"rendered":"<div>\u2705 MOC-126445 M4 Sherman Antimines Medium Tank<\/p>\n<p>\u2705The Sherman tank was designed to be a versatile weapon, capable of serving in a variety of roles on the battlefield, including as an anti-tank weapon, an infantry support weapon, and a reconnaissance vehicle.&nbsp;<\/p>\n<p>\ud83d\udeab FONTOS!<\/p>\n<p>Product Name: M4 Sherman Antimines Medium Tank<\/p>\n<p>Kateg\u00f3ria: Katonai<\/p>\n<p>This Kit Contains: MOC-126445<\/p>\n<p>870 pcs Good Quality Bricks<\/p>\n<p>S\u00faly: 800g<\/p>\n<p>PDF \u00datmutat\u00f3<\/p>\n<p>\ud83d\udcccA f\u0151szerepl\u0151 term\u00e9szete<\/p>\n<p>Introducing our proud collection named \u201cM4 Sherman Antimines Medium Tank\u201d you should not miss.<\/p>\n<p>The Sherman tank was known for its reliability and ease of maintenance, as well as its relative affordability compared to other tanks of the time. However, it was also criticized for its relatively thin armor and weak armament, especially in later stages of the war when it faced heavier German tanks.<\/p><\/div>","protected":false},"excerpt":{"rendered":"<p>M\u00e1rka: MOC Factory<br \/>\nNem: Uniszex<br \/>\nKoroszt\u00e1ly: &gt; 12 \u00e9ves<br \/>\nModel Number: 126445<br \/>\nBesorol\u00e1s: \u00d6sszeszerel\u00e9s<br \/>\nM\u0171anyag blokk forma: \u00f6nz\u00e1r\u00f3 t\u00e9gla<br \/>\nAnyaga: M\u0171anyag<br \/>\nM\u0171anyag t\u00edpus: ABS<br \/>\nBricks Blocks: 870 +<br \/>\nRendel\u00e9si id\u0151: 4-8 h\u00e9t<\/p>","protected":false},"featured_media":42453,"comment_status":"open","ping_status":"closed","template":"","meta":{"_acf_changed":false},"product_cat":[1350,1357,372,364],"product_tag":[3813,374,11461,485,389],"class_list":["product","first","instock","shipping-taxable","purchasable","product-type-simple"],"acf":[],"_links":{"self":[{"href":"https:\/\/mouldking.store\/hu\/wp-json\/wp\/v2\/product\/42458","targetHints":{"allow":["GET"]}}],"collection":[{"href":"https:\/\/mouldking.store\/hu\/wp-json\/wp\/v2\/product"}],"about":[{"href":"https:\/\/mouldking.store\/hu\/wp-json\/wp\/v2\/types\/product"}],"replies":[{"embeddable":true,"href":"https:\/\/mouldking.store\/hu\/wp-json\/wp\/v2\/comments?post=42458"}],"wp:featuredmedia":[{"embeddable":true,"href":"https:\/\/mouldking.store\/hu\/wp-json\/wp\/v2\/media\/42453"}],"wp:attachment":[{"href":"https:\/\/mouldking.store\/hu\/wp-json\/wp\/v2\/media?parent=42458"}],"wp:term":[{"taxonomy":"product_cat","embeddable":true,"href":"https:\/\/mouldking.store\/hu\/wp-json\/wp\/v2\/product_cat?post=42458"},{"taxonomy":"product_tag","embeddable":true,"href":"https:\/\/mouldking.store\/hu\/wp-json\/wp\/v2\/product_tag?post=42458"}],"curies":[{"name":"wp","href":"https:\/\/api.w.org\/{rel}","templated":true}]}}