{"id":42471,"date":"2023-03-01T18:02:15","date_gmt":"2023-03-01T11:02:15","guid":{"rendered":"https:\/\/mouldking.store\/shop\/moc-factory-89460-paris-train-station-with-44756-pieces\/"},"modified":"2025-12-16T22:25:14","modified_gmt":"2025-12-16T15:25:14","slug":"moc-factory-89460-paris-train-station-with-44756-pieces","status":"publish","type":"product","link":"https:\/\/mouldking.store\/hu\/shop\/moc-factory-89460-paris-train-station-with-44756-pieces\/","title":{"rendered":"MOC Factory 89460 Paris Train Station with 44756 Pieces"},"content":{"rendered":"<div>\u2705 MOC-89460 Paris Train Station<\/p>\n<p>\u2705The Paris Train Station, also known as the Gare de Paris or the Paris Gare, is a major railway station located in the heart of Paris, France. It is one of the busiest and most important train stations in Europe, serving as a major transportation hub for both local and international travelers.<\/p>\n<p>\ud83d\udeab FONTOS!<\/p>\n<p>Product Name: Paris Train Station<\/p>\n<p>Kateg\u00f3ria: Modul\u00e1ris \u00e9p\u00fclet<\/p>\n<p>This Kit Contains: MOC-89460&nbsp;<\/p>\n<p>44756 pcs Good Quality Bricks<\/p>\n<p>Size : 144 x 144 (nine 48 x 48 Baseplate)<\/p>\n<p>Weight: 37000g<\/p>\n<p>PDF \u00datmutat\u00f3<\/p>\n<p>\ud83d\udcccA f\u0151szerepl\u0151 term\u00e9szete<\/p>\n<p>Introducing our proud collection named \u201cParis Train Station\u201d you should not miss.<\/p>\n<p>The Paris Train Station was first opened in 1846 and has undergone many renovations and expansions since then to accommodate the growing number of passengers and trains. It currently has 32 platforms and serves numerous regional and high-speed trains, including the famous TGV (Train \u00e0 Grande Vitesse) that can reach speeds of up to 320 km\/h.<\/p><\/div>","protected":false},"excerpt":{"rendered":"<p>M\u00e1rka: MOC Factory<br \/>\nNem: Uniszex<br \/>\nKoroszt\u00e1ly: &gt; 12 \u00e9ves<br \/>\nModel Number: 89460<br \/>\nBesorol\u00e1s: \u00d6sszeszerel\u00e9s<br \/>\nM\u0171anyag blokk forma: \u00f6nz\u00e1r\u00f3 t\u00e9gla<br \/>\nAnyaga: M\u0171anyag<br \/>\nM\u0171anyag t\u00edpus: ABS<br \/>\nBricks Blocks: 44756 +<\/p>","protected":false},"featured_media":42465,"comment_status":"open","ping_status":"closed","template":"","meta":{"_acf_changed":false},"product_cat":[1395,390],"product_tag":[4883,392,10833,2309,300],"class_list":["product","first","instock","shipping-taxable","purchasable","product-type-simple"],"acf":[],"_links":{"self":[{"href":"https:\/\/mouldking.store\/hu\/wp-json\/wp\/v2\/product\/42471","targetHints":{"allow":["GET"]}}],"collection":[{"href":"https:\/\/mouldking.store\/hu\/wp-json\/wp\/v2\/product"}],"about":[{"href":"https:\/\/mouldking.store\/hu\/wp-json\/wp\/v2\/types\/product"}],"replies":[{"embeddable":true,"href":"https:\/\/mouldking.store\/hu\/wp-json\/wp\/v2\/comments?post=42471"}],"wp:featuredmedia":[{"embeddable":true,"href":"https:\/\/mouldking.store\/hu\/wp-json\/wp\/v2\/media\/42465"}],"wp:attachment":[{"href":"https:\/\/mouldking.store\/hu\/wp-json\/wp\/v2\/media?parent=42471"}],"wp:term":[{"taxonomy":"product_cat","embeddable":true,"href":"https:\/\/mouldking.store\/hu\/wp-json\/wp\/v2\/product_cat?post=42471"},{"taxonomy":"product_tag","embeddable":true,"href":"https:\/\/mouldking.store\/hu\/wp-json\/wp\/v2\/product_tag?post=42471"}],"curies":[{"name":"wp","href":"https:\/\/api.w.org\/{rel}","templated":true}]}}