{"id":42476,"date":"2023-03-01T18:13:14","date_gmt":"2023-03-01T11:13:14","guid":{"rendered":"https:\/\/mouldking.store\/shop\/moc-factory-89459-roman-history-museum-with-6809-pieces\/"},"modified":"2025-12-16T22:25:14","modified_gmt":"2025-12-16T15:25:14","slug":"moc-factory-89459-roman-history-museum-with-6809-pieces","status":"publish","type":"product","link":"https:\/\/mouldking.store\/hu\/shop\/moc-factory-89459-roman-history-museum-with-6809-pieces\/","title":{"rendered":"MOC Factory 89459 R\u00f3mai T\u00f6rt\u00e9neti M\u00fazeum 6809 darabbal"},"content":{"rendered":"<div>\u2705 MOC-89459 Roman History Museum<\/p>\n<p>\u2705The model with a reasonable structure highly restores the real scenes with abundant vivid parts inside after being revised and checked many times. This unique set is greatly worthy of displaying and collecting.<\/p>\n<p>\ud83d\udeab FONTOS!<\/p>\n<p>Product Name: Roman History Museum<\/p>\n<p>Kateg\u00f3ria: Modul\u00e1ris \u00e9p\u00fclet<\/p>\n<p>This Kit Contains: MOC-89459&nbsp;<\/p>\n<p>6809 pcs Good Quality Bricks<\/p>\n<p>Size: 52 x 39 x 42cm<\/p>\n<p>Weight: 5680g<\/p>\n<p>PDF \u00datmutat\u00f3<\/p>\n<p>\ud83d\udcccA f\u0151szerepl\u0151 term\u00e9szete<\/p>\n<p>Introducing our proud collection named \u201cRoman History Museum\u201d you should not miss.<\/p>\n<p>Composed of 6809 high-quality and accurate-in-color parts that tightly fit with each other to ensure the firm struction, this set offers builders impeccable hand feel and is easy to disassemble. With the secure structure, the parts support builders with the same quality as the famous building blocks brands.<\/p><\/div>","protected":false},"excerpt":{"rendered":"<p>M\u00e1rka: MOC Factory<br \/>\nNem: Uniszex<br \/>\nKoroszt\u00e1ly: &gt; 12 \u00e9ves<br \/>\nModel Number: 89459<br \/>\nBesorol\u00e1s: \u00d6sszeszerel\u00e9s<br \/>\nM\u0171anyag blokk forma: \u00f6nz\u00e1r\u00f3 t\u00e9gla<br \/>\nAnyaga: M\u0171anyag<br \/>\nM\u0171anyag t\u00edpus: ABS<br \/>\nBricks Blocks: 6809 +<br \/>\nRendel\u00e9si id\u0151: 4-8 h\u00e9t<\/p>","protected":false},"featured_media":42472,"comment_status":"open","ping_status":"closed","template":"","meta":{"_acf_changed":false},"product_cat":[1395,390],"product_tag":[4883,11243,392,3244,9915],"class_list":["product","first","instock","shipping-taxable","purchasable","product-type-simple"],"acf":[],"_links":{"self":[{"href":"https:\/\/mouldking.store\/hu\/wp-json\/wp\/v2\/product\/42476","targetHints":{"allow":["GET"]}}],"collection":[{"href":"https:\/\/mouldking.store\/hu\/wp-json\/wp\/v2\/product"}],"about":[{"href":"https:\/\/mouldking.store\/hu\/wp-json\/wp\/v2\/types\/product"}],"replies":[{"embeddable":true,"href":"https:\/\/mouldking.store\/hu\/wp-json\/wp\/v2\/comments?post=42476"}],"wp:featuredmedia":[{"embeddable":true,"href":"https:\/\/mouldking.store\/hu\/wp-json\/wp\/v2\/media\/42472"}],"wp:attachment":[{"href":"https:\/\/mouldking.store\/hu\/wp-json\/wp\/v2\/media?parent=42476"}],"wp:term":[{"taxonomy":"product_cat","embeddable":true,"href":"https:\/\/mouldking.store\/hu\/wp-json\/wp\/v2\/product_cat?post=42476"},{"taxonomy":"product_tag","embeddable":true,"href":"https:\/\/mouldking.store\/hu\/wp-json\/wp\/v2\/product_tag?post=42476"}],"curies":[{"name":"wp","href":"https:\/\/api.w.org\/{rel}","templated":true}]}}