{"id":42483,"date":"2023-03-01T18:20:55","date_gmt":"2023-03-01T11:20:55","guid":{"rendered":"https:\/\/mouldking.store\/shop\/moc-factory-132314-falcons-impenetrable-keep-with-2155-pieces\/"},"modified":"2025-12-16T22:25:14","modified_gmt":"2025-12-16T15:25:14","slug":"moc-factory-132314-falcons-impenetrable-keep-with-2155-pieces","status":"publish","type":"product","link":"https:\/\/mouldking.store\/hu\/shop\/moc-factory-132314-falcons-impenetrable-keep-with-2155-pieces\/","title":{"rendered":"MOC Factory 132314 Falcons \u00e1thatolhatatlan \u0151r 2155 darabbal"},"content":{"rendered":"<div>\u2705 MOC-132314 Falcons Impenetrable Keep<\/p>\n<p>\u2705Falcons Impenetrable Keep is a brick model designed by a brick enthusiast named Legolot. It&#8217;s a medieval-themed castle made of bricks and features various architectural details, such as towers, walls, gates, and a courtyard. The model is not based on any existing castle but is rather a product of the designer&#8217;s imagination.<\/p>\n<p>\ud83d\udeab FONTOS!<\/p>\n<p>Product Name: Falcons Impenetrable Keep<\/p>\n<p>Kateg\u00f3ria: Modul\u00e1ris \u00e9p\u00fclet<\/p>\n<p>This Kit Contains: MOC-132314<\/p>\n<p>2155 pcs Good Quality Bricks<\/p>\n<p>Weight: 1500g<\/p>\n<p>PDF \u00datmutat\u00f3<\/p>\n<p>\ud83d\udcccA f\u0151szerepl\u0151 term\u00e9szete<\/p>\n<p>Introducing our proud collection named \u201cFalcons Impenetrable Keep\u201d you should not miss.<\/p>\n<p>Brick enthusiasts often create custom models like this one and share instructions on how to build them with others who are interested in brick building. The model you mentioned is available for purchase as instructions, which means you can buy the building guide and the necessary brick pieces separately and build the castle yourself.<\/p><\/div>","protected":false},"excerpt":{"rendered":"<p>M\u00e1rka: MOC Factory<br \/>\nNem: Uniszex<br \/>\nKoroszt\u00e1ly: &gt; 12 \u00e9ves<br \/>\nModel Number: 132314<br \/>\nBesorol\u00e1s: \u00d6sszeszerel\u00e9s<br \/>\nM\u0171anyag blokk forma: \u00f6nz\u00e1r\u00f3 t\u00e9gla<br \/>\nAnyaga: M\u0171anyag<br \/>\nM\u0171anyag t\u00edpus: ABS<br \/>\nBricks Blocks: 2155 +<br \/>\nRendel\u00e9si id\u0151: 4-8 h\u00e9t<\/p>","protected":false},"featured_media":42477,"comment_status":"open","ping_status":"closed","template":"","meta":{"_acf_changed":false},"product_cat":[1395,390],"product_tag":[11462,4883,5644,392],"class_list":["product","first","instock","shipping-taxable","purchasable","product-type-simple"],"acf":[],"_links":{"self":[{"href":"https:\/\/mouldking.store\/hu\/wp-json\/wp\/v2\/product\/42483","targetHints":{"allow":["GET"]}}],"collection":[{"href":"https:\/\/mouldking.store\/hu\/wp-json\/wp\/v2\/product"}],"about":[{"href":"https:\/\/mouldking.store\/hu\/wp-json\/wp\/v2\/types\/product"}],"replies":[{"embeddable":true,"href":"https:\/\/mouldking.store\/hu\/wp-json\/wp\/v2\/comments?post=42483"}],"wp:featuredmedia":[{"embeddable":true,"href":"https:\/\/mouldking.store\/hu\/wp-json\/wp\/v2\/media\/42477"}],"wp:attachment":[{"href":"https:\/\/mouldking.store\/hu\/wp-json\/wp\/v2\/media?parent=42483"}],"wp:term":[{"taxonomy":"product_cat","embeddable":true,"href":"https:\/\/mouldking.store\/hu\/wp-json\/wp\/v2\/product_cat?post=42483"},{"taxonomy":"product_tag","embeddable":true,"href":"https:\/\/mouldking.store\/hu\/wp-json\/wp\/v2\/product_tag?post=42483"}],"curies":[{"name":"wp","href":"https:\/\/api.w.org\/{rel}","templated":true}]}}