{"id":42490,"date":"2023-03-01T18:28:01","date_gmt":"2023-03-01T11:28:01","guid":{"rendered":"https:\/\/mouldking.store\/shop\/moc-factory-29408-ucs-kms-bismarck-battleship-with-7164-pieces\/"},"modified":"2025-12-16T22:25:14","modified_gmt":"2025-12-16T15:25:14","slug":"moc-factory-29408-ucs-kms-bismarck-battleship-with-7164-pieces","status":"publish","type":"product","link":"https:\/\/mouldking.store\/hu\/shop\/moc-factory-29408-ucs-kms-bismarck-battleship-with-7164-pieces\/","title":{"rendered":"MOC Factory 29408 UCS KMS Bismarck csatahaj\u00f3 7164 darabbal"},"content":{"rendered":"<div>\u2705 MOC-29408 UCS KMS Bismarck Battleship<\/p>\n<p>\u2705UCS KMS Bismarck is a brick model of the German battleship Bismarck, designed by a brick enthusiast and sold as building instructions. The term UCS stands for &#8220;Ultimate Collector&#8217;s Series,&#8221; a designation used by brick to indicate a line of models designed for more experienced builders and collectors, typically larger in scale and more complex than regular brick sets.<\/p>\n<p>\ud83d\udeab FONTOS!<\/p>\n<p>Product Name: UCS KMS Bismarck Battleship<\/p>\n<p>Kateg\u00f3ria: Katonai<\/p>\n<p>This Kit Contains: MOC-29408<\/p>\n<p>7164 pcs Good Quality Bricks<\/p>\n<p>Weight: 6000g<\/p>\n<p>PDF \u00datmutat\u00f3<\/p>\n<p>\ud83d\udcccA f\u0151szerepl\u0151 term\u00e9szete<\/p>\n<p>Introducing our proud collection named \u201cUCS KMS Bismarck Battleship\u201d you should not miss.<\/p>\n<p>The KMS Bismarck was a famous battleship that served in the German navy during World War II. The brick model is designed to resemble the real ship as closely as possible and features intricate details such as a detailed hull, gun turrets, and a display stand. It consists of over 7,000 brick pieces and measures over 100 cm (40 inches) in length.<\/p><\/div>","protected":false},"excerpt":{"rendered":"<p>M\u00e1rka: MOC Factory<br \/>\nNem: Uniszex<br \/>\nKoroszt\u00e1ly: &gt; 12 \u00e9ves<br \/>\nModel Number: 29408<br \/>\nBesorol\u00e1s: \u00d6sszeszerel\u00e9s<br \/>\nM\u0171anyag blokk forma: \u00f6nz\u00e1r\u00f3 t\u00e9gla<br \/>\nAnyaga: M\u0171anyag<br \/>\nM\u0171anyag t\u00edpus: ABS<br \/>\nBricks Blocks: 7164 +<br \/>\nRendel\u00e9si id\u0151: 4-8 h\u00e9t<\/p>","protected":false},"featured_media":42484,"comment_status":"open","ping_status":"closed","template":"","meta":{"_acf_changed":false},"product_cat":[1350,1357,372,364],"product_tag":[5703,9289,374,389,4093],"class_list":["product","first","instock","shipping-taxable","purchasable","product-type-simple"],"acf":[],"_links":{"self":[{"href":"https:\/\/mouldking.store\/hu\/wp-json\/wp\/v2\/product\/42490","targetHints":{"allow":["GET"]}}],"collection":[{"href":"https:\/\/mouldking.store\/hu\/wp-json\/wp\/v2\/product"}],"about":[{"href":"https:\/\/mouldking.store\/hu\/wp-json\/wp\/v2\/types\/product"}],"replies":[{"embeddable":true,"href":"https:\/\/mouldking.store\/hu\/wp-json\/wp\/v2\/comments?post=42490"}],"wp:featuredmedia":[{"embeddable":true,"href":"https:\/\/mouldking.store\/hu\/wp-json\/wp\/v2\/media\/42484"}],"wp:attachment":[{"href":"https:\/\/mouldking.store\/hu\/wp-json\/wp\/v2\/media?parent=42490"}],"wp:term":[{"taxonomy":"product_cat","embeddable":true,"href":"https:\/\/mouldking.store\/hu\/wp-json\/wp\/v2\/product_cat?post=42490"},{"taxonomy":"product_tag","embeddable":true,"href":"https:\/\/mouldking.store\/hu\/wp-json\/wp\/v2\/product_tag?post=42490"}],"curies":[{"name":"wp","href":"https:\/\/api.w.org\/{rel}","templated":true}]}}