{"id":42495,"date":"2023-03-01T18:36:09","date_gmt":"2023-03-01T11:36:09","guid":{"rendered":"https:\/\/mouldking.store\/shop\/moc-factory-12233-1970-porsche-can-am-42077-rally-car-c-model-with-1026-pieces\/"},"modified":"2025-12-16T22:25:14","modified_gmt":"2025-12-16T15:25:14","slug":"moc-factory-12233-1970-porsche-can-am-42077-rally-car-c-model-with-1026-pieces","status":"publish","type":"product","link":"https:\/\/mouldking.store\/hu\/shop\/moc-factory-12233-1970-porsche-can-am-42077-rally-car-c-model-with-1026-pieces\/","title":{"rendered":"MOC Factory 12233 1970 Porsche Can Am &#8211; 42077 Rally Car &#8211; C Model with 1026 Pieces"},"content":{"rendered":"<div>\u2705 MOC-12233 1970 Porsche Can Am &#8211; 42077 Rally Car &#8211; C Model<\/p>\n<p>\u2705The 1970 Porsche Can Am is a custom brick model designed by a brick enthusiast as a C Model of the brick Technic 42077 Rally Car set. C Models are alternate models that builders can create using the pieces from a brick set other than the main model that the set is designed for.<\/p>\n<p>\ud83d\udeab FONTOS!<\/p>\n<p>Product Name: 1970 Porsche Can Am &#8211; 42077 Rally Car &#8211; C Model<\/p>\n<p>Kateg\u00f3ria: M\u0171szaki<\/p>\n<p>This Kit Contains: MOC-12233<\/p>\n<p>1026 pcs Good Quality Bricks<\/p>\n<p>S\u00faly: 1000g<\/p>\n<p>PDF \u00datmutat\u00f3<\/p>\n<p>\ud83d\udcccA f\u0151szerepl\u0151 term\u00e9szete<\/p>\n<p>Introducing our proud collection named \u201c1970 Porsche Can Am &#8211; 42077 Rally Car &#8211; C Model\u201d you should not miss.<\/p>\n<p>The 1970 Porsche Can Am model is designed to resemble a classic Porsche race car from the Can-Am series that ran in the early 1970s. It features a low-slung, aerodynamic body with a rear spoiler, large air intakes, and a roll cage. The model also features working steering and suspension, as well as an opening rear engine cover to reveal the detailed engine.<\/p><\/div>","protected":false},"excerpt":{"rendered":"<p>M\u00e1rka: MOC Factory<br \/>\nNem: Uniszex<br \/>\nKoroszt\u00e1ly: &gt; 12 \u00e9ves<br \/>\nModel Number: 12233<br \/>\nBesorol\u00e1s: \u00d6sszeszerel\u00e9s<br \/>\nM\u0171anyag blokk forma: \u00f6nz\u00e1r\u00f3 t\u00e9gla<br \/>\nAnyaga: M\u0171anyag<br \/>\nM\u0171anyag t\u00edpus: ABS<br \/>\nT\u00e9gla blokkok: 1026+<br \/>\nRendel\u00e9si id\u0151: 4-8 h\u00e9t<\/p>","protected":false},"featured_media":42491,"comment_status":"open","ping_status":"closed","template":"","meta":{"_acf_changed":false},"product_cat":[1360,1357,364],"product_tag":[457,2754,11463,389,11080],"class_list":["product","first","instock","shipping-taxable","purchasable","product-type-simple"],"acf":[],"_links":{"self":[{"href":"https:\/\/mouldking.store\/hu\/wp-json\/wp\/v2\/product\/42495","targetHints":{"allow":["GET"]}}],"collection":[{"href":"https:\/\/mouldking.store\/hu\/wp-json\/wp\/v2\/product"}],"about":[{"href":"https:\/\/mouldking.store\/hu\/wp-json\/wp\/v2\/types\/product"}],"replies":[{"embeddable":true,"href":"https:\/\/mouldking.store\/hu\/wp-json\/wp\/v2\/comments?post=42495"}],"wp:featuredmedia":[{"embeddable":true,"href":"https:\/\/mouldking.store\/hu\/wp-json\/wp\/v2\/media\/42491"}],"wp:attachment":[{"href":"https:\/\/mouldking.store\/hu\/wp-json\/wp\/v2\/media?parent=42495"}],"wp:term":[{"taxonomy":"product_cat","embeddable":true,"href":"https:\/\/mouldking.store\/hu\/wp-json\/wp\/v2\/product_cat?post=42495"},{"taxonomy":"product_tag","embeddable":true,"href":"https:\/\/mouldking.store\/hu\/wp-json\/wp\/v2\/product_tag?post=42495"}],"curies":[{"name":"wp","href":"https:\/\/api.w.org\/{rel}","templated":true}]}}