{"id":42514,"date":"2023-03-02T14:38:15","date_gmt":"2023-03-02T07:38:15","guid":{"rendered":"https:\/\/mouldking.store\/shop\/panlosbrick-672009-black-bat-motorbike-with-1080-pieces\/"},"modified":"2023-03-02T14:38:15","modified_gmt":"2023-03-02T07:38:15","slug":"panlosbrick-672009-black-bat-motorbike-with-1080-pieces","status":"publish","type":"product","link":"https:\/\/mouldking.store\/hu\/shop\/panlosbrick-672009-black-bat-motorbike-with-1080-pieces\/","title":{"rendered":"PANLOSBRICK 672009 Black Bat Motorbike with 1080 Pieces"},"content":{"rendered":"<div>\u2705 Panlos 672009 Black Bat Motorbike<br \/>&nbsp;<br \/>\u2705The Batcycle is a fictional motorcycle that appears in various media related to the Batman franchise, including comics, movies, and television shows. It is a customized motorcycle designed specifically for Batman&#8217;s use, equipped with various crime-fighting tools and weapons, such as grappling hooks, missile launchers, and advanced computer systems.<\/p>\n<p>\ud83d\udeab FONTOS!&nbsp;<br \/>&nbsp;<br \/>Product Name: Black Bat Motorbike<br \/>&nbsp;<br \/>Kateg\u00f3ria: M\u0171szaki<br \/>&nbsp;<br \/>This Kit Contains: Panlos 672009<br \/>&nbsp;<br \/>1080 pcs Good Quality Bricks&nbsp;<br \/>&nbsp;<br \/>Size: 33 \u00d7 16.5 \u00d7 18 cm<br \/>&nbsp;<br \/>K\u00e9zi utas\u00edt\u00e1sok&nbsp;<br \/>&nbsp;<br \/>\ud83d\udcccA f\u0151szerepl\u0151 term\u00e9szete&nbsp;<br \/>&nbsp;<br \/>Introducing our proud collection named \u201cBlack Bat Motorbike\u201d you should not miss.&nbsp;<br \/>&nbsp;<br \/>The Batcycle has had many different designs over the years, but it is usually depicted as a sleek, black motorcycle with bat-winged fairings and a bat symbol on the front. It is often used by Batman and his allies, such as Robin and Batgirl, to pursue criminals or to quickly reach a location in need of their assistance.<\/div>","protected":false},"excerpt":{"rendered":"<p>M\u00e1rka: PANLOSBRICK<br \/>\nNem: Uniszex<br \/>\nAge Range: &gt; 18 years old<br \/>\nModel Number: 672009<br \/>\nBesorol\u00e1s: \u00d6sszeszerel\u00e9s<br \/>\nM\u0171anyag blokk forma: \u00f6nz\u00e1r\u00f3 t\u00e9gla<br \/>\nAnyaga: M\u0171anyag<br \/>\nM\u0171anyag t\u00edpus: ABS<br \/>\nBricks Blocks: 1080 +<br \/>\nEredeti doboza nincs<\/p>","protected":false},"featured_media":42509,"comment_status":"open","ping_status":"closed","template":"","meta":{"_acf_changed":false},"product_cat":[1357,581,364,1408],"product_tag":[11329,11466,11397,2449,434,389,11080],"class_list":["product","first","instock","shipping-taxable","purchasable","product-type-simple"],"acf":[],"_links":{"self":[{"href":"https:\/\/mouldking.store\/hu\/wp-json\/wp\/v2\/product\/42514","targetHints":{"allow":["GET"]}}],"collection":[{"href":"https:\/\/mouldking.store\/hu\/wp-json\/wp\/v2\/product"}],"about":[{"href":"https:\/\/mouldking.store\/hu\/wp-json\/wp\/v2\/types\/product"}],"replies":[{"embeddable":true,"href":"https:\/\/mouldking.store\/hu\/wp-json\/wp\/v2\/comments?post=42514"}],"wp:featuredmedia":[{"embeddable":true,"href":"https:\/\/mouldking.store\/hu\/wp-json\/wp\/v2\/media\/42509"}],"wp:attachment":[{"href":"https:\/\/mouldking.store\/hu\/wp-json\/wp\/v2\/media?parent=42514"}],"wp:term":[{"taxonomy":"product_cat","embeddable":true,"href":"https:\/\/mouldking.store\/hu\/wp-json\/wp\/v2\/product_cat?post=42514"},{"taxonomy":"product_tag","embeddable":true,"href":"https:\/\/mouldking.store\/hu\/wp-json\/wp\/v2\/product_tag?post=42514"}],"curies":[{"name":"wp","href":"https:\/\/api.w.org\/{rel}","templated":true}]}}