{"id":42519,"date":"2023-03-02T14:58:01","date_gmt":"2023-03-02T07:58:01","guid":{"rendered":"https:\/\/mouldking.store\/shop\/guly-20313-type-003-aircraft-carrier-with-7018-pieces\/"},"modified":"2023-03-02T14:58:01","modified_gmt":"2023-03-02T07:58:01","slug":"guly-20313-type-003-aircraft-carrier-with-7018-pieces","status":"publish","type":"product","link":"https:\/\/mouldking.store\/hu\/shop\/guly-20313-type-003-aircraft-carrier-with-7018-pieces\/","title":{"rendered":"GULY 20313 t\u00edpus\u00fa 003 rep\u00fcl\u0151g\u00e9p-hordoz\u00f3 7018 darabbal"},"content":{"rendered":"<div>\u2705 GULY 20313 Type 003 Aircraft Carrier<br \/>&nbsp;<br \/>\u2705The Type 003 Aircraft Carrier is a new class of aircraft carrier being developed by the People&#8217;s Liberation Army Navy (PLAN) of China. It is expected to be China&#8217;s largest and most advanced aircraft carrier, with a displacement of around 85,000 tons and the ability to carry more than 70 aircraft.<br \/>&nbsp;<br \/>\ud83d\udeab FONTOS!&nbsp;<br \/>&nbsp;<br \/>Product Name: Type 003 Aircraft Carrier<br \/>&nbsp;<br \/>Kateg\u00f3ria: Katonai<br \/>&nbsp;<br \/>This kid contains: GULY 20313<br \/>&nbsp;<br \/>7018 pcs Good Quality Bricks&nbsp;<br \/>&nbsp;<br \/>Size: 130 \u00d7 43.7 \u00d7 33.2 cm<br \/>&nbsp;<br \/>K\u00e9zi utas\u00edt\u00e1sok&nbsp;<br \/>&nbsp;<br \/>\ud83d\udcccA f\u0151szerepl\u0151 term\u00e9szete&nbsp;<br \/>&nbsp;<br \/>Introducing our proud collection named \u201cType 003 Aircraft Carrier\u201d you should not miss.&nbsp;<br \/>&nbsp;<br \/>The Type 003 will feature a flat deck design, with a catapult-assisted takeoff system and arresting wires for landing aircraft. It is expected to be equipped with advanced radar systems, missile defense systems, and electronic warfare capabilities. The construction of the Type 003 began in 2018, and it is expected to be launched and commissioned in the mid-to-late 2020s. Once completed, it will become China&#8217;s third aircraft carrier, joining the Liaoning and the Shandong in the PLAN&#8217;s fleet. The Type 003 is seen as a significant step forward for China&#8217;s military capabilities and its ability to project power in the Asia-Pacific region.<\/div>","protected":false},"excerpt":{"rendered":"<p>Brand: GULY<br \/>\nNem: Uniszex<br \/>\nKoroszt\u00e1ly: 8 \u00e9v felett<br \/>\nModel Number: 20313<br \/>\nBesorol\u00e1s: \u00d6sszeszerel\u00e9s<br \/>\nM\u0171anyag blokk forma: \u00f6nz\u00e1r\u00f3 t\u00e9gla<br \/>\nAnyaga: M\u0171anyag<br \/>\nM\u0171anyag t\u00edpus: ABS<br \/>\nBricks Blocks: 7018 +<br \/>\nF\u00e9nnyel<\/p>","protected":false},"featured_media":42515,"comment_status":"open","ping_status":"closed","template":"","meta":{"_acf_changed":false},"product_cat":[1350,1357,372,364],"product_tag":[5271,4681,7373,374,389],"class_list":["product","first","instock","shipping-taxable","purchasable","product-type-simple"],"acf":[],"_links":{"self":[{"href":"https:\/\/mouldking.store\/hu\/wp-json\/wp\/v2\/product\/42519","targetHints":{"allow":["GET"]}}],"collection":[{"href":"https:\/\/mouldking.store\/hu\/wp-json\/wp\/v2\/product"}],"about":[{"href":"https:\/\/mouldking.store\/hu\/wp-json\/wp\/v2\/types\/product"}],"replies":[{"embeddable":true,"href":"https:\/\/mouldking.store\/hu\/wp-json\/wp\/v2\/comments?post=42519"}],"wp:featuredmedia":[{"embeddable":true,"href":"https:\/\/mouldking.store\/hu\/wp-json\/wp\/v2\/media\/42515"}],"wp:attachment":[{"href":"https:\/\/mouldking.store\/hu\/wp-json\/wp\/v2\/media?parent=42519"}],"wp:term":[{"taxonomy":"product_cat","embeddable":true,"href":"https:\/\/mouldking.store\/hu\/wp-json\/wp\/v2\/product_cat?post=42519"},{"taxonomy":"product_tag","embeddable":true,"href":"https:\/\/mouldking.store\/hu\/wp-json\/wp\/v2\/product_tag?post=42519"}],"curies":[{"name":"wp","href":"https:\/\/api.w.org\/{rel}","templated":true}]}}