{"id":42530,"date":"2023-03-02T16:54:10","date_gmt":"2023-03-02T09:54:10","guid":{"rendered":"https:\/\/mouldking.store\/shop\/moc-factory-89458-my-singing-monsters-mammott-entbrat-bowgart-noggin-and-furcorn-with-168-pieces\/"},"modified":"2025-12-16T22:25:13","modified_gmt":"2025-12-16T15:25:13","slug":"moc-factory-89458-my-singing-monsters-mammott-entbrat-bowgart-noggin-and-furcorn-with-168-pieces","status":"publish","type":"product","link":"https:\/\/mouldking.store\/hu\/shop\/moc-factory-89458-my-singing-monsters-mammott-entbrat-bowgart-noggin-and-furcorn-with-168-pieces\/","title":{"rendered":"MOC Factory 89458 My Singing Monsters Mammott Entbrat Bowgart Noggin and Furcorn with 168 Pieces"},"content":{"rendered":"<div>\u2705 MOC-89458 My Singing Monsters Mammott Entbrat Bowgart Noggin and Furcorn<\/p>\n<p>\u2705My Singing Monsters is a popular mobile game where players collect and breed various monsters, each with their unique look and sound. Mammott, Entbrat, Bowgart, Noggin, and Furcorn are some of the monsters that can be found in the game.<\/p>\n<p>\ud83d\udeab FONTOS!<\/p>\n<p>Product Name: My Singing Monsters Mammott Entbrat Bowgart Noggin and Furcorn<\/p>\n<p>Kateg\u00f3ria: Alkot\u00f3<\/p>\n<p>This Kit Contains: C9317<\/p>\n<p>168 pcs Good Quality Bricks<\/p>\n<p>Size: 5.8 x 3.2 x 6.1 cm<\/p>\n<p>S\u00faly: 0,06 kg<\/p>\n<p>PDF \u00datmutat\u00f3<\/p>\n<p>\ud83d\udcccA f\u0151szerepl\u0151 term\u00e9szete<\/p>\n<p>Introducing our proud collection named \u201cMy Singing Monsters Mammott Entbrat Bowgart Noggin and Furcorn\u201d you should not miss.<\/p>\n<p>Each monster has its unique sound and can be combined with other monsters to create new, more complex songs. The game is known for its catchy tunes and adorable monster designs, and it has a large and dedicated fan base.<\/p><\/div>","protected":false},"excerpt":{"rendered":"<p>M\u00e1rka: MOC Factory<br \/>\nNem: Uniszex<br \/>\nKoroszt\u00e1ly: &gt; 6 \u00e9v<br \/>\nModel Number: 89458<br \/>\nBesorol\u00e1s: \u00d6sszeszerel\u00e9s<br \/>\nM\u0171anyag blokk forma: \u00f6nz\u00e1r\u00f3 t\u00e9gla<br \/>\nAnyaga: M\u0171anyag<br \/>\nM\u0171anyag t\u00edpus: ABS<br \/>\nBricks Blocks: 168 +<br \/>\nEredeti doboza nincs<\/p>","protected":false},"featured_media":42521,"comment_status":"open","ping_status":"closed","template":"","meta":{"_acf_changed":false},"product_cat":[1365,371,581,1408],"product_tag":[11471,11072,8452,11470,11473,9139,11469,11468,434,11472,11467],"class_list":["product","first","instock","shipping-taxable","purchasable","product-type-simple"],"acf":[],"_links":{"self":[{"href":"https:\/\/mouldking.store\/hu\/wp-json\/wp\/v2\/product\/42530","targetHints":{"allow":["GET"]}}],"collection":[{"href":"https:\/\/mouldking.store\/hu\/wp-json\/wp\/v2\/product"}],"about":[{"href":"https:\/\/mouldking.store\/hu\/wp-json\/wp\/v2\/types\/product"}],"replies":[{"embeddable":true,"href":"https:\/\/mouldking.store\/hu\/wp-json\/wp\/v2\/comments?post=42530"}],"wp:featuredmedia":[{"embeddable":true,"href":"https:\/\/mouldking.store\/hu\/wp-json\/wp\/v2\/media\/42521"}],"wp:attachment":[{"href":"https:\/\/mouldking.store\/hu\/wp-json\/wp\/v2\/media?parent=42530"}],"wp:term":[{"taxonomy":"product_cat","embeddable":true,"href":"https:\/\/mouldking.store\/hu\/wp-json\/wp\/v2\/product_cat?post=42530"},{"taxonomy":"product_tag","embeddable":true,"href":"https:\/\/mouldking.store\/hu\/wp-json\/wp\/v2\/product_tag?post=42530"}],"curies":[{"name":"wp","href":"https:\/\/api.w.org\/{rel}","templated":true}]}}