{"id":42540,"date":"2023-03-02T17:05:36","date_gmt":"2023-03-02T10:05:36","guid":{"rendered":"https:\/\/mouldking.store\/shop\/moc-factory-89457-garten-of-banban-banban-with-134-pieces\/"},"modified":"2025-12-16T22:25:13","modified_gmt":"2025-12-16T15:25:13","slug":"moc-factory-89457-garten-of-banban-banban-with-134-pieces","status":"publish","type":"product","link":"https:\/\/mouldking.store\/hu\/shop\/moc-factory-89457-garten-of-banban-banban-with-134-pieces\/","title":{"rendered":"MOC Factory 89457 Garten of Banban Banban with 134 Pieces"},"content":{"rendered":"<div>\u2705 MOC-89457 Garten of Banban Banban<\/p>\n<p>\u2705Garten of Banban Banban a red robot-like figure with a humanoid appearance. The figure has a blocky and angular design with various red pieces and detailing, including arms, legs, and a head.<\/p>\n<p>\ud83d\udeab FONTOS!<\/p>\n<p>Product Name: Garten of Banban Banban<\/p>\n<p>Kateg\u00f3ria: Film<\/p>\n<p>This Kit Contains: C9316Y03<\/p>\n<p>134 db J\u00f3 min\u0151s\u00e9g\u0171 t\u00e9gla<\/p>\n<p>Size: 10.6 x 10.6 x 17.8 cm<\/p>\n<p>S\u00faly: 0,09 kg<\/p>\n<p>PDF \u00datmutat\u00f3<\/p>\n<p>\ud83d\udcccA f\u0151szerepl\u0151 term\u00e9szete<\/p>\n<p>Introducing our proud collection named \u201cGarten of Banban Banban\u201d you should not miss.<\/p>\n<p>The set includes various building blocks that can be used to construct the robot figure, as well as additional decorative pieces like small flowers and greenery. It is a fun and creative building project that could provide hours of entertainment and challenge for those who enjoy building with blocks.<\/p><\/div>","protected":false},"excerpt":{"rendered":"<p>M\u00e1rka: MOC Factory<br \/>\nNem: Uniszex<br \/>\nKoroszt\u00e1ly: &gt; 6 \u00e9v<br \/>\nModel Number: 89457<br \/>\nBesorol\u00e1s: \u00d6sszeszerel\u00e9s<br \/>\nM\u0171anyag blokk forma: \u00f6nz\u00e1r\u00f3 t\u00e9gla<br \/>\nAnyaga: M\u0171anyag<br \/>\nM\u0171anyag t\u00edpus: ABS<br \/>\nT\u00e9gla T\u00e9gla: 134+<br \/>\nEredeti doboza nincs<\/p>","protected":false},"featured_media":42531,"comment_status":"open","ping_status":"closed","template":"","meta":{"_acf_changed":false},"product_cat":[1365,371,581,1408],"product_tag":[11475,11072,8452,9139,11474,434],"class_list":["product","first","instock","shipping-taxable","purchasable","product-type-simple"],"acf":[],"_links":{"self":[{"href":"https:\/\/mouldking.store\/hu\/wp-json\/wp\/v2\/product\/42540","targetHints":{"allow":["GET"]}}],"collection":[{"href":"https:\/\/mouldking.store\/hu\/wp-json\/wp\/v2\/product"}],"about":[{"href":"https:\/\/mouldking.store\/hu\/wp-json\/wp\/v2\/types\/product"}],"replies":[{"embeddable":true,"href":"https:\/\/mouldking.store\/hu\/wp-json\/wp\/v2\/comments?post=42540"}],"wp:featuredmedia":[{"embeddable":true,"href":"https:\/\/mouldking.store\/hu\/wp-json\/wp\/v2\/media\/42531"}],"wp:attachment":[{"href":"https:\/\/mouldking.store\/hu\/wp-json\/wp\/v2\/media?parent=42540"}],"wp:term":[{"taxonomy":"product_cat","embeddable":true,"href":"https:\/\/mouldking.store\/hu\/wp-json\/wp\/v2\/product_cat?post=42540"},{"taxonomy":"product_tag","embeddable":true,"href":"https:\/\/mouldking.store\/hu\/wp-json\/wp\/v2\/product_tag?post=42540"}],"curies":[{"name":"wp","href":"https:\/\/api.w.org\/{rel}","templated":true}]}}