{"id":42547,"date":"2023-03-02T17:12:58","date_gmt":"2023-03-02T10:12:58","guid":{"rendered":"https:\/\/mouldking.store\/shop\/moc-factory-114786-stranger-things-hawkins-national-laboratory-with-1344-pieces\/"},"modified":"2025-12-16T22:25:13","modified_gmt":"2025-12-16T15:25:13","slug":"moc-factory-114786-stranger-things-hawkins-national-laboratory-with-1344-pieces","status":"publish","type":"product","link":"https:\/\/mouldking.store\/hu\/shop\/moc-factory-114786-stranger-things-hawkins-national-laboratory-with-1344-pieces\/","title":{"rendered":"MOC Factory 114786 Stranger Things Hawkins National Laboratory with 1344 Pieces"},"content":{"rendered":"<div>\u2705 MOC-114786 Stranger Things Hawkins National Laboratory<\/p>\n<p>\u2705Hawkins National Laboratory is a fictional research facility in the popular Netflix series, Stranger Things. It is located in the town of Hawkins, Indiana and is operated by the United States Department of Energy.<\/p>\n<p>\ud83d\udeab FONTOS!<\/p>\n<p>Product Name: Stranger Things Hawkins National Laboratory<\/p>\n<p>Kateg\u00f3ria: Film<\/p>\n<p>This Kit Contains: C9288<\/p>\n<p>1344 pcs Good Quality Bricks<\/p>\n<p>Size: 21 x 21 x 11 cm<\/p>\n<p>Weight: 0.83 kg<\/p>\n<p>PDF \u00datmutat\u00f3<\/p>\n<p>\ud83d\udcccA f\u0151szerepl\u0151 term\u00e9szete<\/p>\n<p>Introducing our proud collection named \u201cStranger Things Hawkins National Laboratory\u201d you should not miss.<\/p>\n<p>In the series, the laboratory serves as a secretive and controversial government research facility where experiments are conducted on supernatural phenomena, including a portal to an alternate dimension known as the Upside Down. The laboratory is initially presented as a benign facility, but it is eventually revealed to be the source of the supernatural occurrences and dangers that are threatening the town of Hawkins.<\/p><\/div>","protected":false},"excerpt":{"rendered":"<p>M\u00e1rka: MOC Factory<br \/>\nNem: Uniszex<br \/>\nKoroszt\u00e1ly: &gt; 12 \u00e9ves<br \/>\nModel Number: 114786<br \/>\nBesorol\u00e1s: \u00d6sszeszerel\u00e9s<br \/>\nM\u0171anyag blokk forma: \u00f6nz\u00e1r\u00f3 t\u00e9gla<br \/>\nAnyaga: M\u0171anyag<br \/>\nM\u0171anyag t\u00edpus: ABS<br \/>\nBricks Blocks: 1344 +<br \/>\nEredeti doboza nincs<\/p>","protected":false},"featured_media":42541,"comment_status":"open","ping_status":"closed","template":"","meta":{"_acf_changed":false},"product_cat":[1395,390,581,1408],"product_tag":[4883,9139,11476,6567,392,434,11477,5944],"class_list":["product","first","instock","shipping-taxable","purchasable","product-type-simple"],"acf":[],"_links":{"self":[{"href":"https:\/\/mouldking.store\/hu\/wp-json\/wp\/v2\/product\/42547","targetHints":{"allow":["GET"]}}],"collection":[{"href":"https:\/\/mouldking.store\/hu\/wp-json\/wp\/v2\/product"}],"about":[{"href":"https:\/\/mouldking.store\/hu\/wp-json\/wp\/v2\/types\/product"}],"replies":[{"embeddable":true,"href":"https:\/\/mouldking.store\/hu\/wp-json\/wp\/v2\/comments?post=42547"}],"wp:featuredmedia":[{"embeddable":true,"href":"https:\/\/mouldking.store\/hu\/wp-json\/wp\/v2\/media\/42541"}],"wp:attachment":[{"href":"https:\/\/mouldking.store\/hu\/wp-json\/wp\/v2\/media?parent=42547"}],"wp:term":[{"taxonomy":"product_cat","embeddable":true,"href":"https:\/\/mouldking.store\/hu\/wp-json\/wp\/v2\/product_cat?post=42547"},{"taxonomy":"product_tag","embeddable":true,"href":"https:\/\/mouldking.store\/hu\/wp-json\/wp\/v2\/product_tag?post=42547"}],"curies":[{"name":"wp","href":"https:\/\/api.w.org\/{rel}","templated":true}]}}