{"id":42554,"date":"2023-03-02T17:27:57","date_gmt":"2023-03-02T10:27:57","guid":{"rendered":"https:\/\/mouldking.store\/shop\/moc-factory-89456-garten-of-banban-banbaleena-with-127-pieces\/"},"modified":"2025-12-16T22:25:13","modified_gmt":"2025-12-16T15:25:13","slug":"moc-factory-89456-garten-of-banban-banbaleena-with-127-pieces","status":"publish","type":"product","link":"https:\/\/mouldking.store\/hu\/shop\/moc-factory-89456-garten-of-banban-banbaleena-with-127-pieces\/","title":{"rendered":"MOC Factory 89456 Garten of Banban Banbaleena with 127 Pieces"},"content":{"rendered":"<div>\u2705 MOC-89456 Garten of Banban Banbaleena&nbsp;<\/p>\n<p>\u2705The Monsters are the primary enemy group in the indie horror video game series Gardens of BanBan. The monsters were originally designed to look after the children in Banban&#8217;s Kindergarten, but they inexplicably developed a feral nature and began preying on the protagonist when they went to the kindergarten to look for their missing child.<\/p>\n<p>\ud83d\udeab FONTOS!<\/p>\n<p>Product Name: Garten of Banban Banbaleena&nbsp;<\/p>\n<p>Kateg\u00f3ria: Alkot\u00f3<\/p>\n<p>This Kit Contains: C9316Y05<\/p>\n<p>127 pcs Good Quality Bricks<\/p>\n<p>Size: 10.6 x 3.5 x 16.8 cm<\/p>\n<p>S\u00faly: 0,09 kg<\/p>\n<p>PDF \u00datmutat\u00f3<\/p>\n<p>\ud83d\udcccA f\u0151szerepl\u0151 term\u00e9szete<\/p>\n<p>Introducing our proud collection named \u201cGarten of Banban Banbaleena \u201d you should not miss.<\/p>\n<p>The character&#8217;s face is big, with large, expressive eyes. There are additional decorative elements around the character, including a butterfly bow, that add to the whimsical and playful design of the character.<\/p><\/div>","protected":false},"excerpt":{"rendered":"<p>M\u00e1rka: MOC Factory<br \/>\nNem: Uniszex<br \/>\nKoroszt\u00e1ly: &gt; 6 \u00e9v<br \/>\nModel Number: 89456<br \/>\nBesorol\u00e1s: \u00d6sszeszerel\u00e9s<br \/>\nM\u0171anyag blokk forma: \u00f6nz\u00e1r\u00f3 t\u00e9gla<br \/>\nAnyaga: M\u0171anyag<br \/>\nM\u0171anyag t\u00edpus: ABS<br \/>\nBricks Blocks: 127 +<br \/>\nEredeti doboza nincs<\/p>","protected":false},"featured_media":42548,"comment_status":"open","ping_status":"closed","template":"","meta":{"_acf_changed":false},"product_cat":[1365,371,581,1408],"product_tag":[11478,11475,11072,8452,9139,11474,434],"class_list":["product","first","instock","shipping-taxable","purchasable","product-type-simple"],"acf":[],"_links":{"self":[{"href":"https:\/\/mouldking.store\/hu\/wp-json\/wp\/v2\/product\/42554","targetHints":{"allow":["GET"]}}],"collection":[{"href":"https:\/\/mouldking.store\/hu\/wp-json\/wp\/v2\/product"}],"about":[{"href":"https:\/\/mouldking.store\/hu\/wp-json\/wp\/v2\/types\/product"}],"replies":[{"embeddable":true,"href":"https:\/\/mouldking.store\/hu\/wp-json\/wp\/v2\/comments?post=42554"}],"wp:featuredmedia":[{"embeddable":true,"href":"https:\/\/mouldking.store\/hu\/wp-json\/wp\/v2\/media\/42548"}],"wp:attachment":[{"href":"https:\/\/mouldking.store\/hu\/wp-json\/wp\/v2\/media?parent=42554"}],"wp:term":[{"taxonomy":"product_cat","embeddable":true,"href":"https:\/\/mouldking.store\/hu\/wp-json\/wp\/v2\/product_cat?post=42554"},{"taxonomy":"product_tag","embeddable":true,"href":"https:\/\/mouldking.store\/hu\/wp-json\/wp\/v2\/product_tag?post=42554"}],"curies":[{"name":"wp","href":"https:\/\/api.w.org\/{rel}","templated":true}]}}