{"id":42579,"date":"2023-03-02T18:10:03","date_gmt":"2023-03-02T11:10:03","guid":{"rendered":"https:\/\/mouldking.store\/shop\/moc-factory-89452-the-legend-of-zelda-breath-of-the-wild-master-sword-with-99-pieces\/"},"modified":"2025-12-16T22:25:12","modified_gmt":"2025-12-16T15:25:12","slug":"moc-factory-89452-the-legend-of-zelda-breath-of-the-wild-master-sword-with-99-pieces","status":"publish","type":"product","link":"https:\/\/mouldking.store\/hu\/shop\/moc-factory-89452-the-legend-of-zelda-breath-of-the-wild-master-sword-with-99-pieces\/","title":{"rendered":"MOC Factory 89452 The Legend of Zelda: Breath of the vad mesterkard 99 darabbal"},"content":{"rendered":"<div>\u2705 MOC-89452 The Legend of Zelda: Breath of the wild Master Sword<\/p>\n<p>\u2705The Master Sword is a legendary sword and a recurring iconic weapon in The Legend of Zelda video game series, including in The Legend of Zelda: Breath of the Wild. It is often depicted as the most powerful sword in the game, capable of defeating evil and restoring peace to the land.<\/p>\n<p>\ud83d\udeab FONTOS!<\/p>\n<p>Product Name: The Legend of Zelda: Breath of the wild Master Sword<\/p>\n<p>Kateg\u00f3ria: Film<\/p>\n<p>This Kit Contains: C9291Y01<\/p>\n<p>99 pcs Good Quality Bricks<\/p>\n<p>Size: 29.5 x 8.2 x 7.4 cm<\/p>\n<p>Weight: 0.05 kg<\/p>\n<p>PDF \u00datmutat\u00f3<\/p>\n<p>\ud83d\udcccA f\u0151szerepl\u0151 term\u00e9szete<\/p>\n<p>Introducing our proud collection named \u201cThe Legend of Zelda: Breath of the wild Master Sword\u201d you should not miss.<\/p>\n<p>In Breath of the Wild, the Master Sword is obtained by completing a specific quest and can be upgraded by completing additional challenges. It has a blue blade and a golden hilt, and can be used to deal powerful damage to enemies and to activate certain puzzles or features in the game.<\/p><\/div>","protected":false},"excerpt":{"rendered":"<p>M\u00e1rka: MOC Factory<br \/>\nNem: Uniszex<br \/>\nKoroszt\u00e1ly: &gt; 6 \u00e9v<br \/>\nModel Number: 89452<br \/>\nBesorol\u00e1s: \u00d6sszeszerel\u00e9s<br \/>\nM\u0171anyag blokk forma: \u00f6nz\u00e1r\u00f3 t\u00e9gla<br \/>\nAnyaga: M\u0171anyag<br \/>\nM\u0171anyag t\u00edpus: ABS<br \/>\nBricks Blocks: 99 +<br \/>\nEredeti doboza nincs<\/p>","protected":false},"featured_media":42575,"comment_status":"open","ping_status":"closed","template":"","meta":{"_acf_changed":false},"product_cat":[1365,371,581,1408],"product_tag":[6122,11072,8452,11082,11083,7133,434,2981,5773],"class_list":["product","first","instock","shipping-taxable","purchasable","product-type-simple"],"acf":[],"_links":{"self":[{"href":"https:\/\/mouldking.store\/hu\/wp-json\/wp\/v2\/product\/42579","targetHints":{"allow":["GET"]}}],"collection":[{"href":"https:\/\/mouldking.store\/hu\/wp-json\/wp\/v2\/product"}],"about":[{"href":"https:\/\/mouldking.store\/hu\/wp-json\/wp\/v2\/types\/product"}],"replies":[{"embeddable":true,"href":"https:\/\/mouldking.store\/hu\/wp-json\/wp\/v2\/comments?post=42579"}],"wp:featuredmedia":[{"embeddable":true,"href":"https:\/\/mouldking.store\/hu\/wp-json\/wp\/v2\/media\/42575"}],"wp:attachment":[{"href":"https:\/\/mouldking.store\/hu\/wp-json\/wp\/v2\/media?parent=42579"}],"wp:term":[{"taxonomy":"product_cat","embeddable":true,"href":"https:\/\/mouldking.store\/hu\/wp-json\/wp\/v2\/product_cat?post=42579"},{"taxonomy":"product_tag","embeddable":true,"href":"https:\/\/mouldking.store\/hu\/wp-json\/wp\/v2\/product_tag?post=42579"}],"curies":[{"name":"wp","href":"https:\/\/api.w.org\/{rel}","templated":true}]}}