{"id":42619,"date":"2023-03-02T18:56:50","date_gmt":"2023-03-02T11:56:50","guid":{"rendered":"https:\/\/mouldking.store\/shop\/moc-factory-89448-old-water-mill-with-2691-pieces\/"},"modified":"2025-12-16T22:25:12","modified_gmt":"2025-12-16T15:25:12","slug":"moc-factory-89448-old-water-mill-with-2691-pieces","status":"publish","type":"product","link":"https:\/\/mouldking.store\/hu\/shop\/moc-factory-89448-old-water-mill-with-2691-pieces\/","title":{"rendered":"MOC gy\u00e1ri 89448 r\u00e9gi v\u00edzimalom 2691 darabbal"},"content":{"rendered":"<div>\u2705 MOC-89448 Old Water Mill<\/p>\n<p>\u2705A r\u00e9gi v\u00edzimalom egy t\u00f6rt\u00e9nelmi \u00e9p\u00fclet, amely v\u00edzenergi\u00e1t haszn\u00e1l gabon\u00e1k lisztt\u00e9 \u0151rl\u00e9s\u00e9re vagy egy\u00e9b g\u00e9p\u00e9szeti munk\u00e1k elv\u00e9gz\u00e9s\u00e9re. A malom jellemz\u0151en egy nagy k\u0151- vagy fa\u00e9p\u00fcletb\u0151l \u00e1ll, amely foly\u00f3 patak vagy foly\u00f3 mellett helyezkedik el. Az \u00e1raml\u00f3 vizet egy ker\u00e9kre ir\u00e1ny\u00edtj\u00e1k, amely a fogaskerekeket \u00e9s m\u00e1s mechanikai alkatr\u00e9szeket forgatja a malom g\u00e9peinek m\u0171k\u00f6dtet\u00e9s\u00e9hez.<\/p>\n<p>\ud83d\udeab FONTOS!<\/p>\n<p>Term\u00e9k neve: Old Water Mill<\/p>\n<p>Kateg\u00f3ria: Alkot\u00f3<\/p>\n<p>A k\u00e9szlet tartalma: C9287<\/p>\n<p>2691 db J\u00f3 min\u0151s\u00e9g\u0171 t\u00e9gla<\/p>\n<p>M\u00e9rete: 32 x 20 x 20 cm<\/p>\n<p>S\u00faly: 1,44 kg<\/p>\n<p>PDF \u00datmutat\u00f3<\/p>\n<p>\ud83d\udcccA f\u0151szerepl\u0151 term\u00e9szete<\/p>\n<p>Bemutatjuk b\u00fcszke \u201eOld Water Mill\u201d nev\u0171 kollekci\u00f3nkat, amit \u00e9rdemes kihagyni.<\/p>\n<p>A r\u00e9gi v\u00edzimalmok gyakran fest\u0151i, vid\u00e9ki ter\u00fcleteken tal\u00e1lhat\u00f3k, \u00e9s gy\u00f6ny\u00f6r\u0171 kertek, tavak vagy m\u00e1s term\u00e9szeti adotts\u00e1gok veszik k\u00f6r\u00fcl \u0151ket. Leny\u0171g\u00f6z\u0151en eml\u00e9keztetnek az elm\u00falt nemzed\u00e9kek tal\u00e1l\u00e9konys\u00e1g\u00e1ra \u00e9s kem\u00e9ny munk\u00e1j\u00e1ra, \u00e9s bepillant\u00e1st engednek abba a fontos szerepbe, amelyet a mar\u00e1s a t\u00f6rt\u00e9nelem sor\u00e1n j\u00e1tszott a helyi k\u00f6z\u00f6ss\u00e9gekben. Ma sok r\u00e9gi v\u00edzimalmot restaur\u00e1ltak, \u00e9s m\u00fazeumm\u00e1, \u00e9tteremm\u00e9 vagy m\u00e1s turisztikai l\u00e1tv\u00e1nyoss\u00e1gg\u00e1 alak\u00edtottak \u00e1t.<\/p><\/div>","protected":false},"excerpt":{"rendered":"<p>M\u00e1rka: MOC Factory<br \/>\nNem: Uniszex<br \/>\nKoroszt\u00e1ly: &gt; 6 \u00e9v<br \/>\nModellsz\u00e1m: 89448<br \/>\nBesorol\u00e1s: \u00d6sszeszerel\u00e9s<br \/>\nM\u0171anyag blokk forma: \u00f6nz\u00e1r\u00f3 t\u00e9gla<br \/>\nAnyaga: M\u0171anyag<br \/>\nM\u0171anyag t\u00edpus: ABS<br \/>\nT\u00e9gla T\u00e9gla: 2691 +<br \/>\nEredeti doboza nincs<\/p>","protected":false},"featured_media":42615,"comment_status":"open","ping_status":"closed","template":"","meta":{"_acf_changed":false},"product_cat":[1365,1395,371,390],"product_tag":[11072,8452,11370,392,10338],"class_list":["product","first","instock","shipping-taxable","purchasable","product-type-simple"],"acf":[],"_links":{"self":[{"href":"https:\/\/mouldking.store\/hu\/wp-json\/wp\/v2\/product\/42619","targetHints":{"allow":["GET"]}}],"collection":[{"href":"https:\/\/mouldking.store\/hu\/wp-json\/wp\/v2\/product"}],"about":[{"href":"https:\/\/mouldking.store\/hu\/wp-json\/wp\/v2\/types\/product"}],"replies":[{"embeddable":true,"href":"https:\/\/mouldking.store\/hu\/wp-json\/wp\/v2\/comments?post=42619"}],"wp:featuredmedia":[{"embeddable":true,"href":"https:\/\/mouldking.store\/hu\/wp-json\/wp\/v2\/media\/42615"}],"wp:attachment":[{"href":"https:\/\/mouldking.store\/hu\/wp-json\/wp\/v2\/media?parent=42619"}],"wp:term":[{"taxonomy":"product_cat","embeddable":true,"href":"https:\/\/mouldking.store\/hu\/wp-json\/wp\/v2\/product_cat?post=42619"},{"taxonomy":"product_tag","embeddable":true,"href":"https:\/\/mouldking.store\/hu\/wp-json\/wp\/v2\/product_tag?post=42619"}],"curies":[{"name":"wp","href":"https:\/\/api.w.org\/{rel}","templated":true}]}}