{"id":42659,"date":"2023-03-06T11:16:58","date_gmt":"2023-03-06T04:16:58","guid":{"rendered":"https:\/\/mouldking.store\/shop\/moc-factory-14616-1967-mustang-with-3541-pieces\/"},"modified":"2025-12-16T22:25:11","modified_gmt":"2025-12-16T15:25:11","slug":"moc-factory-14616-1967-mustang-with-3541-pieces","status":"publish","type":"product","link":"https:\/\/mouldking.store\/hu\/shop\/moc-factory-14616-1967-mustang-with-3541-pieces\/","title":{"rendered":"MOC Factory 14616 1967 Mustang 3541 darabbal"},"content":{"rendered":"<div>\u2705 MOC-14616 1967 Mustang<\/p>\n<p>\u2705The 1967 Mustang is a classic American muscle car produced by the Ford Motor Company. It is the second generation of the Mustang, which was introduced in 1964 and quickly became an iconic car of the era.<\/p>\n<p>\ud83d\udeab FONTOS!<\/p>\n<p>Product Name: 1967 Mustang<\/p>\n<p>Kateg\u00f3ria: M\u0171szaki<\/p>\n<p>This Kit Contains: MOC-14616<\/p>\n<p>3541 pcs Good Quality Bricks<\/p>\n<p>S\u00faly: 3500g<\/p>\n<p>PDF \u00datmutat\u00f3<\/p>\n<p>\ud83d\udcccA f\u0151szerepl\u0151 term\u00e9szete<\/p>\n<p>Introducing our proud collection named \u201c1967 Mustang\u201d you should not miss.<\/p>\n<p>The 1967 Mustang underwent a number of changes from the previous year&#8217;s model, including new styling and performance enhancements. The car was available in coupe, convertible, and fastback body styles, and was offered with a range of engine options, including a 200 horsepower, 289 cubic inch V8, a 271 horsepower, 289 cubic inch V8, and a 390 cubic inch V8 that produced 320 horsepower.<\/p><\/div>","protected":false},"excerpt":{"rendered":"<p>M\u00e1rka: MOC Factory<br \/>\nNem: Uniszex<br \/>\nKoroszt\u00e1ly: &gt; 12 \u00e9ves<br \/>\nModel Number: 14616<br \/>\nBesorol\u00e1s: \u00d6sszeszerel\u00e9s<br \/>\nM\u0171anyag blokk forma: \u00f6nz\u00e1r\u00f3 t\u00e9gla<br \/>\nAnyaga: M\u0171anyag<br \/>\nM\u0171anyag t\u00edpus: ABS<br \/>\nBricks Blocks: 3541 +<br \/>\nRendel\u00e9si id\u0151: 4-8 h\u00e9t<\/p>","protected":false},"featured_media":42652,"comment_status":"open","ping_status":"closed","template":"","meta":{"_acf_changed":false},"product_cat":[1360,1357,364],"product_tag":[457,6653,389,11080],"class_list":["product","first","instock","shipping-taxable","purchasable","product-type-simple"],"acf":[],"_links":{"self":[{"href":"https:\/\/mouldking.store\/hu\/wp-json\/wp\/v2\/product\/42659","targetHints":{"allow":["GET"]}}],"collection":[{"href":"https:\/\/mouldking.store\/hu\/wp-json\/wp\/v2\/product"}],"about":[{"href":"https:\/\/mouldking.store\/hu\/wp-json\/wp\/v2\/types\/product"}],"replies":[{"embeddable":true,"href":"https:\/\/mouldking.store\/hu\/wp-json\/wp\/v2\/comments?post=42659"}],"wp:featuredmedia":[{"embeddable":true,"href":"https:\/\/mouldking.store\/hu\/wp-json\/wp\/v2\/media\/42652"}],"wp:attachment":[{"href":"https:\/\/mouldking.store\/hu\/wp-json\/wp\/v2\/media?parent=42659"}],"wp:term":[{"taxonomy":"product_cat","embeddable":true,"href":"https:\/\/mouldking.store\/hu\/wp-json\/wp\/v2\/product_cat?post=42659"},{"taxonomy":"product_tag","embeddable":true,"href":"https:\/\/mouldking.store\/hu\/wp-json\/wp\/v2\/product_tag?post=42659"}],"curies":[{"name":"wp","href":"https:\/\/api.w.org\/{rel}","templated":true}]}}