{"id":42672,"date":"2023-03-06T11:30:16","date_gmt":"2023-03-06T04:30:16","guid":{"rendered":"https:\/\/mouldking.store\/shop\/moc-factory-17698-lamborghini-aventador-svj-roadster-with-3562-pieces\/"},"modified":"2025-12-16T22:25:11","modified_gmt":"2025-12-16T15:25:11","slug":"moc-factory-17698-lamborghini-aventador-svj-roadster-with-3562-pieces","status":"publish","type":"product","link":"https:\/\/mouldking.store\/hu\/shop\/moc-factory-17698-lamborghini-aventador-svj-roadster-with-3562-pieces\/","title":{"rendered":"MOC Factory 17698 Lamborghini Aventador SVJ Roadster 3562 darabbal"},"content":{"rendered":"<div>\u2705 MOC-17698 Lamborghini Aventador SVJ Roadster<\/p>\n<p>\u2705A Lamborghini Aventador SVJ Roadster egy nagy teljes\u00edtm\u00e9ny\u0171 kabri\u00f3 sportaut\u00f3, amelyet az olasz Lamborghini aut\u00f3gy\u00e1rt\u00f3 gy\u00e1rt. Ez az Aventador SVJ kup\u00e9 nyitott tet\u0151s v\u00e1ltozata, amelyet 2018-ban mutattak be.<\/p>\n<p>\ud83d\udeab FONTOS!<\/p>\n<p>Term\u00e9kn\u00e9v: Lamborghini Aventador SVJ Roadster<\/p>\n<p>Kateg\u00f3ria: M\u0171szaki<\/p>\n<p>A k\u00e9szlet tartalma: MOC-17698<\/p>\n<p>3562 db J\u00f3 min\u0151s\u00e9g\u0171 t\u00e9gla<\/p>\n<p>S\u00faly: 3500g<\/p>\n<p>PDF \u00datmutat\u00f3<\/p>\n<p>\ud83d\udcccA f\u0151szerepl\u0151 term\u00e9szete<\/p>\n<p>Bemutatjuk a \u201eLamborghini Aventador SVJ Roadster\u201d nev\u0171 b\u00fcszke kollekci\u00f3nkat, amelyet nem szabad kihagyni.<\/p>\n<p>Az Aventador SVJ Roadster k\u00f6nny\u0171, sz\u00e9nsz\u00e1las karossz\u00e9ri\u00e1val rendelkezik, \u00e9s egy 6,5 literes sz\u00edv\u00f3 V12-es motor hajtja, amely 759 l\u00f3er\u0151t \u00e9s 531 lb-ft nyomat\u00e9kot ad le. Az aut\u00f3 mind\u00f6ssze 2,9 m\u00e1sodperc alatt gyorsul 0-r\u00f3l 60 mph-ra, v\u00e9gsebess\u00e9ge pedig 217 mph. Az Aventador SVJ Roadster egyik legfontosabb jellemz\u0151je az aerodinamikus kialak\u00edt\u00e1s, amely mag\u00e1ban foglalja a nagy h\u00e1ts\u00f3 sz\u00e1rnyat \u00e9s az akt\u00edv aerodinamik\u00e1t, amely \u00fagy igazodik, hogy jav\u00edtsa az aut\u00f3 ir\u00e1ny\u00edthat\u00f3s\u00e1g\u00e1t \u00e9s stabilit\u00e1s\u00e1t nagy sebess\u00e9gn\u00e9l. Az aut\u00f3 kifinomult n\u00e9gyker\u00e9k-korm\u00e1nyrendszerrel is rendelkezik, amely jav\u00edtja agilit\u00e1s\u00e1t \u00e9s kanyark\u00e9pess\u00e9g\u00e9t.<\/p><\/div>","protected":false},"excerpt":{"rendered":"<p>M\u00e1rka: MOC Factory<br \/>\nNem: Uniszex<br \/>\nKoroszt\u00e1ly: &gt; 12 \u00e9ves<br \/>\nModellsz\u00e1m: 17698<br \/>\nBesorol\u00e1s: \u00d6sszeszerel\u00e9s<br \/>\nM\u0171anyag blokk forma: \u00f6nz\u00e1r\u00f3 t\u00e9gla<br \/>\nAnyaga: M\u0171anyag<br \/>\nM\u0171anyag t\u00edpus: ABS<br \/>\nT\u00e9gla T\u00e9gla: 3562 +<br \/>\nRendel\u00e9si id\u0151: 4-8 h\u00e9t<\/p>","protected":false},"featured_media":42667,"comment_status":"open","ping_status":"closed","template":"","meta":{"_acf_changed":false},"product_cat":[1360,1357,364],"product_tag":[7253,457,596,1527,389,11080],"class_list":["product","first","instock","shipping-taxable","purchasable","product-type-simple"],"acf":[],"_links":{"self":[{"href":"https:\/\/mouldking.store\/hu\/wp-json\/wp\/v2\/product\/42672","targetHints":{"allow":["GET"]}}],"collection":[{"href":"https:\/\/mouldking.store\/hu\/wp-json\/wp\/v2\/product"}],"about":[{"href":"https:\/\/mouldking.store\/hu\/wp-json\/wp\/v2\/types\/product"}],"replies":[{"embeddable":true,"href":"https:\/\/mouldking.store\/hu\/wp-json\/wp\/v2\/comments?post=42672"}],"wp:featuredmedia":[{"embeddable":true,"href":"https:\/\/mouldking.store\/hu\/wp-json\/wp\/v2\/media\/42667"}],"wp:attachment":[{"href":"https:\/\/mouldking.store\/hu\/wp-json\/wp\/v2\/media?parent=42672"}],"wp:term":[{"taxonomy":"product_cat","embeddable":true,"href":"https:\/\/mouldking.store\/hu\/wp-json\/wp\/v2\/product_cat?post=42672"},{"taxonomy":"product_tag","embeddable":true,"href":"https:\/\/mouldking.store\/hu\/wp-json\/wp\/v2\/product_tag?post=42672"}],"curies":[{"name":"wp","href":"https:\/\/api.w.org\/{rel}","templated":true}]}}