{"id":42675,"date":"2023-03-06T11:47:19","date_gmt":"2023-03-06T04:47:19","guid":{"rendered":"https:\/\/mouldking.store\/shop\/moc-factory-104144-the-white-city-with-4337-pieces\/"},"modified":"2025-12-16T22:25:11","modified_gmt":"2025-12-16T15:25:11","slug":"moc-factory-104144-the-white-city-with-4337-pieces","status":"publish","type":"product","link":"https:\/\/mouldking.store\/hu\/shop\/moc-factory-104144-the-white-city-with-4337-pieces\/","title":{"rendered":"MOC Factory 104144 A feh\u00e9r v\u00e1ros 4337 darabbal"},"content":{"rendered":"<div>\u2705 MOC-104144 The White City<\/p>\n<p>\u2705The White City is a fictional city in J.R.R. Tolkien&#8217;s Middle-earth universe, featured in both The Hobbit and The Lord of the Rings. It is also known as Minas Tirith, which translates to &#8220;Tower of Guard&#8221; in Sindarin, one of the fictional languages created by Tolkien.<\/p>\n<p>\ud83d\udeab FONTOS!<\/p>\n<p>Product Name: The White City<\/p>\n<p>Kateg\u00f3ria: Modul\u00e1ris \u00e9p\u00fclet<\/p>\n<p>This Kit Contains: MOC-104144<\/p>\n<p>4337&nbsp; pcs Good Quality Bricks<\/p>\n<p>PDF \u00datmutat\u00f3<\/p>\n<p>\ud83d\udcccA f\u0151szerepl\u0151 term\u00e9szete<\/p>\n<p>Introducing our proud collection named \u201cThe White City\u201d you should not miss.<\/p>\n<p>Located in the realm of Gondor, the White City is a fortified city built on a hill overlooking the Pelennor Fields. It is described as having seven levels, each surrounded by walls and gates, and the upper levels are home to the ruling class of Gondor. In The Lord of the Rings, the White City plays a significant role in the story as the last bastion of hope against the forces of darkness led by Sauron. The city is the site of the climactic Battle of the Pelennor Fields, in which the armies of Gondor and Rohan unite to defend the city against the armies of Mordor.<\/p><\/div>","protected":false},"excerpt":{"rendered":"<p>M\u00e1rka: MOC Factory<br \/>\nNem: Uniszex<br \/>\nKoroszt\u00e1ly: &gt; 12 \u00e9ves<br \/>\nModel Number: 104144<br \/>\nBesorol\u00e1s: \u00d6sszeszerel\u00e9s<br \/>\nM\u0171anyag blokk forma: \u00f6nz\u00e1r\u00f3 t\u00e9gla<br \/>\nAnyaga: M\u0171anyag<br \/>\nM\u0171anyag t\u00edpus: ABS<br \/>\nBricks Blocks: 4337 +<br \/>\nRendel\u00e9si id\u0151: 4-8 h\u00e9t<\/p>","protected":false},"featured_media":42673,"comment_status":"open","ping_status":"closed","template":"","meta":{"_acf_changed":false},"product_cat":[1395,390,581,1408],"product_tag":[4883,392,434,11495,6169,1461],"class_list":["product","first","instock","shipping-taxable","purchasable","product-type-simple"],"acf":[],"_links":{"self":[{"href":"https:\/\/mouldking.store\/hu\/wp-json\/wp\/v2\/product\/42675","targetHints":{"allow":["GET"]}}],"collection":[{"href":"https:\/\/mouldking.store\/hu\/wp-json\/wp\/v2\/product"}],"about":[{"href":"https:\/\/mouldking.store\/hu\/wp-json\/wp\/v2\/types\/product"}],"replies":[{"embeddable":true,"href":"https:\/\/mouldking.store\/hu\/wp-json\/wp\/v2\/comments?post=42675"}],"wp:featuredmedia":[{"embeddable":true,"href":"https:\/\/mouldking.store\/hu\/wp-json\/wp\/v2\/media\/42673"}],"wp:attachment":[{"href":"https:\/\/mouldking.store\/hu\/wp-json\/wp\/v2\/media?parent=42675"}],"wp:term":[{"taxonomy":"product_cat","embeddable":true,"href":"https:\/\/mouldking.store\/hu\/wp-json\/wp\/v2\/product_cat?post=42675"},{"taxonomy":"product_tag","embeddable":true,"href":"https:\/\/mouldking.store\/hu\/wp-json\/wp\/v2\/product_tag?post=42675"}],"curies":[{"name":"wp","href":"https:\/\/api.w.org\/{rel}","templated":true}]}}