{"id":42682,"date":"2023-03-06T11:54:41","date_gmt":"2023-03-06T04:54:41","guid":{"rendered":"https:\/\/mouldking.store\/shop\/moc-factory-67589-sukhoi-su-25-frogfoot-with-900-pieces\/"},"modified":"2025-12-16T22:25:11","modified_gmt":"2025-12-16T15:25:11","slug":"moc-factory-67589-sukhoi-su-25-frogfoot-with-900-pieces","status":"publish","type":"product","link":"https:\/\/mouldking.store\/hu\/shop\/moc-factory-67589-sukhoi-su-25-frogfoot-with-900-pieces\/","title":{"rendered":"MOC Factory 67589 Sukhoi Su-25 b\u00e9kal\u00e1b 900 darabbal"},"content":{"rendered":"<div>\u2705MOC-67589 Sukhoi Su-25 Frogfoot<\/p>\n<p>\u2705A Sukhoi Su-25 Frogfoot egy f\u00f6ldi t\u00e1mad\u00f3 rep\u00fcl\u0151g\u00e9p, amelyet a Szovjetuni\u00f3 fejlesztett ki az 1970-es \u00e9vekben. \u00dagy tervezt\u00e9k, hogy k\u00f6zeli l\u00e9gi t\u00e1mogat\u00e1st ny\u00fajtson a sz\u00e1razf\u00f6ldi er\u0151knek, \u00e9s megt\u00e1madja az ellens\u00e9ges p\u00e1nc\u00e9lokat, csapatokat \u00e9s er\u0151d\u00edtm\u00e9nyeket. A rep\u00fcl\u0151g\u00e9p 1981-ben \u00e1llt szolg\u00e1latba a szovjet l\u00e9gier\u0151n\u00e9l, \u00e9s az\u00f3ta sz\u00e9les k\u00f6rben export\u00e1lt\u00e1k m\u00e1s orsz\u00e1gokba.<\/p>\n<p>\ud83d\udeab FONTOS!<\/p>\n<p>Term\u00e9k neve: Sukhoi Su-25 Frogfoot<\/p>\n<p>Kateg\u00f3ria: Katonai<\/p>\n<p>A k\u00e9szlet tartalma: MOC-67589<\/p>\n<p>900 db j\u00f3 min\u0151s\u00e9g\u0171 t\u00e9gla<\/p>\n<p>S\u00faly: 900g<\/p>\n<p>PDF \u00datmutat\u00f3<\/p>\n<p>\ud83d\udcccA f\u0151szerepl\u0151 term\u00e9szete<\/p>\n<p>Bemutatjuk a \u201eSukhoi Su-25 Frogfoot\u201d nev\u0171 b\u00fcszke kollekci\u00f3nkat, amelyet nem szabad kihagyni.<\/p>\n<p>A Szu-25 egy k\u00e9tmotoros sug\u00e1rhajt\u00e1s\u00fa rep\u00fcl\u0151g\u00e9p, egyenes sz\u00e1rnnyal \u00e9s jellegzetes \u201ekacsacs\u0151r\u0171\u201d orral, amely a rep\u00fcl\u0151g\u00e9p fegyvereinek \u00e9s \u00e9rz\u00e9kel\u0151rendszereinek ad helyet. Er\u0151sen p\u00e1nc\u00e9lozott, \u00e9s jelent\u0151s harci sebz\u00e9st is k\u00e9pes ellen\u00e1llni, \u00edgy n\u00e9pszer\u0171 v\u00e1laszt\u00e1s a k\u00f6zeli l\u00e9gi t\u00e1mogat\u00e1si k\u00fcldet\u00e9sekhez. A Szu-25 k\u00fcl\u00f6nf\u00e9le fegyverekkel van felfegyverkezve, bele\u00e9rtve egy 30 mm-es \u00e1gy\u00fat, rak\u00e9t\u00e1kat \u00e9s bomb\u00e1kat. Ak\u00e1r 8800 font l\u0151szert is k\u00e9pes sz\u00e1ll\u00edtani, \u00e9s ak\u00e1r 6 m\u00e9rf\u00f6ldes t\u00e1vols\u00e1gb\u00f3l is k\u00e9pes c\u00e9lokat becsapni. A Szu-25-\u00f6t sz\u00e1mos konfliktusban haszn\u00e1lt\u00e1k szerte a vil\u00e1gon, bele\u00e9rtve a szovjet-afg\u00e1n h\u00e1bor\u00fat, az ir\u00e1ni-iraki h\u00e1bor\u00fat, valamint a csecsenf\u00f6ldi \u00e9s ukrajnai konfliktusokat. A rep\u00fcl\u0151g\u00e9pet a f\u00f6ldi t\u00e1mad\u00e1sok sor\u00e1n ny\u00fajtott tart\u00f3ss\u00e1g\u00e1\u00e9rt \u00e9s hat\u00e9konys\u00e1g\u00e1\u00e9rt dics\u00e9rt\u00e9k, \u00e9s tov\u00e1bbra is a vil\u00e1g sz\u00e1mos l\u00e9gierej\u00e9nek szolg\u00e1lat\u00e1ban \u00e1ll.<\/p><\/div>","protected":false},"excerpt":{"rendered":"<p>M\u00e1rka: MOC Factory<br \/>\nNem: Uniszex<br \/>\nKoroszt\u00e1ly: &gt; 12 \u00e9ves<br \/>\nModellsz\u00e1m: 67589<br \/>\nBesorol\u00e1s: \u00d6sszeszerel\u00e9s<br \/>\nM\u0171anyag blokk forma: \u00f6nz\u00e1r\u00f3 t\u00e9gla<br \/>\nAnyaga: M\u0171anyag<br \/>\nM\u0171anyag t\u00edpus: ABS<br \/>\nT\u00e9gla T\u00e9gla: 900+<br \/>\nRendel\u00e9si id\u0151: 4-8 h\u00e9t<\/p>","protected":false},"featured_media":42676,"comment_status":"open","ping_status":"closed","template":"","meta":{"_acf_changed":false},"product_cat":[1350,1357,372,364],"product_tag":[5271,374,389],"class_list":["product","first","instock","shipping-taxable","purchasable","product-type-simple"],"acf":[],"_links":{"self":[{"href":"https:\/\/mouldking.store\/hu\/wp-json\/wp\/v2\/product\/42682","targetHints":{"allow":["GET"]}}],"collection":[{"href":"https:\/\/mouldking.store\/hu\/wp-json\/wp\/v2\/product"}],"about":[{"href":"https:\/\/mouldking.store\/hu\/wp-json\/wp\/v2\/types\/product"}],"replies":[{"embeddable":true,"href":"https:\/\/mouldking.store\/hu\/wp-json\/wp\/v2\/comments?post=42682"}],"wp:featuredmedia":[{"embeddable":true,"href":"https:\/\/mouldking.store\/hu\/wp-json\/wp\/v2\/media\/42676"}],"wp:attachment":[{"href":"https:\/\/mouldking.store\/hu\/wp-json\/wp\/v2\/media?parent=42682"}],"wp:term":[{"taxonomy":"product_cat","embeddable":true,"href":"https:\/\/mouldking.store\/hu\/wp-json\/wp\/v2\/product_cat?post=42682"},{"taxonomy":"product_tag","embeddable":true,"href":"https:\/\/mouldking.store\/hu\/wp-json\/wp\/v2\/product_tag?post=42682"}],"curies":[{"name":"wp","href":"https:\/\/api.w.org\/{rel}","templated":true}]}}