{"id":42689,"date":"2023-03-06T12:05:15","date_gmt":"2023-03-06T05:05:15","guid":{"rendered":"https:\/\/mouldking.store\/shop\/moc-factory-60244-m1128-stryker-mgs-with-767-pieces\/"},"modified":"2025-12-16T22:25:11","modified_gmt":"2025-12-16T15:25:11","slug":"moc-factory-60244-m1128-stryker-mgs-with-767-pieces","status":"publish","type":"product","link":"https:\/\/mouldking.store\/hu\/shop\/moc-factory-60244-m1128-stryker-mgs-with-767-pieces\/","title":{"rendered":"MOC Factory 60244 M1128 Stryker MGS 767 darabbal"},"content":{"rendered":"<div>\u2705 MOC-60244 M1128 Stryker MGS<\/p>\n<p>\u2705The M1128 Stryker Mobile Gun System (MGS) is a lightly armored, wheeled vehicle designed for rapid deployment and combat in a variety of environments. It was developed by the United States Army in the late 1990s and early 2000s as part of the Stryker family of vehicles.<\/p>\n<p>\ud83d\udeab FONTOS!<\/p>\n<p>Product Name: M1128 Stryker MGS<\/p>\n<p>Kateg\u00f3ria: Katonai<\/p>\n<p>This Kit Contains: MOC-60244<\/p>\n<p>767 pcs Good Quality Bricks<\/p>\n<p>S\u00faly: 750g<\/p>\n<p>PDF \u00datmutat\u00f3<\/p>\n<p>\ud83d\udcccA f\u0151szerepl\u0151 term\u00e9szete<\/p>\n<p>Introducing our proud collection named \u201cM1128 Stryker MGS\u201d you should not miss.<\/p>\n<p>The M1128 Stryker MGS is armed with a 105mm cannon, which is capable of firing a variety of ammunition types, including high-explosive, armor-piercing, and smoke rounds. The cannon is mounted on a stabilized turret that allows it to engage targets while on the move, and the vehicle also includes a coaxial machine gun and a remote-controlled machine gun for additional firepower. The M1128 Stryker MGS is built on a modified version of the Stryker chassis, which features eight wheels and independent suspension for improved mobility and off-road performance. The vehicle is also equipped with advanced communication and navigation systems, as well as reactive armor and other measures to protect against enemy fire.<\/p><\/div>","protected":false},"excerpt":{"rendered":"<p>M\u00e1rka: MOC Factory<br \/>\nNem: Uniszex<br \/>\nKoroszt\u00e1ly: &gt; 12 \u00e9ves<br \/>\nModel Number: 60244<br \/>\nBesorol\u00e1s: \u00d6sszeszerel\u00e9s<br \/>\nM\u0171anyag blokk forma: \u00f6nz\u00e1r\u00f3 t\u00e9gla<br \/>\nAnyaga: M\u0171anyag<br \/>\nM\u0171anyag t\u00edpus: ABS<br \/>\nBricks Blocks: 767 +<br \/>\nRendel\u00e9si id\u0151: 4-8 h\u00e9t<\/p>","protected":false},"featured_media":42683,"comment_status":"open","ping_status":"closed","template":"","meta":{"_acf_changed":false},"product_cat":[1350,1357,372,364],"product_tag":[11221,11496,11498,374,11497,389],"class_list":["product","first","instock","shipping-taxable","purchasable","product-type-simple"],"acf":[],"_links":{"self":[{"href":"https:\/\/mouldking.store\/hu\/wp-json\/wp\/v2\/product\/42689","targetHints":{"allow":["GET"]}}],"collection":[{"href":"https:\/\/mouldking.store\/hu\/wp-json\/wp\/v2\/product"}],"about":[{"href":"https:\/\/mouldking.store\/hu\/wp-json\/wp\/v2\/types\/product"}],"replies":[{"embeddable":true,"href":"https:\/\/mouldking.store\/hu\/wp-json\/wp\/v2\/comments?post=42689"}],"wp:featuredmedia":[{"embeddable":true,"href":"https:\/\/mouldking.store\/hu\/wp-json\/wp\/v2\/media\/42683"}],"wp:attachment":[{"href":"https:\/\/mouldking.store\/hu\/wp-json\/wp\/v2\/media?parent=42689"}],"wp:term":[{"taxonomy":"product_cat","embeddable":true,"href":"https:\/\/mouldking.store\/hu\/wp-json\/wp\/v2\/product_cat?post=42689"},{"taxonomy":"product_tag","embeddable":true,"href":"https:\/\/mouldking.store\/hu\/wp-json\/wp\/v2\/product_tag?post=42689"}],"curies":[{"name":"wp","href":"https:\/\/api.w.org\/{rel}","templated":true}]}}