{"id":42696,"date":"2023-03-06T12:13:48","date_gmt":"2023-03-06T05:13:48","guid":{"rendered":"https:\/\/mouldking.store\/shop\/moc-factory-45041-general-dynamics-f-16-fighting-falcon-with-856-pieces\/"},"modified":"2025-12-16T22:25:11","modified_gmt":"2025-12-16T15:25:11","slug":"moc-factory-45041-general-dynamics-f-16-fighting-falcon-with-856-pieces","status":"publish","type":"product","link":"https:\/\/mouldking.store\/hu\/shop\/moc-factory-45041-general-dynamics-f-16-fighting-falcon-with-856-pieces\/","title":{"rendered":"MOC Factory 45041 General Dynamics F-16 Fighting Falcon 856 darabbal"},"content":{"rendered":"<div>\u2705 MOC-45041 General Dynamics F-16 Fighting Falcon<\/p>\n<p>\u2705A General Dynamics F-16 Fighting Falcon egy egymotoros szuperszonikus vad\u00e1szrep\u00fcl\u0151g\u00e9p, amelyet eredetileg a General Dynamics fejlesztett ki, amely jelenleg a Lockheed Martin r\u00e9sze, az Egyes\u00fclt \u00c1llamok l\u00e9giereje sz\u00e1m\u00e1ra. K\u00f6nny\u0171, nagy man\u0151verez\u00e9s\u0171 leveg\u0151-leveg\u0151 harci rep\u00fcl\u0151g\u00e9pnek tervezt\u00e9k, de az\u00f3ta sz\u00e1mos k\u00fcldet\u00e9sre adapt\u00e1lt\u00e1k, bele\u00e9rtve a leveg\u0151-f\u00f6ld t\u00e1mad\u00e1st, felder\u00edt\u00e9st \u00e9s elektronikus hadvisel\u00e9st.<\/p>\n<p>\ud83d\udeab FONTOS!<\/p>\n<p>Term\u00e9k neve: General Dynamics F-16 Fighting Falcon<\/p>\n<p>Kateg\u00f3ria: Katonai<\/p>\n<p>A k\u00e9szlet tartalma: MOC-45041<\/p>\n<p>856 db J\u00f3 min\u0151s\u00e9g\u0171 t\u00e9gla<\/p>\n<p>S\u00faly: 850g<\/p>\n<p>PDF \u00datmutat\u00f3<\/p>\n<p>\ud83d\udcccA f\u0151szerepl\u0151 term\u00e9szete<\/p>\n<p>Bemutatjuk a \u201eGeneral Dynamics F-16 Fighting Falcon\u201d nev\u0171 b\u00fcszke kollekci\u00f3nkat, amelyet nem szabad kihagyni.<\/p>\n<p>Az F-16 magas szint\u0171 mozg\u00e9konys\u00e1g\u00e1r\u00f3l \u00e9s sebess\u00e9g\u00e9r\u0151l, valamint fejlett rep\u00fcl\u00e9selektronikai \u00e9s fegyverrendszereir\u0151l ismert. 20 mm-es M61 Vulcan \u00e1gy\u00faval van felszerelve, \u00e9s k\u00fcl\u00f6nf\u00e9le rak\u00e9t\u00e1kat, bomb\u00e1kat \u00e9s egy\u00e9b fegyvereket hordozhat. V\u00e9gsebess\u00e9ge t\u00f6bb mint 2 Mach, maxim\u00e1lis hat\u00f3t\u00e1vja pedig t\u00f6bb mint 2000 m\u00e9rf\u00f6ld. Az F-16-ost sz\u00e9les k\u00f6rben export\u00e1lt\u00e1k m\u00e1s orsz\u00e1gokba, \u00e9s jelenleg t\u00f6bb mint 25 l\u00e9gier\u0151n\u00e9l \u00e1ll szolg\u00e1latban szerte a vil\u00e1gon. Sz\u00e1mos konfliktusban haszn\u00e1lt\u00e1k, k\u00f6zt\u00fck az \u00d6b\u00f6l-h\u00e1bor\u00faban, a balk\u00e1ni konfliktusokban, valamint az afganiszt\u00e1ni \u00e9s iraki h\u00e1bor\u00fakban.<\/p><\/div>","protected":false},"excerpt":{"rendered":"<p>M\u00e1rka: MOC Factory<br \/>\nNem: Uniszex<br \/>\nKoroszt\u00e1ly: &gt; 12 \u00e9ves<br \/>\nModellsz\u00e1m: 45041<br \/>\nBesorol\u00e1s: \u00d6sszeszerel\u00e9s<br \/>\nM\u0171anyag blokk forma: \u00f6nz\u00e1r\u00f3 t\u00e9gla<br \/>\nAnyaga: M\u0171anyag<br \/>\nM\u0171anyag t\u00edpus: ABS<br \/>\nT\u00e9gla blokkok: 856 +<br \/>\nRendel\u00e9si id\u0151: 4-8 h\u00e9t<\/p>","protected":false},"featured_media":42690,"comment_status":"open","ping_status":"closed","template":"","meta":{"_acf_changed":false},"product_cat":[1350,1357,372,364],"product_tag":[5271,11333,11499,374,389],"class_list":["product","first","instock","shipping-taxable","purchasable","product-type-simple"],"acf":[],"_links":{"self":[{"href":"https:\/\/mouldking.store\/hu\/wp-json\/wp\/v2\/product\/42696","targetHints":{"allow":["GET"]}}],"collection":[{"href":"https:\/\/mouldking.store\/hu\/wp-json\/wp\/v2\/product"}],"about":[{"href":"https:\/\/mouldking.store\/hu\/wp-json\/wp\/v2\/types\/product"}],"replies":[{"embeddable":true,"href":"https:\/\/mouldking.store\/hu\/wp-json\/wp\/v2\/comments?post=42696"}],"wp:featuredmedia":[{"embeddable":true,"href":"https:\/\/mouldking.store\/hu\/wp-json\/wp\/v2\/media\/42690"}],"wp:attachment":[{"href":"https:\/\/mouldking.store\/hu\/wp-json\/wp\/v2\/media?parent=42696"}],"wp:term":[{"taxonomy":"product_cat","embeddable":true,"href":"https:\/\/mouldking.store\/hu\/wp-json\/wp\/v2\/product_cat?post=42696"},{"taxonomy":"product_tag","embeddable":true,"href":"https:\/\/mouldking.store\/hu\/wp-json\/wp\/v2\/product_tag?post=42696"}],"curies":[{"name":"wp","href":"https:\/\/api.w.org\/{rel}","templated":true}]}}