{"id":42698,"date":"2023-03-06T12:25:06","date_gmt":"2023-03-06T05:25:06","guid":{"rendered":"https:\/\/mouldking.store\/shop\/moc-factory-138317-death-star-detention-block-diorama-with-2084-pieces\/"},"modified":"2025-12-16T22:25:11","modified_gmt":"2025-12-16T15:25:11","slug":"moc-factory-138317-death-star-detention-block-diorama-with-2084-pieces","status":"publish","type":"product","link":"https:\/\/mouldking.store\/hu\/shop\/moc-factory-138317-death-star-detention-block-diorama-with-2084-pieces\/","title":{"rendered":"MOC Factory 138317 Death Star Detention Block Diorama 2084 darabbal"},"content":{"rendered":"<div>\u2705 MOC-138317 Hal\u00e1lcsillag fogva tart\u00e1si blokk dior\u00e1ma<\/p>\n<p>\u2705A Hal\u00e1lcsillag Dior\u00e1ma egy n\u00e9pszer\u0171 gy\u0171jthet\u0151 t\u00e1rgy, amely az 1977-es \u201eStar Wars: Episode IV \u2013 A New Hope\u201d c\u00edm\u0171 film ikonikus jelenet\u00e9n alapul. Ebben a jelenetben a szerepl\u0151k Luke Skywalker, Han Solo \u00e9s Chewbacca besziv\u00e1rognak a Hal\u00e1lcsillag \u0171r\u00e1llom\u00e1sra, hogy megpr\u00f3b\u00e1lj\u00e1k megmenteni Leia hercegn\u0151t, akit fogva tartj\u00e1k egy b\u00f6rt\u00f6nben.<\/p>\n<p>\ud83d\udeab FONTOS!<\/p>\n<p>Term\u00e9k neve: Death Star Detention Block Diorama<\/p>\n<p>Kateg\u00f3ria: Star Wars<\/p>\n<p>A k\u00e9szlet tartalma: MOC-138317<\/p>\n<p>2084 db J\u00f3 min\u0151s\u00e9g\u0171 t\u00e9gla<\/p>\n<p>M\u00e9ret: sz\u00e9less\u00e9g 21 cm \/ hossz\u00fas\u00e1g 33 cm \/ magass\u00e1g 12 cm<\/p>\n<p>PDF \u00datmutat\u00f3<\/p>\n<p>\ud83d\udcccA f\u0151szerepl\u0151 term\u00e9szete<\/p>\n<p>Bemutatjuk a \u201eDeath Star Detention Block Diorama\u201d nev\u0171 b\u00fcszke kollekci\u00f3nkat, amelyet nem szabad kihagyni.<\/p>\n<p>A dior\u00e1ma jellemz\u0151en egy r\u00e9szletes miniat\u0171r modellt tartalmaz a fogvatart\u00e1si blokkr\u00f3l, falakkal, padl\u00f3val \u00e9s egy\u00e9b \u00e9p\u00edt\u00e9szeti elemekkel, amelyek nagyon hasonl\u00edtanak a film d\u00edszlet\u00e9hez. Tartalmaz tov\u00e1bb\u00e1 a jelenetben r\u00e9szt vev\u0151 karakterek miniat\u0171r figur\u00e1it, valamint egy\u00e9b kieg\u00e9sz\u00edt\u0151ket, p\u00e9ld\u00e1ul fegyvereket, vez\u00e9rl\u0151paneleket \u00e9s egy\u00e9b r\u00e9szleteket. A Death Star Detention Block Diorama n\u00e9pszer\u0171 t\u00e1rgy a Star Wars eml\u00e9kt\u00e1rgyak gy\u0171jt\u0151i k\u00f6r\u00e9ben, mivel lehet\u0151v\u00e9 teszi a rajong\u00f3k sz\u00e1m\u00e1ra, hogy \u00fajraalkoss\u00e1k az eredeti film egyik legeml\u00e9kezetesebb jelenet\u00e9t. Gyakran limit\u00e1lt p\u00e9ld\u00e1nysz\u00e1mban adj\u00e1k el, \u00e9s csak bizonyos darabsz\u00e1mot gy\u00e1rtanak, \u00edgy nagyon keresett \u00e9s \u00e9rt\u00e9kes \u00e1rucikk.<\/p><\/div>","protected":false},"excerpt":{"rendered":"<p>M\u00e1rka: MOC Factory<br \/>\nNem: Uniszex<br \/>\nKoroszt\u00e1ly: &gt; 12 \u00e9ves<br \/>\nModellsz\u00e1m: 138317<br \/>\nBesorol\u00e1s: \u00d6sszeszerel\u00e9s<br \/>\nM\u0171anyag blokk forma: \u00f6nz\u00e1r\u00f3 t\u00e9gla<br \/>\nAnyaga: M\u0171anyag<br \/>\nM\u0171anyag t\u00edpus: ABS<br \/>\nT\u00e9gla blokkok: 2084 +<br \/>\nRendel\u00e9si id\u0151: 4-8 h\u00e9t<\/p>","protected":false},"featured_media":42697,"comment_status":"open","ping_status":"closed","template":"","meta":{"_acf_changed":false},"product_cat":[1395,390,581,415,1408],"product_tag":[11500,8784,392,434,436],"class_list":["product","first","instock","shipping-taxable","purchasable","product-type-simple"],"acf":[],"_links":{"self":[{"href":"https:\/\/mouldking.store\/hu\/wp-json\/wp\/v2\/product\/42698","targetHints":{"allow":["GET"]}}],"collection":[{"href":"https:\/\/mouldking.store\/hu\/wp-json\/wp\/v2\/product"}],"about":[{"href":"https:\/\/mouldking.store\/hu\/wp-json\/wp\/v2\/types\/product"}],"replies":[{"embeddable":true,"href":"https:\/\/mouldking.store\/hu\/wp-json\/wp\/v2\/comments?post=42698"}],"wp:featuredmedia":[{"embeddable":true,"href":"https:\/\/mouldking.store\/hu\/wp-json\/wp\/v2\/media\/42697"}],"wp:attachment":[{"href":"https:\/\/mouldking.store\/hu\/wp-json\/wp\/v2\/media?parent=42698"}],"wp:term":[{"taxonomy":"product_cat","embeddable":true,"href":"https:\/\/mouldking.store\/hu\/wp-json\/wp\/v2\/product_cat?post=42698"},{"taxonomy":"product_tag","embeddable":true,"href":"https:\/\/mouldking.store\/hu\/wp-json\/wp\/v2\/product_tag?post=42698"}],"curies":[{"name":"wp","href":"https:\/\/api.w.org\/{rel}","templated":true}]}}