{"id":42700,"date":"2023-03-06T12:38:16","date_gmt":"2023-03-06T05:38:16","guid":{"rendered":"https:\/\/mouldking.store\/shop\/jiestar-58008-twin-rotor-helicopter-with-705-pieces\/"},"modified":"2023-03-06T12:38:16","modified_gmt":"2023-03-06T05:38:16","slug":"jiestar-58008-twin-rotor-helicopter-with-705-pieces","status":"publish","type":"product","link":"https:\/\/mouldking.store\/hu\/shop\/jiestar-58008-twin-rotor-helicopter-with-705-pieces\/","title":{"rendered":"JIESTAR 58008 ikerrotoros helikopter 705 darabbal"},"content":{"rendered":"<div>\u2705 JIESTAR 58008 Twin-Rotor Helicopter<\/p>\n<p>\u2705A twin-rotor helicopter is a type of helicopter that has two main rotor blades instead of the traditional one main rotor and a tail rotor. The two rotors spin in opposite directions, and are mounted on the helicopter&#8217;s main fuselage.<\/p><\/div>\n<div>\ud83d\udeab FONTOS!<\/p>\n<p>Product Name: Twin-Rotor Helicopter<\/p>\n<p>Kateg\u00f3ria: Katonai<\/p>\n<p>This Kit Contains: JIESTAR 58008<\/p>\n<p>705 pcs Good Quality Bricks<\/p>\n<p>Size: 38 \u00d7 35.4 \u00d7 18.4 cm<\/p>\n<p>K\u00e9zi utas\u00edt\u00e1sok<\/p>\n<p>\ud83d\udcccA f\u0151szerepl\u0151 term\u00e9szete<\/p>\n<p>Introducing our proud collection named \u201cTwin-Rotor Helicopter\u201d you should not miss.<\/p>\n<p>One of the main advantages of the twin-rotor design is increased stability and lift. The rotors are able to work in tandem to provide greater lift and control, and the counter-rotating blades help to cancel out the torque that would otherwise cause the helicopter to spin in the opposite direction. The most well-known example of a twin-rotor helicopter is the Boeing CH-47 Chinook, which is widely used by militaries around the world for a variety of transport and utility missions. The Chinook&#8217;s twin-rotor design allows it to carry heavy payloads over long distances, and it is also known for its ability to operate in a wide range of environments and weather conditions.<\/p><\/div>","protected":false},"excerpt":{"rendered":"<p>M\u00e1rka: JIESTAR<br \/>\nNem: Uniszex<br \/>\nKoroszt\u00e1ly: &gt; 6 \u00e9v<br \/>\nModel Number: 58008<br \/>\nBesorol\u00e1s: \u00d6sszeszerel\u00e9s<br \/>\nM\u0171anyag blokk forma: \u00f6nz\u00e1r\u00f3 t\u00e9gla<br \/>\nAnyaga: M\u0171anyag<br \/>\nM\u0171anyag t\u00edpus: ABS<br \/>\nBricks Blocks: 705 +<br \/>\nEl\u0151v\u00e9tel<\/p>","protected":false},"featured_media":42699,"comment_status":"open","ping_status":"closed","template":"","meta":{"_acf_changed":false},"product_cat":[1350,1357,372,364],"product_tag":[5298,374,389,11501],"class_list":["product","first","instock","shipping-taxable","purchasable","product-type-simple"],"acf":[],"_links":{"self":[{"href":"https:\/\/mouldking.store\/hu\/wp-json\/wp\/v2\/product\/42700","targetHints":{"allow":["GET"]}}],"collection":[{"href":"https:\/\/mouldking.store\/hu\/wp-json\/wp\/v2\/product"}],"about":[{"href":"https:\/\/mouldking.store\/hu\/wp-json\/wp\/v2\/types\/product"}],"replies":[{"embeddable":true,"href":"https:\/\/mouldking.store\/hu\/wp-json\/wp\/v2\/comments?post=42700"}],"wp:featuredmedia":[{"embeddable":true,"href":"https:\/\/mouldking.store\/hu\/wp-json\/wp\/v2\/media\/42699"}],"wp:attachment":[{"href":"https:\/\/mouldking.store\/hu\/wp-json\/wp\/v2\/media?parent=42700"}],"wp:term":[{"taxonomy":"product_cat","embeddable":true,"href":"https:\/\/mouldking.store\/hu\/wp-json\/wp\/v2\/product_cat?post=42700"},{"taxonomy":"product_tag","embeddable":true,"href":"https:\/\/mouldking.store\/hu\/wp-json\/wp\/v2\/product_tag?post=42700"}],"curies":[{"name":"wp","href":"https:\/\/api.w.org\/{rel}","templated":true}]}}