{"id":42715,"date":"2023-03-08T09:32:14","date_gmt":"2023-03-08T02:32:14","guid":{"rendered":"https:\/\/mouldking.store\/shop\/mj-13017-harry-potter-magic-train-with-929-pieces\/"},"modified":"2023-03-08T09:32:14","modified_gmt":"2023-03-08T02:32:14","slug":"mj-13017-harry-potter-magic-train-with-929-pieces","status":"publish","type":"product","link":"https:\/\/mouldking.store\/hu\/shop\/mj-13017-harry-potter-magic-train-with-929-pieces\/","title":{"rendered":"MJ 13017 Harry Potter var\u00e1zsvonat 929 darabbal"},"content":{"rendered":"<div>\u2705 MJI 13017 Harry Potter var\u00e1zsvonat<br \/>&nbsp;<br \/>\u2705A Harry Potter var\u00e1zsvonat, m\u00e1s n\u00e9ven Roxfort Expressz, egy kital\u00e1lt g\u0151zmozdony a Harry Potter reg\u00e9nyek \u00e9s filmek sorozat\u00e1ban. A vonat a londoni King&#039;s Cross p\u00e1lyaudvar \u00e9s a Roxfort Boszork\u00e1ny- \u00e9s Var\u00e1zsl\u00f3iskola k\u00f6zel\u00e9ben tal\u00e1lhat\u00f3 Roxmorts \u00e1llom\u00e1s k\u00f6z\u00f6tt k\u00f6zlekedik.<br \/>&nbsp;<br \/>\ud83d\udeab FONTOS!&nbsp;<br \/>&nbsp;<br \/>Term\u00e9k neve: Harry Potter var\u00e1zsvonat<br \/>&nbsp;<br \/>Kateg\u00f3ria: Film<br \/>&nbsp;<br \/>A k\u00e9szlet tartalma: MJI 13017<br \/>&nbsp;<br \/>929 db J\u00f3 min\u0151s\u00e9g\u0171 t\u00e9gla&nbsp;<br \/>&nbsp;<br \/>K\u00e9zi utas\u00edt\u00e1sok&nbsp;<br \/>&nbsp;<br \/>\ud83d\udcccA f\u0151szerepl\u0151 term\u00e9szete&nbsp;<br \/>&nbsp;<br \/>Bemutatjuk b\u00fcszke \u201eHarry Potter Magic Train\u201d kollekci\u00f3nkat, amit nem szabad kihagyni.&nbsp;<\/p>\n<p>A t\u00f6rt\u00e9netben a Roxfort Expresszt fiatal boszork\u00e1nyok \u00e9s var\u00e1zsl\u00f3k haszn\u00e1lj\u00e1k, hogy minden tan\u00e9v elej\u00e9n a Roxfortba utazzanak. A vonatoz\u00e1s fontos r\u00e9sze Harry Potter var\u00e1zslatos vil\u00e1g\u00e1nak, mivel \u00edgy a di\u00e1kok st\u00edlusosan \u00e9rkezhetnek meg a Roxfortba, \u00e9s megkezdhetik m\u00e1gikus oktat\u00e1sukat.<\/p><\/div>","protected":false},"excerpt":{"rendered":"<p>M\u00e1rka: MJ<br \/>\nNem: Uniszex<br \/>\nKoroszt\u00e1ly: &gt; 12 \u00e9ves<br \/>\nModellsz\u00e1m: 13017<br \/>\nBesorol\u00e1s: \u00d6sszeszerel\u00e9s<br \/>\nM\u0171anyag blokk forma: \u00f6nz\u00e1r\u00f3 t\u00e9gla<br \/>\nAnyaga: M\u0171anyag<br \/>\nM\u0171anyag t\u00edpus: ABS<br \/>\nT\u00e9gla T\u00e9gla: 929 +<br \/>\nEredeti doboza nincs<\/p>","protected":false},"featured_media":42712,"comment_status":"open","ping_status":"closed","template":"","meta":{"_acf_changed":false},"product_cat":[1365,1357,371,581,364,1408],"product_tag":[11072,8452,5724,8858,434,389,300],"class_list":["product","first","instock","shipping-taxable","purchasable","product-type-simple"],"acf":[],"_links":{"self":[{"href":"https:\/\/mouldking.store\/hu\/wp-json\/wp\/v2\/product\/42715","targetHints":{"allow":["GET"]}}],"collection":[{"href":"https:\/\/mouldking.store\/hu\/wp-json\/wp\/v2\/product"}],"about":[{"href":"https:\/\/mouldking.store\/hu\/wp-json\/wp\/v2\/types\/product"}],"replies":[{"embeddable":true,"href":"https:\/\/mouldking.store\/hu\/wp-json\/wp\/v2\/comments?post=42715"}],"wp:featuredmedia":[{"embeddable":true,"href":"https:\/\/mouldking.store\/hu\/wp-json\/wp\/v2\/media\/42712"}],"wp:attachment":[{"href":"https:\/\/mouldking.store\/hu\/wp-json\/wp\/v2\/media?parent=42715"}],"wp:term":[{"taxonomy":"product_cat","embeddable":true,"href":"https:\/\/mouldking.store\/hu\/wp-json\/wp\/v2\/product_cat?post=42715"},{"taxonomy":"product_tag","embeddable":true,"href":"https:\/\/mouldking.store\/hu\/wp-json\/wp\/v2\/product_tag?post=42715"}],"curies":[{"name":"wp","href":"https:\/\/api.w.org\/{rel}","templated":true}]}}