{"id":42729,"date":"2023-03-08T10:08:16","date_gmt":"2023-03-08T03:08:16","guid":{"rendered":"https:\/\/mouldking.store\/shop\/zys-k1-1a-lamborghini-centenario-18-hypercar-with-3789-pieces\/"},"modified":"2023-03-08T10:08:16","modified_gmt":"2023-03-08T03:08:16","slug":"zys-k1-1a-lamborghini-centenario-18-hypercar-with-3789-pieces","status":"publish","type":"product","link":"https:\/\/mouldking.store\/hu\/shop\/zys-k1-1a-lamborghini-centenario-18-hypercar-with-3789-pieces\/","title":{"rendered":"ZYS K1-1A Lamborghini Centenario 1:8 Hypercar 3789 darabbal"},"content":{"rendered":"<div>\u2705 ZYS K1-1A Lamborghini Centenario 1:8 Hypercar<br \/>&nbsp;<br \/>\u2705The Lamborghini Centenario 1:8 Hypercar is a highly detailed scale model replica of the Lamborghini Centenario, a limited-edition supercar produced by the Italian automaker Lamborghini to celebrate the 100th birthday of its founder, Ferruccio Lamborghini.<br \/>&nbsp;<br \/>\ud83d\udeab FONTOS!&nbsp;<br \/>&nbsp;<br \/>Product Name: Lamborghini Centenario 1:8 Hypercar<br \/>&nbsp;<br \/>Category: Tehnic<br \/>&nbsp;<br \/>This Kit Contains: ZYS K1-1A<br \/>&nbsp;<br \/>3789 pcs Good Quality Bricks&nbsp;<br \/>&nbsp;<br \/>Size: 59.5 x 14.4 cm<br \/>&nbsp;<br \/>K\u00e9zi utas\u00edt\u00e1sok&nbsp;<br \/>&nbsp;<br \/>\ud83d\udcccA f\u0151szerepl\u0151 term\u00e9szete&nbsp;<br \/>&nbsp;<br \/>Introducing our proud collection named \u201cLamborghini Centenario 1:8 Hypercar\u201d you should not miss.&nbsp;<br \/>&nbsp;<br \/>The 1:8 scale model is a collectible item that is designed to replicate the details of the full-sized car as closely as possible. It is made of high-quality materials, such as die-cast metal and carbon fiber, and features functional elements like opening doors, hood, and trunk. The interior of the model is also highly detailed, featuring a dashboard with realistic gauges and a steering wheel.<\/div>","protected":false},"excerpt":{"rendered":"<p>M\u00e1rka: ZYS<br \/>\nNem: Uniszex<br \/>\nKoroszt\u00e1ly: &gt; 6 \u00e9v<br \/>\nModel Number: K1-1A<br \/>\nBesorol\u00e1s: \u00d6sszeszerel\u00e9s<br \/>\nM\u0171anyag blokk forma: \u00f6nz\u00e1r\u00f3 t\u00e9gla<br \/>\nAnyaga: M\u0171anyag<br \/>\nM\u0171anyag t\u00edpus: ABS<br \/>\nBricks Blocks: 3789 +<br \/>\nEredeti doboza nincs<\/p>","protected":false},"featured_media":42726,"comment_status":"open","ping_status":"closed","template":"","meta":{"_acf_changed":false},"product_cat":[1360,1357,364],"product_tag":[457,1917,596,389,11080],"class_list":["product","first","instock","shipping-taxable","purchasable","product-type-simple"],"acf":[],"_links":{"self":[{"href":"https:\/\/mouldking.store\/hu\/wp-json\/wp\/v2\/product\/42729","targetHints":{"allow":["GET"]}}],"collection":[{"href":"https:\/\/mouldking.store\/hu\/wp-json\/wp\/v2\/product"}],"about":[{"href":"https:\/\/mouldking.store\/hu\/wp-json\/wp\/v2\/types\/product"}],"replies":[{"embeddable":true,"href":"https:\/\/mouldking.store\/hu\/wp-json\/wp\/v2\/comments?post=42729"}],"wp:featuredmedia":[{"embeddable":true,"href":"https:\/\/mouldking.store\/hu\/wp-json\/wp\/v2\/media\/42726"}],"wp:attachment":[{"href":"https:\/\/mouldking.store\/hu\/wp-json\/wp\/v2\/media?parent=42729"}],"wp:term":[{"taxonomy":"product_cat","embeddable":true,"href":"https:\/\/mouldking.store\/hu\/wp-json\/wp\/v2\/product_cat?post=42729"},{"taxonomy":"product_tag","embeddable":true,"href":"https:\/\/mouldking.store\/hu\/wp-json\/wp\/v2\/product_tag?post=42729"}],"curies":[{"name":"wp","href":"https:\/\/api.w.org\/{rel}","templated":true}]}}