{"id":42746,"date":"2023-03-09T18:10:33","date_gmt":"2023-03-09T11:10:33","guid":{"rendered":"https:\/\/mouldking.store\/shop\/panlosbrick-890006-rilakkuma-little-yellow-chicken-green-with-119-pieces\/"},"modified":"2023-03-09T18:10:33","modified_gmt":"2023-03-09T11:10:33","slug":"panlosbrick-890006-rilakkuma-little-yellow-chicken-green-with-119-pieces","status":"publish","type":"product","link":"https:\/\/mouldking.store\/hu\/shop\/panlosbrick-890006-rilakkuma-little-yellow-chicken-green-with-119-pieces\/","title":{"rendered":"PANLOSBRICK 890006 Rilakkuma: Little Yellow Chicken &#8211; Green with 119 Pieces"},"content":{"rendered":"<div>\u2705 Inbrixx 890006 Rilakkuma: Little Yellow Chicken &#8211; Green<br \/>&nbsp;<br \/>\u2705Rilakkuma: Little Yellow Chicken-Qingqing belongs to the theme series series of building block sets, and the whole set contains 119 building block particles. First release in 2023.<br \/>&nbsp;<br \/>\ud83d\udeab FONTOS!&nbsp;<br \/>&nbsp;<br \/>Product Name: Rilakkuma: Little Yellow Chicken &#8211; Green<br \/>&nbsp;<br \/>Kateg\u00f3ria: Alkot\u00f3&nbsp;<\/p>\n<p>&nbsp;This kit contains: Inbrixx 890006<br \/>&nbsp;<br \/>119 pcs Good Quality Bricks&nbsp;<br \/>&nbsp;<br \/>Size:&nbsp; 6.6 \u00d7 5 \u00d7 6.7 cm<br \/>&nbsp;<br \/>K\u00e9zi utas\u00edt\u00e1sok&nbsp;<br \/>&nbsp;<br \/>\ud83d\udcccA f\u0151szerepl\u0151 term\u00e9szete&nbsp;<br \/>&nbsp;<br \/>Introducing our proud collection named \u201cRilakkuma: Little Yellow Chicken &#8211; Green\u201d you should not miss.&nbsp;<br \/>&nbsp;<br \/>Rilakkuma egy n\u00e9pszer\u0171 karakter Jap\u00e1nban, a San-X alkotta meg 2003-ban. Rilakkuma egy aranyos, b\u00faj\u00f3s mack\u00f3, aki szeret laz\u00edtani \u00e9s laz\u00edtani. Gyakran \u00e1br\u00e1zolj\u00e1k \u00e1csorogva, kedvenc \u00e9teleit \u00e9lvezve, vagy bar\u00e1taival, Korilakkum\u00e1val (egy kisebb, feh\u00e9r maci) \u00e9s Kiiroitorival (s\u00e1rga mad\u00e1r, aki h\u00e1zvezet\u0151n\u0151k\u00e9nt dolgozik) t\u00f6lti az id\u0151t.<\/div>","protected":false},"excerpt":{"rendered":"<p>M\u00e1rka: PANLOSBRICK<br \/>\nNem: Uniszex<br \/>\nKoroszt\u00e1ly: &gt; 6 \u00e9v<br \/>\nModel Number: 890006<br \/>\nBesorol\u00e1s: \u00d6sszeszerel\u00e9s<br \/>\nM\u0171anyag blokk forma: \u00f6nz\u00e1r\u00f3 t\u00e9gla<br \/>\nAnyaga: M\u0171anyag<br \/>\nM\u0171anyag t\u00edpus: ABS<br \/>\nBricks Blocks: 119 +<br \/>\nEl\u0151v\u00e9tel<\/p>","protected":false},"featured_media":42745,"comment_status":"open","ping_status":"closed","template":"","meta":{"_acf_changed":false},"product_cat":[1365,371],"product_tag":[11503,11072,8452],"class_list":["product","first","instock","shipping-taxable","purchasable","product-type-simple"],"acf":[],"_links":{"self":[{"href":"https:\/\/mouldking.store\/hu\/wp-json\/wp\/v2\/product\/42746","targetHints":{"allow":["GET"]}}],"collection":[{"href":"https:\/\/mouldking.store\/hu\/wp-json\/wp\/v2\/product"}],"about":[{"href":"https:\/\/mouldking.store\/hu\/wp-json\/wp\/v2\/types\/product"}],"replies":[{"embeddable":true,"href":"https:\/\/mouldking.store\/hu\/wp-json\/wp\/v2\/comments?post=42746"}],"wp:featuredmedia":[{"embeddable":true,"href":"https:\/\/mouldking.store\/hu\/wp-json\/wp\/v2\/media\/42745"}],"wp:attachment":[{"href":"https:\/\/mouldking.store\/hu\/wp-json\/wp\/v2\/media?parent=42746"}],"wp:term":[{"taxonomy":"product_cat","embeddable":true,"href":"https:\/\/mouldking.store\/hu\/wp-json\/wp\/v2\/product_cat?post=42746"},{"taxonomy":"product_tag","embeddable":true,"href":"https:\/\/mouldking.store\/hu\/wp-json\/wp\/v2\/product_tag?post=42746"}],"curies":[{"name":"wp","href":"https:\/\/api.w.org\/{rel}","templated":true}]}}